{"id":8816,"date":"2021-03-03T14:30:25","date_gmt":"2021-04-01T08:55:53","guid":{"rendered":"https:\/\/www.flavex.com\/produkt\/chia-seed-spanish-sage-co2-to-extract-organic-de-oeko-013-product-nr-165-002\/"},"modified":"2022-08-16T15:32:52","modified_gmt":"2022-08-16T13:32:52","slug":"165_002","status":"publish","type":"product","link":"https:\/\/www.flavex.com\/en\/produkt\/165_002\/","title":{"rendered":"Chia Seed (Spanish Sage) CO2-to extract (organic), DE-\u00d6KO-013 <br>Product-No.: 165.002"},"content":{"rendered":"","protected":false},"excerpt":{"rendered":"<b>Raw Material:<\/b>\r\nSalvia hispanica &#8211; Seeds, dried, from organic farming\r\n\r\n<b>Production:<\/b>\r\nBy supercritical fluid extraction with natural carbon dioxide, no solvent residues, no inorganic salts, no heavy metals, no reproducible microorganisms [1]. The extract is stabilized with FLAVEX Rosemary Antioxidant (organic).\r\n\r\n<b>Ingredients:<\/b>\r\nsee specification\r\n\r\n<b>Application:<\/b>\r\n\r\nChia oil can be used to refine salads or other dishes. However, a daily intake of 2 g should not be exceeded. Chia oil can also be used in mixtures with other fats and oils. Here, however, the proportion of chia oil is limited to a maximum of 10%.*\r\n\r\nChia oil is rich of essential fatty acids mainly linoleic acid and alpha linolenic acid. A daily intake of linoleic acid and alpha linolenic acid reduces the LDL-cholesterol concentrations and helps to maintain a healthy blood cholesterol level [2,3]. Therefore, the use of Chia oil is suitable in food supplements for healthy blood cholesterol level. Furthermore, the extract is useful in food supplements for children, as essential fatty acids like linoleic acid and alpha linolenic acid are important for proper growth and development of children [4]. Chia oil is an approved novel food, whose daily consumption of 2 g must not be exceeded.*\r\n\r\nChia oil is used in skin care products to improve skin elasticity and moisture [5].*\r\n\r\n<b>Literature:<\/b>\r\n[1] P. Manninen, E. H\u00e4iv\u00e4l\u00e4, S. Sarimo, H. Kallio : Distribution of microbes in supercritical CO2 extraction of sea buckthorn (Hippophae rhamnoides) oils : Zeitschrift f\u00fcr Lebensmitteluntersuchung und -Forschung \/ Springerverlag (1997) 204: 202-205\r\n[2] European Food Safety Authority (EFSA) : Opinion on the substantiation of health claims related to alpha-linolenic acid and maintenance of normal blood cholesterol concentrations (ID 493) and maintenance of normal blood pressure (ID 625) pursuant to Article 13(1) of Regulation (EC) No 1924\/2006 : EFSA Journal 2009, 7(9):1252\r\n[3] European Food Safety Authority (EFSA) : Scientific Opinion on the substantiation of health claims related to linoleic acid and maintenance of normal blood cholesterol concentrations (ID 489) pursuant to Article 13(1) of Regulation (EC) No 1924\/2006 : EFSA Journal 2009, 7(9):1276\r\n[4] European Food Safety Authority (EFSA) : Scientific substantiation of a health claim related to \u03b1-linolenic acid and linoleic acid and growth and development of children pursuant to Article 14of Regulation (EC) No 1924\/2006 : The EFSA Journal (2008) 783, 1-9\r\n[5] European Commission Health &amp; Consumers Directorate. : Cosmetic Ingredients and Substances (CosIng\u00ae) Database. : Brussels, Belgium: European Commission.\r\n\r\n&nbsp;","protected":false},"featured_media":7888,"template":"","meta":{"_acf_changed":false},"product_brand":[],"product_cat":[59,60],"product_tag":[],"class_list":{"0":"post-8816","1":"product","2":"type-product","3":"status-publish","4":"has-post-thumbnail","6":"product_cat-all-products","7":"product_cat-bio-product","8":"infinite-scroll-item","10":"first","11":"instock","12":"product-type-simple"},"acf":[],"yoast_head":"<!-- This site is optimized with the Yoast SEO plugin v27.3 - https:\/\/yoast.com\/product\/yoast-seo-wordpress\/ -->\n<title>Chia Seed - FLAVEX Naturextrakte GmbH<\/title>\n<meta name=\"description\" content=\"CO2-Extrakt von FLAVEX Naturextrakte GmbH: Chia Seed (Spanish Sage) CO2-to extract (organic), DE-\u00d6KO-013 Product-No.: 165.002 - jetzt Informieren!\" \/>\n<meta name=\"robots\" content=\"index, follow, max-snippet:-1, max-image-preview:large, max-video-preview:-1\" \/>\n<link rel=\"canonical\" href=\"https:\/\/www.flavex.com\/en\/produkt\/165_002\/\" \/>\n<meta property=\"og:locale\" content=\"en_US\" \/>\n<meta property=\"og:type\" content=\"article\" \/>\n<meta property=\"og:title\" content=\"Chia Seed - FLAVEX Naturextrakte GmbH\" \/>\n<meta property=\"og:description\" content=\"CO2-Extrakt von FLAVEX Naturextrakte GmbH: Chia Seed (Spanish Sage) CO2-to extract (organic), DE-\u00d6KO-013 Product-No.: 165.002 - jetzt Informieren!\" \/>\n<meta property=\"og:url\" content=\"https:\/\/www.flavex.com\/en\/produkt\/165_002\/\" \/>\n<meta property=\"og:site_name\" content=\"FLAVEX Naturextrakte GmbH\" \/>\n<meta property=\"article:modified_time\" content=\"2022-08-16T13:32:52+00:00\" \/>\n<meta property=\"og:image\" content=\"https:\/\/www.flavex.com\/wp-content\/uploads\/2021\/01\/Chiasamen.jpg\" \/>\n\t<meta property=\"og:image:width\" content=\"500\" \/>\n\t<meta property=\"og:image:height\" content=\"500\" \/>\n\t<meta property=\"og:image:type\" content=\"image\/jpeg\" \/>\n<meta name=\"twitter:card\" content=\"summary_large_image\" \/>\n<script type=\"application\/ld+json\" class=\"yoast-schema-graph\">{\"@context\":\"https:\\\/\\\/schema.org\",\"@graph\":[{\"@type\":\"WebPage\",\"@id\":\"https:\\\/\\\/www.flavex.com\\\/en\\\/produkt\\\/165_002\\\/\",\"url\":\"https:\\\/\\\/www.flavex.com\\\/en\\\/produkt\\\/165_002\\\/\",\"name\":\"Chia Seed - FLAVEX Naturextrakte GmbH\",\"isPartOf\":{\"@id\":\"https:\\\/\\\/www.flavex.com\\\/en\\\/#website\"},\"primaryImageOfPage\":{\"@id\":\"https:\\\/\\\/www.flavex.com\\\/en\\\/produkt\\\/165_002\\\/#primaryimage\"},\"image\":{\"@id\":\"https:\\\/\\\/www.flavex.com\\\/en\\\/produkt\\\/165_002\\\/#primaryimage\"},\"thumbnailUrl\":\"https:\\\/\\\/www.flavex.com\\\/wp-content\\\/uploads\\\/2021\\\/01\\\/Chiasamen.jpg\",\"datePublished\":\"2021-04-01T08:55:53+00:00\",\"dateModified\":\"2022-08-16T13:32:52+00:00\",\"description\":\"CO2-Extrakt von FLAVEX Naturextrakte GmbH: Chia Seed (Spanish Sage) CO2-to extract (organic), DE-\u00d6KO-013 Product-No.: 165.002 - jetzt Informieren!\",\"breadcrumb\":{\"@id\":\"https:\\\/\\\/www.flavex.com\\\/en\\\/produkt\\\/165_002\\\/#breadcrumb\"},\"inLanguage\":\"en-US\",\"potentialAction\":[{\"@type\":\"ReadAction\",\"target\":[\"https:\\\/\\\/www.flavex.com\\\/en\\\/produkt\\\/165_002\\\/\"]}]},{\"@type\":\"ImageObject\",\"inLanguage\":\"en-US\",\"@id\":\"https:\\\/\\\/www.flavex.com\\\/en\\\/produkt\\\/165_002\\\/#primaryimage\",\"url\":\"https:\\\/\\\/www.flavex.com\\\/wp-content\\\/uploads\\\/2021\\\/01\\\/Chiasamen.jpg\",\"contentUrl\":\"https:\\\/\\\/www.flavex.com\\\/wp-content\\\/uploads\\\/2021\\\/01\\\/Chiasamen.jpg\",\"width\":500,\"height\":500,\"caption\":\"Chiasamen\"},{\"@type\":\"BreadcrumbList\",\"@id\":\"https:\\\/\\\/www.flavex.com\\\/en\\\/produkt\\\/165_002\\\/#breadcrumb\",\"itemListElement\":[{\"@type\":\"ListItem\",\"position\":1,\"name\":\"Home\",\"item\":\"https:\\\/\\\/www.flavex.com\\\/en\\\/\"},{\"@type\":\"ListItem\",\"position\":2,\"name\":\"Products\",\"item\":\"https:\\\/\\\/www.flavex.com\\\/en\\\/shop\\\/\"},{\"@type\":\"ListItem\",\"position\":3,\"name\":\"Chia Seed (Spanish Sage) CO2-to extract (organic), DE-\u00d6KO-013 Product-No.: 165.002\"}]},{\"@type\":\"WebSite\",\"@id\":\"https:\\\/\\\/www.flavex.com\\\/en\\\/#website\",\"url\":\"https:\\\/\\\/www.flavex.com\\\/en\\\/\",\"name\":\"Flavex Naturextrakte GmbH\",\"description\":\"CO&lt;sub&gt;2&lt;\\\/sub&gt; Extrakte\",\"publisher\":{\"@id\":\"https:\\\/\\\/www.flavex.com\\\/en\\\/#organization\"},\"alternateName\":\"Flavex Naturextrakte GmbH\",\"potentialAction\":[{\"@type\":\"SearchAction\",\"target\":{\"@type\":\"EntryPoint\",\"urlTemplate\":\"https:\\\/\\\/www.flavex.com\\\/en\\\/?s={search_term_string}\"},\"query-input\":{\"@type\":\"PropertyValueSpecification\",\"valueRequired\":true,\"valueName\":\"search_term_string\"}}],\"inLanguage\":\"en-US\"},{\"@type\":\"Organization\",\"@id\":\"https:\\\/\\\/www.flavex.com\\\/en\\\/#organization\",\"name\":\"FLAVEX Naturextrakte GmbH\",\"alternateName\":\"Flavex Naturextrakte GmbH\",\"url\":\"https:\\\/\\\/www.flavex.com\\\/en\\\/\",\"logo\":{\"@type\":\"ImageObject\",\"inLanguage\":\"en-US\",\"@id\":\"https:\\\/\\\/www.flavex.com\\\/en\\\/#\\\/schema\\\/logo\\\/image\\\/\",\"url\":\"https:\\\/\\\/www.flavex.com\\\/wp-content\\\/uploads\\\/2021\\\/01\\\/cropped-logo.png\",\"contentUrl\":\"https:\\\/\\\/www.flavex.com\\\/wp-content\\\/uploads\\\/2021\\\/01\\\/cropped-logo.png\",\"width\":269,\"height\":100,\"caption\":\"FLAVEX Naturextrakte GmbH\"},\"image\":{\"@id\":\"https:\\\/\\\/www.flavex.com\\\/en\\\/#\\\/schema\\\/logo\\\/image\\\/\"}}]}<\/script>\n<!-- \/ Yoast SEO plugin. -->","yoast_head_json":{"title":"Chia Seed - FLAVEX Naturextrakte GmbH","description":"CO2-Extrakt von FLAVEX Naturextrakte GmbH: Chia Seed (Spanish Sage) CO2-to extract (organic), DE-\u00d6KO-013 Product-No.: 165.002 - jetzt Informieren!","robots":{"index":"index","follow":"follow","max-snippet":"max-snippet:-1","max-image-preview":"max-image-preview:large","max-video-preview":"max-video-preview:-1"},"canonical":"https:\/\/www.flavex.com\/en\/produkt\/165_002\/","og_locale":"en_US","og_type":"article","og_title":"Chia Seed - FLAVEX Naturextrakte GmbH","og_description":"CO2-Extrakt von FLAVEX Naturextrakte GmbH: Chia Seed (Spanish Sage) CO2-to extract (organic), DE-\u00d6KO-013 Product-No.: 165.002 - jetzt Informieren!","og_url":"https:\/\/www.flavex.com\/en\/produkt\/165_002\/","og_site_name":"FLAVEX Naturextrakte GmbH","article_modified_time":"2022-08-16T13:32:52+00:00","og_image":[{"width":500,"height":500,"url":"https:\/\/www.flavex.com\/wp-content\/uploads\/2021\/01\/Chiasamen.jpg","type":"image\/jpeg"}],"twitter_card":"summary_large_image","schema":{"@context":"https:\/\/schema.org","@graph":[{"@type":"WebPage","@id":"https:\/\/www.flavex.com\/en\/produkt\/165_002\/","url":"https:\/\/www.flavex.com\/en\/produkt\/165_002\/","name":"Chia Seed - FLAVEX Naturextrakte GmbH","isPartOf":{"@id":"https:\/\/www.flavex.com\/en\/#website"},"primaryImageOfPage":{"@id":"https:\/\/www.flavex.com\/en\/produkt\/165_002\/#primaryimage"},"image":{"@id":"https:\/\/www.flavex.com\/en\/produkt\/165_002\/#primaryimage"},"thumbnailUrl":"https:\/\/www.flavex.com\/wp-content\/uploads\/2021\/01\/Chiasamen.jpg","datePublished":"2021-04-01T08:55:53+00:00","dateModified":"2022-08-16T13:32:52+00:00","description":"CO2-Extrakt von FLAVEX Naturextrakte GmbH: Chia Seed (Spanish Sage) CO2-to extract (organic), DE-\u00d6KO-013 Product-No.: 165.002 - jetzt Informieren!","breadcrumb":{"@id":"https:\/\/www.flavex.com\/en\/produkt\/165_002\/#breadcrumb"},"inLanguage":"en-US","potentialAction":[{"@type":"ReadAction","target":["https:\/\/www.flavex.com\/en\/produkt\/165_002\/"]}]},{"@type":"ImageObject","inLanguage":"en-US","@id":"https:\/\/www.flavex.com\/en\/produkt\/165_002\/#primaryimage","url":"https:\/\/www.flavex.com\/wp-content\/uploads\/2021\/01\/Chiasamen.jpg","contentUrl":"https:\/\/www.flavex.com\/wp-content\/uploads\/2021\/01\/Chiasamen.jpg","width":500,"height":500,"caption":"Chiasamen"},{"@type":"BreadcrumbList","@id":"https:\/\/www.flavex.com\/en\/produkt\/165_002\/#breadcrumb","itemListElement":[{"@type":"ListItem","position":1,"name":"Home","item":"https:\/\/www.flavex.com\/en\/"},{"@type":"ListItem","position":2,"name":"Products","item":"https:\/\/www.flavex.com\/en\/shop\/"},{"@type":"ListItem","position":3,"name":"Chia Seed (Spanish Sage) CO2-to extract (organic), DE-\u00d6KO-013 Product-No.: 165.002"}]},{"@type":"WebSite","@id":"https:\/\/www.flavex.com\/en\/#website","url":"https:\/\/www.flavex.com\/en\/","name":"Flavex Naturextrakte GmbH","description":"CO&lt;sub&gt;2&lt;\/sub&gt; Extrakte","publisher":{"@id":"https:\/\/www.flavex.com\/en\/#organization"},"alternateName":"Flavex Naturextrakte GmbH","potentialAction":[{"@type":"SearchAction","target":{"@type":"EntryPoint","urlTemplate":"https:\/\/www.flavex.com\/en\/?s={search_term_string}"},"query-input":{"@type":"PropertyValueSpecification","valueRequired":true,"valueName":"search_term_string"}}],"inLanguage":"en-US"},{"@type":"Organization","@id":"https:\/\/www.flavex.com\/en\/#organization","name":"FLAVEX Naturextrakte GmbH","alternateName":"Flavex Naturextrakte GmbH","url":"https:\/\/www.flavex.com\/en\/","logo":{"@type":"ImageObject","inLanguage":"en-US","@id":"https:\/\/www.flavex.com\/en\/#\/schema\/logo\/image\/","url":"https:\/\/www.flavex.com\/wp-content\/uploads\/2021\/01\/cropped-logo.png","contentUrl":"https:\/\/www.flavex.com\/wp-content\/uploads\/2021\/01\/cropped-logo.png","width":269,"height":100,"caption":"FLAVEX Naturextrakte GmbH"},"image":{"@id":"https:\/\/www.flavex.com\/en\/#\/schema\/logo\/image\/"}}]}},"_links":{"self":[{"href":"https:\/\/www.flavex.com\/en\/wp-json\/wp\/v2\/product\/8816","targetHints":{"allow":["GET"]}}],"collection":[{"href":"https:\/\/www.flavex.com\/en\/wp-json\/wp\/v2\/product"}],"about":[{"href":"https:\/\/www.flavex.com\/en\/wp-json\/wp\/v2\/types\/product"}],"wp:featuredmedia":[{"embeddable":true,"href":"https:\/\/www.flavex.com\/en\/wp-json\/wp\/v2\/media\/7888"}],"wp:attachment":[{"href":"https:\/\/www.flavex.com\/en\/wp-json\/wp\/v2\/media?parent=8816"}],"wp:term":[{"taxonomy":"product_brand","embeddable":true,"href":"https:\/\/www.flavex.com\/en\/wp-json\/wp\/v2\/product_brand?post=8816"},{"taxonomy":"product_cat","embeddable":true,"href":"https:\/\/www.flavex.com\/en\/wp-json\/wp\/v2\/product_cat?post=8816"},{"taxonomy":"product_tag","embeddable":true,"href":"https:\/\/www.flavex.com\/en\/wp-json\/wp\/v2\/product_tag?post=8816"}],"curies":[{"name":"wp","href":"https:\/\/api.w.org\/{rel}","templated":true}]}}