{"id":8824,"date":"2021-03-03T14:29:36","date_gmt":"2021-04-01T08:55:53","guid":{"rendered":"https:\/\/www.flavex.com\/produkt\/sage-antioxidant-extract-35-organic-de-oeko-013-product-nr-063-018\/"},"modified":"2023-05-17T16:55:42","modified_gmt":"2023-05-17T14:55:42","slug":"063_018","status":"publish","type":"product","link":"https:\/\/www.flavex.com\/en\/produkt\/063_018\/","title":{"rendered":"Sage Antioxidant extract 35 (organic), DE-\u00d6KO-013 <br>Product-No.: 063.018"},"content":{"rendered":"","protected":false},"excerpt":{"rendered":"<b>Raw Material:<\/b>\r\nSalvia triloba (syn. fruticosa) &#8211; Leaves, dried, from organic farming\r\n\r\n<b>Production:<\/b>\r\nBy supercritical fluid extraction with natural carbon dioxide with addition of a small amount of ethanol (organic) as entrainer, no inorganic salts, no heavy metals, no reproducible microorganisms [1]. The CO2-extract is standardised with pure sunflower oil (organic).\r\n\r\n<b>Ingredients:<\/b>\r\nsee specification\r\n\r\n<b>Application:<\/b>\r\nDue to the diterpenes carnosol and carnosic acid content, the extract has antioxidant and antimicrobial properties [2,3].*\r\n\r\nSage extract has a characteristic flavour, which suits well to meat and poultry products. The use as spice extract in other foods is also possible.*\r\n\r\nIt can also be used as a flavouring component in food supplements.*\r\n\r\nThe antioxidant carnosic acid contained in the extract can reduce oxidative changes in skin surface lipids when applied to the skin. Therefore the product is suitable as an ingredient in cosmetic skin care products, especially in anti-aging products [2].*\r\n\r\n<b>Literature:<\/b>\r\n[1] P. Manninen, E. H\u00e4iv\u00e4l\u00e4, S. Sarimo, H. Kallio : Distribution of microbes in supercritical CO2 extraction of sea buckthorn (Hippophae rhamnoides) oils : Zeitschrift f\u00fcr Lebensmitteluntersuchung und -Forschung \/ Springerverlag (1997) 204: 202-205\r\n[2] Simona Birtic, Pierre Dussort, Fran\u00e7ois-Xavier Pierre, Antoine C. Bily, Marc Roller : Carnosic acid : Phytochemistry 115 (2015) 9\u201319\r\n[3] Edwin N. Frankel, Shu-Wen Huang Robert Aeschbach and Elizabeth Prior : Antioxidant Activity of a Rosemary Extract and Its Constituents,Carnosic Acid, Carnosol, and Rosmarinic Acid, in Bulk Oil and Oil-in-Water Emulsion : J. Agric. Food Chem. 1996, 44, 131-135\r\n\r\n&nbsp;","protected":false},"featured_media":29113,"template":"","meta":{"_acf_changed":false},"product_brand":[],"product_cat":[59,121,118,123,119,60,131,128,130,127,134,133,132],"product_tag":[],"class_list":{"0":"post-8824","1":"product","2":"type-product","3":"status-publish","4":"has-post-thumbnail","6":"product_cat-all-products","7":"product_cat-anti-aging-en","8":"product_cat-anti-inflammatory","9":"product_cat-antimicrobial","10":"product_cat-antioxidant","11":"product_cat-bio-product","12":"product_cat-cosmetic-preservation","13":"product_cat-hair-care","14":"product_cat-lip-care","15":"product_cat-men-care","16":"product_cat-oral-care","17":"product_cat-soap","18":"product_cat-sun-care","19":"infinite-scroll-item","21":"first","22":"instock","23":"product-type-simple"},"acf":[],"yoast_head":"<!-- This site is optimized with the Yoast SEO plugin v27.3 - https:\/\/yoast.com\/product\/yoast-seo-wordpress\/ -->\n<title>Sage Antioxidant - FLAVEX Naturextrakte GmbH<\/title>\n<meta name=\"description\" content=\"CO2-Extrakt von FLAVEX Naturextrakte GmbH: Sage Antioxidant extract 35 (organic), DE-\u00d6KO-013 Product-No.: 063.018 - jetzt Informieren!\" \/>\n<meta name=\"robots\" content=\"index, follow, max-snippet:-1, max-image-preview:large, max-video-preview:-1\" \/>\n<link rel=\"canonical\" href=\"https:\/\/www.flavex.com\/en\/produkt\/063_018\/\" \/>\n<meta property=\"og:locale\" content=\"en_US\" \/>\n<meta property=\"og:type\" content=\"article\" \/>\n<meta property=\"og:title\" content=\"Sage Antioxidant - FLAVEX Naturextrakte GmbH\" \/>\n<meta property=\"og:description\" content=\"CO2-Extrakt von FLAVEX Naturextrakte GmbH: Sage Antioxidant extract 35 (organic), DE-\u00d6KO-013 Product-No.: 063.018 - jetzt Informieren!\" \/>\n<meta property=\"og:url\" content=\"https:\/\/www.flavex.com\/en\/produkt\/063_018\/\" \/>\n<meta property=\"og:site_name\" content=\"FLAVEX Naturextrakte GmbH\" \/>\n<meta property=\"article:modified_time\" content=\"2023-05-17T14:55:42+00:00\" \/>\n<meta property=\"og:image\" content=\"https:\/\/www.flavex.com\/wp-content\/uploads\/2021\/03\/Salbei-AO-35-BIO.png\" \/>\n\t<meta property=\"og:image:width\" content=\"800\" \/>\n\t<meta property=\"og:image:height\" content=\"600\" \/>\n\t<meta property=\"og:image:type\" content=\"image\/png\" \/>\n<meta name=\"twitter:card\" content=\"summary_large_image\" \/>\n<script type=\"application\/ld+json\" class=\"yoast-schema-graph\">{\"@context\":\"https:\\\/\\\/schema.org\",\"@graph\":[{\"@type\":\"WebPage\",\"@id\":\"https:\\\/\\\/www.flavex.com\\\/en\\\/produkt\\\/063_018\\\/\",\"url\":\"https:\\\/\\\/www.flavex.com\\\/en\\\/produkt\\\/063_018\\\/\",\"name\":\"Sage Antioxidant - FLAVEX Naturextrakte GmbH\",\"isPartOf\":{\"@id\":\"https:\\\/\\\/www.flavex.com\\\/en\\\/#website\"},\"primaryImageOfPage\":{\"@id\":\"https:\\\/\\\/www.flavex.com\\\/en\\\/produkt\\\/063_018\\\/#primaryimage\"},\"image\":{\"@id\":\"https:\\\/\\\/www.flavex.com\\\/en\\\/produkt\\\/063_018\\\/#primaryimage\"},\"thumbnailUrl\":\"https:\\\/\\\/www.flavex.com\\\/wp-content\\\/uploads\\\/2021\\\/03\\\/Salbei-AO-35-BIO.png\",\"datePublished\":\"2021-04-01T08:55:53+00:00\",\"dateModified\":\"2023-05-17T14:55:42+00:00\",\"description\":\"CO2-Extrakt von FLAVEX Naturextrakte GmbH: Sage Antioxidant extract 35 (organic), DE-\u00d6KO-013 Product-No.: 063.018 - jetzt Informieren!\",\"breadcrumb\":{\"@id\":\"https:\\\/\\\/www.flavex.com\\\/en\\\/produkt\\\/063_018\\\/#breadcrumb\"},\"inLanguage\":\"en-US\",\"potentialAction\":[{\"@type\":\"ReadAction\",\"target\":[\"https:\\\/\\\/www.flavex.com\\\/en\\\/produkt\\\/063_018\\\/\"]}]},{\"@type\":\"ImageObject\",\"inLanguage\":\"en-US\",\"@id\":\"https:\\\/\\\/www.flavex.com\\\/en\\\/produkt\\\/063_018\\\/#primaryimage\",\"url\":\"https:\\\/\\\/www.flavex.com\\\/wp-content\\\/uploads\\\/2021\\\/03\\\/Salbei-AO-35-BIO.png\",\"contentUrl\":\"https:\\\/\\\/www.flavex.com\\\/wp-content\\\/uploads\\\/2021\\\/03\\\/Salbei-AO-35-BIO.png\",\"width\":800,\"height\":600,\"caption\":\"Salbei Antioxidans Extrakt 35 BIO\"},{\"@type\":\"BreadcrumbList\",\"@id\":\"https:\\\/\\\/www.flavex.com\\\/en\\\/produkt\\\/063_018\\\/#breadcrumb\",\"itemListElement\":[{\"@type\":\"ListItem\",\"position\":1,\"name\":\"Home\",\"item\":\"https:\\\/\\\/www.flavex.com\\\/en\\\/\"},{\"@type\":\"ListItem\",\"position\":2,\"name\":\"Products\",\"item\":\"https:\\\/\\\/www.flavex.com\\\/en\\\/shop\\\/\"},{\"@type\":\"ListItem\",\"position\":3,\"name\":\"Sage Antioxidant extract 35 (organic), DE-\u00d6KO-013 Product-No.: 063.018\"}]},{\"@type\":\"WebSite\",\"@id\":\"https:\\\/\\\/www.flavex.com\\\/en\\\/#website\",\"url\":\"https:\\\/\\\/www.flavex.com\\\/en\\\/\",\"name\":\"Flavex Naturextrakte GmbH\",\"description\":\"CO&lt;sub&gt;2&lt;\\\/sub&gt; Extrakte\",\"publisher\":{\"@id\":\"https:\\\/\\\/www.flavex.com\\\/en\\\/#organization\"},\"alternateName\":\"Flavex Naturextrakte GmbH\",\"potentialAction\":[{\"@type\":\"SearchAction\",\"target\":{\"@type\":\"EntryPoint\",\"urlTemplate\":\"https:\\\/\\\/www.flavex.com\\\/en\\\/?s={search_term_string}\"},\"query-input\":{\"@type\":\"PropertyValueSpecification\",\"valueRequired\":true,\"valueName\":\"search_term_string\"}}],\"inLanguage\":\"en-US\"},{\"@type\":\"Organization\",\"@id\":\"https:\\\/\\\/www.flavex.com\\\/en\\\/#organization\",\"name\":\"FLAVEX Naturextrakte GmbH\",\"alternateName\":\"Flavex Naturextrakte GmbH\",\"url\":\"https:\\\/\\\/www.flavex.com\\\/en\\\/\",\"logo\":{\"@type\":\"ImageObject\",\"inLanguage\":\"en-US\",\"@id\":\"https:\\\/\\\/www.flavex.com\\\/en\\\/#\\\/schema\\\/logo\\\/image\\\/\",\"url\":\"https:\\\/\\\/www.flavex.com\\\/wp-content\\\/uploads\\\/2021\\\/01\\\/cropped-logo.png\",\"contentUrl\":\"https:\\\/\\\/www.flavex.com\\\/wp-content\\\/uploads\\\/2021\\\/01\\\/cropped-logo.png\",\"width\":269,\"height\":100,\"caption\":\"FLAVEX Naturextrakte GmbH\"},\"image\":{\"@id\":\"https:\\\/\\\/www.flavex.com\\\/en\\\/#\\\/schema\\\/logo\\\/image\\\/\"}}]}<\/script>\n<!-- \/ Yoast SEO plugin. -->","yoast_head_json":{"title":"Sage Antioxidant - FLAVEX Naturextrakte GmbH","description":"CO2-Extrakt von FLAVEX Naturextrakte GmbH: Sage Antioxidant extract 35 (organic), DE-\u00d6KO-013 Product-No.: 063.018 - jetzt Informieren!","robots":{"index":"index","follow":"follow","max-snippet":"max-snippet:-1","max-image-preview":"max-image-preview:large","max-video-preview":"max-video-preview:-1"},"canonical":"https:\/\/www.flavex.com\/en\/produkt\/063_018\/","og_locale":"en_US","og_type":"article","og_title":"Sage Antioxidant - FLAVEX Naturextrakte GmbH","og_description":"CO2-Extrakt von FLAVEX Naturextrakte GmbH: Sage Antioxidant extract 35 (organic), DE-\u00d6KO-013 Product-No.: 063.018 - jetzt Informieren!","og_url":"https:\/\/www.flavex.com\/en\/produkt\/063_018\/","og_site_name":"FLAVEX Naturextrakte GmbH","article_modified_time":"2023-05-17T14:55:42+00:00","og_image":[{"width":800,"height":600,"url":"https:\/\/www.flavex.com\/wp-content\/uploads\/2021\/03\/Salbei-AO-35-BIO.png","type":"image\/png"}],"twitter_card":"summary_large_image","schema":{"@context":"https:\/\/schema.org","@graph":[{"@type":"WebPage","@id":"https:\/\/www.flavex.com\/en\/produkt\/063_018\/","url":"https:\/\/www.flavex.com\/en\/produkt\/063_018\/","name":"Sage Antioxidant - FLAVEX Naturextrakte GmbH","isPartOf":{"@id":"https:\/\/www.flavex.com\/en\/#website"},"primaryImageOfPage":{"@id":"https:\/\/www.flavex.com\/en\/produkt\/063_018\/#primaryimage"},"image":{"@id":"https:\/\/www.flavex.com\/en\/produkt\/063_018\/#primaryimage"},"thumbnailUrl":"https:\/\/www.flavex.com\/wp-content\/uploads\/2021\/03\/Salbei-AO-35-BIO.png","datePublished":"2021-04-01T08:55:53+00:00","dateModified":"2023-05-17T14:55:42+00:00","description":"CO2-Extrakt von FLAVEX Naturextrakte GmbH: Sage Antioxidant extract 35 (organic), DE-\u00d6KO-013 Product-No.: 063.018 - jetzt Informieren!","breadcrumb":{"@id":"https:\/\/www.flavex.com\/en\/produkt\/063_018\/#breadcrumb"},"inLanguage":"en-US","potentialAction":[{"@type":"ReadAction","target":["https:\/\/www.flavex.com\/en\/produkt\/063_018\/"]}]},{"@type":"ImageObject","inLanguage":"en-US","@id":"https:\/\/www.flavex.com\/en\/produkt\/063_018\/#primaryimage","url":"https:\/\/www.flavex.com\/wp-content\/uploads\/2021\/03\/Salbei-AO-35-BIO.png","contentUrl":"https:\/\/www.flavex.com\/wp-content\/uploads\/2021\/03\/Salbei-AO-35-BIO.png","width":800,"height":600,"caption":"Salbei Antioxidans Extrakt 35 BIO"},{"@type":"BreadcrumbList","@id":"https:\/\/www.flavex.com\/en\/produkt\/063_018\/#breadcrumb","itemListElement":[{"@type":"ListItem","position":1,"name":"Home","item":"https:\/\/www.flavex.com\/en\/"},{"@type":"ListItem","position":2,"name":"Products","item":"https:\/\/www.flavex.com\/en\/shop\/"},{"@type":"ListItem","position":3,"name":"Sage Antioxidant extract 35 (organic), DE-\u00d6KO-013 Product-No.: 063.018"}]},{"@type":"WebSite","@id":"https:\/\/www.flavex.com\/en\/#website","url":"https:\/\/www.flavex.com\/en\/","name":"Flavex Naturextrakte GmbH","description":"CO&lt;sub&gt;2&lt;\/sub&gt; Extrakte","publisher":{"@id":"https:\/\/www.flavex.com\/en\/#organization"},"alternateName":"Flavex Naturextrakte GmbH","potentialAction":[{"@type":"SearchAction","target":{"@type":"EntryPoint","urlTemplate":"https:\/\/www.flavex.com\/en\/?s={search_term_string}"},"query-input":{"@type":"PropertyValueSpecification","valueRequired":true,"valueName":"search_term_string"}}],"inLanguage":"en-US"},{"@type":"Organization","@id":"https:\/\/www.flavex.com\/en\/#organization","name":"FLAVEX Naturextrakte GmbH","alternateName":"Flavex Naturextrakte GmbH","url":"https:\/\/www.flavex.com\/en\/","logo":{"@type":"ImageObject","inLanguage":"en-US","@id":"https:\/\/www.flavex.com\/en\/#\/schema\/logo\/image\/","url":"https:\/\/www.flavex.com\/wp-content\/uploads\/2021\/01\/cropped-logo.png","contentUrl":"https:\/\/www.flavex.com\/wp-content\/uploads\/2021\/01\/cropped-logo.png","width":269,"height":100,"caption":"FLAVEX Naturextrakte GmbH"},"image":{"@id":"https:\/\/www.flavex.com\/en\/#\/schema\/logo\/image\/"}}]}},"_links":{"self":[{"href":"https:\/\/www.flavex.com\/en\/wp-json\/wp\/v2\/product\/8824","targetHints":{"allow":["GET"]}}],"collection":[{"href":"https:\/\/www.flavex.com\/en\/wp-json\/wp\/v2\/product"}],"about":[{"href":"https:\/\/www.flavex.com\/en\/wp-json\/wp\/v2\/types\/product"}],"wp:featuredmedia":[{"embeddable":true,"href":"https:\/\/www.flavex.com\/en\/wp-json\/wp\/v2\/media\/29113"}],"wp:attachment":[{"href":"https:\/\/www.flavex.com\/en\/wp-json\/wp\/v2\/media?parent=8824"}],"wp:term":[{"taxonomy":"product_brand","embeddable":true,"href":"https:\/\/www.flavex.com\/en\/wp-json\/wp\/v2\/product_brand?post=8824"},{"taxonomy":"product_cat","embeddable":true,"href":"https:\/\/www.flavex.com\/en\/wp-json\/wp\/v2\/product_cat?post=8824"},{"taxonomy":"product_tag","embeddable":true,"href":"https:\/\/www.flavex.com\/en\/wp-json\/wp\/v2\/product_tag?post=8824"}],"curies":[{"name":"wp","href":"https:\/\/api.w.org\/{rel}","templated":true}]}}