{"id":8892,"date":"2021-03-03T14:30:25","date_gmt":"2021-04-01T08:56:22","guid":{"rendered":"https:\/\/www.flavex.com\/produkt\/rosehip-seed-co2-to-extract-organic-de-oeko-013-product-nr-046-004\/"},"modified":"2023-05-17T16:34:35","modified_gmt":"2023-05-17T14:34:35","slug":"046_004","status":"publish","type":"product","link":"https:\/\/www.flavex.com\/en\/produkt\/046_004\/","title":{"rendered":"Rosehip Seed CO2-to extract (organic), DE-\u00d6KO-013 <br>Product-No.: 046.004"},"content":{"rendered":"","protected":false},"excerpt":{"rendered":"<b>Raw Material:<\/b>\r\nRosa canina &#8211; Seeds, dried, from organic farming\r\n\r\n<b>Production:<\/b>\r\nBy supercritical CO2 extraction under use of natural carbon dioxide. The product contains no residues, no inorganic salts, no heavy metals, no reproducible microorganisms [1]. The extract is stabilized with FLAVEX Rosemary Antioxidant (organic).\r\n\r\n<b>Ingredients:<\/b>\r\nsee specification\r\n\r\n<b>Application:<\/b>\r\nRosehip seeds are used in folk medicine for diseases and complaints in the kidney area and as a diuretic. However, their effectiveness has not been proven [2].*\r\n\r\nRosehips are used mainly for the production of jams, juices, compotes or desserts. The extract is also well suited for refining salad dressings and sauces.*\r\n\r\nDue to its high content of essential fatty acids such as linoleic acid, alpha-linolenic acid and oleic acid, a daily intake of rose hip seed extract can contribute to a healthy blood cholesterol level [3,4]. The intake of essential fatty acids is also important for the prevention of chronic diseases such as coronary heart disease and cancer. The extract also contains natural antioxidants, which also have preventive properties against chronic diseases [5].*\r\n\r\nDue to its content of unsaturated fatty acids and natural antioxidants such as tocopherols and carotenoids, rosehip seed extract acts as a natural skin care product, moisturizer and anti-aging agent. The extract is also useful for the care of scars and imparts smoothness to skin [6].*\r\n\r\n<b>Literature:<\/b>\r\n[1] P. Manninen, E. H\u00e4iv\u00e4l\u00e4, S. Sarimo, H. Kallio : Distribution of microbes in supercritical CO2 extraction of sea buckthorn (Hippophae rhamnoides) oils : Zeitschrift f\u00fcr Lebensmitteluntersuchung und -Forschung \/ Springerverlag (1997) 204: 202-205\r\n[2] F.C. Czygan, D. Frohne, Chr. H\u00f6ltzel, A. Nagell, P. Pacha\u00f6y, H.J. Pf\u00e4nder, M. Wichtl, g. Willhuhn, W. Buff : Teedrogen und Phytopharmaka, 3. Auflage. : Stuttgart: Wissenschaftliche Verlagsgesellschaft GmbH 1997\r\n[3] European Food Safety Authority (EFSA) : Opinion on the substantiation of health claims related to alpha-linolenic acid and maintenance of normal blood cholesterol concentrations (ID 493) and maintenance of normal blood pressure (ID 625) pursuant to Article 13(1) of Regulation (EC) No 1924\/2006 : EFSA Journal 2009, 7(9):1252\r\n[4] European Food Safety Authority (EFSA) : Scientific Opinion on the substantiation of health claims related to linoleic acid and maintenance of normal blood cholesterol concentrations (ID 489) pursuant to Article 13(1) of Regulation (EC) No 1924\/2006 : EFSA Journal 2009, 7(9):1276\r\n[5] Huri Ilyaso\u011flu (2014) : Characterization of Rosehip (Rosa canina L.) Seed and Seed Oil : International Journal of Food Properties, 17:7, 1591-1598\r\n[6] Ahmad, N., Anwar, F., Gilani, A.U., 2016 : Rose Hip (Rosa canina L.) Oils : In: Preedy, V.R. (Ed.), Essential Oils in Food Preservation, Flavor and Safety. Academic Press, 667\u2013675. Copyright \u00a9 2016 Elsevier Inc.","protected":false},"featured_media":7911,"template":"","meta":{"_acf_changed":false},"product_brand":[],"product_cat":[59,121,119,60,128,130,126,129,133,132,120],"product_tag":[],"class_list":{"0":"post-8892","1":"product","2":"type-product","3":"status-publish","4":"has-post-thumbnail","6":"product_cat-all-products","7":"product_cat-anti-aging-en","8":"product_cat-antioxidant","9":"product_cat-bio-product","10":"product_cat-hair-care","11":"product_cat-lip-care","12":"product_cat-regenerating","13":"product_cat-skin-care","14":"product_cat-soap","15":"product_cat-sun-care","16":"product_cat-wrinkle-treatment","17":"infinite-scroll-item","19":"first","20":"instock","21":"product-type-simple"},"acf":[],"yoast_head":"<!-- This site is optimized with the Yoast SEO plugin v27.3 - https:\/\/yoast.com\/product\/yoast-seo-wordpress\/ -->\n<title>Rosehip Seed - FLAVEX Naturextrakte GmbH<\/title>\n<meta name=\"description\" content=\"CO2-Extrakt von FLAVEX Naturextrakte GmbH: Rosehip Seed CO2-to extract (organic), DE-\u00d6KO-013 Product-No.: 046.004 - jetzt Informieren!\" \/>\n<meta name=\"robots\" content=\"index, follow, max-snippet:-1, max-image-preview:large, max-video-preview:-1\" \/>\n<link rel=\"canonical\" href=\"https:\/\/www.flavex.com\/en\/produkt\/046_004\/\" \/>\n<meta property=\"og:locale\" content=\"en_US\" \/>\n<meta property=\"og:type\" content=\"article\" \/>\n<meta property=\"og:title\" content=\"Rosehip Seed - FLAVEX Naturextrakte GmbH\" \/>\n<meta property=\"og:description\" content=\"CO2-Extrakt von FLAVEX Naturextrakte GmbH: Rosehip Seed CO2-to extract (organic), DE-\u00d6KO-013 Product-No.: 046.004 - jetzt Informieren!\" \/>\n<meta property=\"og:url\" content=\"https:\/\/www.flavex.com\/en\/produkt\/046_004\/\" \/>\n<meta property=\"og:site_name\" content=\"FLAVEX Naturextrakte GmbH\" \/>\n<meta property=\"article:modified_time\" content=\"2023-05-17T14:34:35+00:00\" \/>\n<meta property=\"og:image\" content=\"https:\/\/www.flavex.com\/wp-content\/uploads\/2021\/01\/Hagebuttensamen.jpg\" \/>\n\t<meta property=\"og:image:width\" content=\"500\" \/>\n\t<meta property=\"og:image:height\" content=\"500\" \/>\n\t<meta property=\"og:image:type\" content=\"image\/jpeg\" \/>\n<meta name=\"twitter:card\" content=\"summary_large_image\" \/>\n<script type=\"application\/ld+json\" class=\"yoast-schema-graph\">{\"@context\":\"https:\\\/\\\/schema.org\",\"@graph\":[{\"@type\":\"WebPage\",\"@id\":\"https:\\\/\\\/www.flavex.com\\\/en\\\/produkt\\\/046_004\\\/\",\"url\":\"https:\\\/\\\/www.flavex.com\\\/en\\\/produkt\\\/046_004\\\/\",\"name\":\"Rosehip Seed - FLAVEX Naturextrakte GmbH\",\"isPartOf\":{\"@id\":\"https:\\\/\\\/www.flavex.com\\\/en\\\/#website\"},\"primaryImageOfPage\":{\"@id\":\"https:\\\/\\\/www.flavex.com\\\/en\\\/produkt\\\/046_004\\\/#primaryimage\"},\"image\":{\"@id\":\"https:\\\/\\\/www.flavex.com\\\/en\\\/produkt\\\/046_004\\\/#primaryimage\"},\"thumbnailUrl\":\"https:\\\/\\\/www.flavex.com\\\/wp-content\\\/uploads\\\/2021\\\/01\\\/Hagebuttensamen.jpg\",\"datePublished\":\"2021-04-01T08:56:22+00:00\",\"dateModified\":\"2023-05-17T14:34:35+00:00\",\"description\":\"CO2-Extrakt von FLAVEX Naturextrakte GmbH: Rosehip Seed CO2-to extract (organic), DE-\u00d6KO-013 Product-No.: 046.004 - jetzt Informieren!\",\"breadcrumb\":{\"@id\":\"https:\\\/\\\/www.flavex.com\\\/en\\\/produkt\\\/046_004\\\/#breadcrumb\"},\"inLanguage\":\"en-US\",\"potentialAction\":[{\"@type\":\"ReadAction\",\"target\":[\"https:\\\/\\\/www.flavex.com\\\/en\\\/produkt\\\/046_004\\\/\"]}]},{\"@type\":\"ImageObject\",\"inLanguage\":\"en-US\",\"@id\":\"https:\\\/\\\/www.flavex.com\\\/en\\\/produkt\\\/046_004\\\/#primaryimage\",\"url\":\"https:\\\/\\\/www.flavex.com\\\/wp-content\\\/uploads\\\/2021\\\/01\\\/Hagebuttensamen.jpg\",\"contentUrl\":\"https:\\\/\\\/www.flavex.com\\\/wp-content\\\/uploads\\\/2021\\\/01\\\/Hagebuttensamen.jpg\",\"width\":500,\"height\":500,\"caption\":\"Hagebuttensamen\"},{\"@type\":\"BreadcrumbList\",\"@id\":\"https:\\\/\\\/www.flavex.com\\\/en\\\/produkt\\\/046_004\\\/#breadcrumb\",\"itemListElement\":[{\"@type\":\"ListItem\",\"position\":1,\"name\":\"Home\",\"item\":\"https:\\\/\\\/www.flavex.com\\\/en\\\/\"},{\"@type\":\"ListItem\",\"position\":2,\"name\":\"Products\",\"item\":\"https:\\\/\\\/www.flavex.com\\\/en\\\/shop\\\/\"},{\"@type\":\"ListItem\",\"position\":3,\"name\":\"Rosehip Seed CO2-to extract (organic), DE-\u00d6KO-013 Product-No.: 046.004\"}]},{\"@type\":\"WebSite\",\"@id\":\"https:\\\/\\\/www.flavex.com\\\/en\\\/#website\",\"url\":\"https:\\\/\\\/www.flavex.com\\\/en\\\/\",\"name\":\"Flavex Naturextrakte GmbH\",\"description\":\"CO&lt;sub&gt;2&lt;\\\/sub&gt; Extrakte\",\"publisher\":{\"@id\":\"https:\\\/\\\/www.flavex.com\\\/en\\\/#organization\"},\"alternateName\":\"Flavex Naturextrakte GmbH\",\"potentialAction\":[{\"@type\":\"SearchAction\",\"target\":{\"@type\":\"EntryPoint\",\"urlTemplate\":\"https:\\\/\\\/www.flavex.com\\\/en\\\/?s={search_term_string}\"},\"query-input\":{\"@type\":\"PropertyValueSpecification\",\"valueRequired\":true,\"valueName\":\"search_term_string\"}}],\"inLanguage\":\"en-US\"},{\"@type\":\"Organization\",\"@id\":\"https:\\\/\\\/www.flavex.com\\\/en\\\/#organization\",\"name\":\"FLAVEX Naturextrakte GmbH\",\"alternateName\":\"Flavex Naturextrakte GmbH\",\"url\":\"https:\\\/\\\/www.flavex.com\\\/en\\\/\",\"logo\":{\"@type\":\"ImageObject\",\"inLanguage\":\"en-US\",\"@id\":\"https:\\\/\\\/www.flavex.com\\\/en\\\/#\\\/schema\\\/logo\\\/image\\\/\",\"url\":\"https:\\\/\\\/www.flavex.com\\\/wp-content\\\/uploads\\\/2021\\\/01\\\/cropped-logo.png\",\"contentUrl\":\"https:\\\/\\\/www.flavex.com\\\/wp-content\\\/uploads\\\/2021\\\/01\\\/cropped-logo.png\",\"width\":269,\"height\":100,\"caption\":\"FLAVEX Naturextrakte GmbH\"},\"image\":{\"@id\":\"https:\\\/\\\/www.flavex.com\\\/en\\\/#\\\/schema\\\/logo\\\/image\\\/\"}}]}<\/script>\n<!-- \/ Yoast SEO plugin. -->","yoast_head_json":{"title":"Rosehip Seed - FLAVEX Naturextrakte GmbH","description":"CO2-Extrakt von FLAVEX Naturextrakte GmbH: Rosehip Seed CO2-to extract (organic), DE-\u00d6KO-013 Product-No.: 046.004 - jetzt Informieren!","robots":{"index":"index","follow":"follow","max-snippet":"max-snippet:-1","max-image-preview":"max-image-preview:large","max-video-preview":"max-video-preview:-1"},"canonical":"https:\/\/www.flavex.com\/en\/produkt\/046_004\/","og_locale":"en_US","og_type":"article","og_title":"Rosehip Seed - FLAVEX Naturextrakte GmbH","og_description":"CO2-Extrakt von FLAVEX Naturextrakte GmbH: Rosehip Seed CO2-to extract (organic), DE-\u00d6KO-013 Product-No.: 046.004 - jetzt Informieren!","og_url":"https:\/\/www.flavex.com\/en\/produkt\/046_004\/","og_site_name":"FLAVEX Naturextrakte GmbH","article_modified_time":"2023-05-17T14:34:35+00:00","og_image":[{"width":500,"height":500,"url":"https:\/\/www.flavex.com\/wp-content\/uploads\/2021\/01\/Hagebuttensamen.jpg","type":"image\/jpeg"}],"twitter_card":"summary_large_image","schema":{"@context":"https:\/\/schema.org","@graph":[{"@type":"WebPage","@id":"https:\/\/www.flavex.com\/en\/produkt\/046_004\/","url":"https:\/\/www.flavex.com\/en\/produkt\/046_004\/","name":"Rosehip Seed - FLAVEX Naturextrakte GmbH","isPartOf":{"@id":"https:\/\/www.flavex.com\/en\/#website"},"primaryImageOfPage":{"@id":"https:\/\/www.flavex.com\/en\/produkt\/046_004\/#primaryimage"},"image":{"@id":"https:\/\/www.flavex.com\/en\/produkt\/046_004\/#primaryimage"},"thumbnailUrl":"https:\/\/www.flavex.com\/wp-content\/uploads\/2021\/01\/Hagebuttensamen.jpg","datePublished":"2021-04-01T08:56:22+00:00","dateModified":"2023-05-17T14:34:35+00:00","description":"CO2-Extrakt von FLAVEX Naturextrakte GmbH: Rosehip Seed CO2-to extract (organic), DE-\u00d6KO-013 Product-No.: 046.004 - jetzt Informieren!","breadcrumb":{"@id":"https:\/\/www.flavex.com\/en\/produkt\/046_004\/#breadcrumb"},"inLanguage":"en-US","potentialAction":[{"@type":"ReadAction","target":["https:\/\/www.flavex.com\/en\/produkt\/046_004\/"]}]},{"@type":"ImageObject","inLanguage":"en-US","@id":"https:\/\/www.flavex.com\/en\/produkt\/046_004\/#primaryimage","url":"https:\/\/www.flavex.com\/wp-content\/uploads\/2021\/01\/Hagebuttensamen.jpg","contentUrl":"https:\/\/www.flavex.com\/wp-content\/uploads\/2021\/01\/Hagebuttensamen.jpg","width":500,"height":500,"caption":"Hagebuttensamen"},{"@type":"BreadcrumbList","@id":"https:\/\/www.flavex.com\/en\/produkt\/046_004\/#breadcrumb","itemListElement":[{"@type":"ListItem","position":1,"name":"Home","item":"https:\/\/www.flavex.com\/en\/"},{"@type":"ListItem","position":2,"name":"Products","item":"https:\/\/www.flavex.com\/en\/shop\/"},{"@type":"ListItem","position":3,"name":"Rosehip Seed CO2-to extract (organic), DE-\u00d6KO-013 Product-No.: 046.004"}]},{"@type":"WebSite","@id":"https:\/\/www.flavex.com\/en\/#website","url":"https:\/\/www.flavex.com\/en\/","name":"Flavex Naturextrakte GmbH","description":"CO&lt;sub&gt;2&lt;\/sub&gt; Extrakte","publisher":{"@id":"https:\/\/www.flavex.com\/en\/#organization"},"alternateName":"Flavex Naturextrakte GmbH","potentialAction":[{"@type":"SearchAction","target":{"@type":"EntryPoint","urlTemplate":"https:\/\/www.flavex.com\/en\/?s={search_term_string}"},"query-input":{"@type":"PropertyValueSpecification","valueRequired":true,"valueName":"search_term_string"}}],"inLanguage":"en-US"},{"@type":"Organization","@id":"https:\/\/www.flavex.com\/en\/#organization","name":"FLAVEX Naturextrakte GmbH","alternateName":"Flavex Naturextrakte GmbH","url":"https:\/\/www.flavex.com\/en\/","logo":{"@type":"ImageObject","inLanguage":"en-US","@id":"https:\/\/www.flavex.com\/en\/#\/schema\/logo\/image\/","url":"https:\/\/www.flavex.com\/wp-content\/uploads\/2021\/01\/cropped-logo.png","contentUrl":"https:\/\/www.flavex.com\/wp-content\/uploads\/2021\/01\/cropped-logo.png","width":269,"height":100,"caption":"FLAVEX Naturextrakte GmbH"},"image":{"@id":"https:\/\/www.flavex.com\/en\/#\/schema\/logo\/image\/"}}]}},"_links":{"self":[{"href":"https:\/\/www.flavex.com\/en\/wp-json\/wp\/v2\/product\/8892","targetHints":{"allow":["GET"]}}],"collection":[{"href":"https:\/\/www.flavex.com\/en\/wp-json\/wp\/v2\/product"}],"about":[{"href":"https:\/\/www.flavex.com\/en\/wp-json\/wp\/v2\/types\/product"}],"wp:featuredmedia":[{"embeddable":true,"href":"https:\/\/www.flavex.com\/en\/wp-json\/wp\/v2\/media\/7911"}],"wp:attachment":[{"href":"https:\/\/www.flavex.com\/en\/wp-json\/wp\/v2\/media?parent=8892"}],"wp:term":[{"taxonomy":"product_brand","embeddable":true,"href":"https:\/\/www.flavex.com\/en\/wp-json\/wp\/v2\/product_brand?post=8892"},{"taxonomy":"product_cat","embeddable":true,"href":"https:\/\/www.flavex.com\/en\/wp-json\/wp\/v2\/product_cat?post=8892"},{"taxonomy":"product_tag","embeddable":true,"href":"https:\/\/www.flavex.com\/en\/wp-json\/wp\/v2\/product_tag?post=8892"}],"curies":[{"name":"wp","href":"https:\/\/api.w.org\/{rel}","templated":true}]}}