{"id":8946,"date":"2021-03-03T14:29:36","date_gmt":"2021-04-01T08:56:36","guid":{"rendered":"https:\/\/www.flavex.com\/produkt\/fennel-co2-se-extract-bitter-type-product-nr-065-001\/"},"modified":"2023-05-17T16:58:36","modified_gmt":"2023-05-17T14:58:36","slug":"065_001","status":"publish","type":"product","link":"https:\/\/www.flavex.com\/en\/produkt\/065_001\/","title":{"rendered":"Fennel CO2-se extract, Bitter Type <br>Product-No.: 065.001"},"content":{"rendered":"","protected":false},"excerpt":{"rendered":"<b>Raw Material:<\/b>\r\nFoeniculum vulgare var. vulgare &#8211; Seeds, dried\r\n\r\n<b>Production:<\/b>\r\nBy supercritical fluid extraction with natural carbon dioxide no solvent residues, no inorganic salts, no heavy metals, no reproducible microorganisms [1].\r\n\r\n<b>Ingredients:<\/b>\r\nsee specification\r\n\r\n<b>Application:<\/b>\r\nFennel seeds are used as a traditional herbal medicine for spasmodic gastrointestinal complaints, flatulence and menstrual problems. They also have an expectorant effect on colds [2].*\r\n\r\nThe fennel seed extract has an aniseed-like flavour and is used in bakery products, meat and fish dishes, ice cream and alcoholic beverages for flavouring.*\r\n\r\nDue to its digestive properties and reduction of flatulence after eating, fennel can also be used in food supplements.*\r\n\r\nFennel extracts have an antioxidant effect and increase skin moisture. Furthermore, studies have shown an anti-wrinkle effect of formulations containing fennel extract. Therefore the extract is suitable as an ingredient in anti-aging and skin care products. Due to its characteristic odour, the extract can also be used as a fragrance [3].*\r\n\r\n<b>Literature:<\/b>\r\n[1] P. Manninen, E. H\u00e4iv\u00e4l\u00e4, S. Sarimo, H. Kallio : Distribution of microbes in supercritical CO2 extraction of sea buckthorn (Hippophae rhamnoides) oils : Zeitschrift f\u00fcr Lebensmitteluntersuchung und -Forschung \/ Springerverlag (1997) 204: 202-205\r\n[2] Committee on Herbal Medicinal Products (HMPC), European Medicines Agency (EMA) : COMMUNITY HERBAL MONOGRAPH ON FOENICULUM VULGARE MILLER SUBSP. VULGARE VAR. VULGARE, FRUCTUS : (2007) EMA\/HMPC\/137428\/2006 Corr.\r\n[3] A. Rasul, N. Akhtar, B. A. Khan, T. Mahmood, S. Uz Zaman, H. M. Shoaib Khan : Formulation development of a cream containing fennel extract: in vivo evaluation for anti-aging effects : Pharmazie 67: 54\u201358 (2012)\r\n\r\n&nbsp;","protected":false},"featured_media":14091,"template":"","meta":{"_acf_changed":false},"product_brand":[],"product_cat":[59],"product_tag":[],"class_list":{"0":"post-8946","1":"product","2":"type-product","3":"status-publish","4":"has-post-thumbnail","6":"product_cat-all-products","7":"infinite-scroll-item","9":"first","10":"instock","11":"product-type-simple"},"acf":[],"yoast_head":"<!-- This site is optimized with the Yoast SEO plugin v27.5 - https:\/\/yoast.com\/product\/yoast-seo-wordpress\/ -->\n<title>Fennel CO2-se extract - FLAVEX Naturextrakte GmbH<\/title>\n<meta name=\"description\" content=\"CO2-Extrakt von FLAVEX Naturextrakte GmbH: Fennel CO2-se extract, Bitter Type Product-No.: 065.001 - jetzt Informieren!\" \/>\n<meta name=\"robots\" content=\"index, follow, max-snippet:-1, max-image-preview:large, max-video-preview:-1\" \/>\n<link rel=\"canonical\" href=\"https:\/\/www.flavex.com\/en\/produkt\/065_001\/\" \/>\n<meta property=\"og:locale\" content=\"en_US\" \/>\n<meta property=\"og:type\" content=\"article\" \/>\n<meta property=\"og:title\" content=\"Fennel CO2-se extract - FLAVEX Naturextrakte GmbH\" \/>\n<meta property=\"og:description\" content=\"CO2-Extrakt von FLAVEX Naturextrakte GmbH: Fennel CO2-se extract, Bitter Type Product-No.: 065.001 - jetzt Informieren!\" \/>\n<meta property=\"og:url\" content=\"https:\/\/www.flavex.com\/en\/produkt\/065_001\/\" \/>\n<meta property=\"og:site_name\" content=\"FLAVEX Naturextrakte GmbH\" \/>\n<meta property=\"article:modified_time\" content=\"2023-05-17T14:58:36+00:00\" \/>\n<meta property=\"og:image\" content=\"https:\/\/www.flavex.com\/wp-content\/uploads\/2021\/01\/Fenchel.jpg\" \/>\n\t<meta property=\"og:image:width\" content=\"500\" \/>\n\t<meta property=\"og:image:height\" content=\"500\" \/>\n\t<meta property=\"og:image:type\" content=\"image\/jpeg\" \/>\n<meta name=\"twitter:card\" content=\"summary_large_image\" \/>\n<script type=\"application\/ld+json\" class=\"yoast-schema-graph\">{\"@context\":\"https:\\\/\\\/schema.org\",\"@graph\":[{\"@type\":\"WebPage\",\"@id\":\"https:\\\/\\\/www.flavex.com\\\/en\\\/produkt\\\/065_001\\\/\",\"url\":\"https:\\\/\\\/www.flavex.com\\\/en\\\/produkt\\\/065_001\\\/\",\"name\":\"Fennel CO2-se extract - FLAVEX Naturextrakte GmbH\",\"isPartOf\":{\"@id\":\"https:\\\/\\\/www.flavex.com\\\/en\\\/#website\"},\"primaryImageOfPage\":{\"@id\":\"https:\\\/\\\/www.flavex.com\\\/en\\\/produkt\\\/065_001\\\/#primaryimage\"},\"image\":{\"@id\":\"https:\\\/\\\/www.flavex.com\\\/en\\\/produkt\\\/065_001\\\/#primaryimage\"},\"thumbnailUrl\":\"https:\\\/\\\/www.flavex.com\\\/wp-content\\\/uploads\\\/2021\\\/01\\\/Fenchel.jpg\",\"datePublished\":\"2021-04-01T08:56:36+00:00\",\"dateModified\":\"2023-05-17T14:58:36+00:00\",\"description\":\"CO2-Extrakt von FLAVEX Naturextrakte GmbH: Fennel CO2-se extract, Bitter Type Product-No.: 065.001 - jetzt Informieren!\",\"breadcrumb\":{\"@id\":\"https:\\\/\\\/www.flavex.com\\\/en\\\/produkt\\\/065_001\\\/#breadcrumb\"},\"inLanguage\":\"en-US\",\"potentialAction\":[{\"@type\":\"ReadAction\",\"target\":[\"https:\\\/\\\/www.flavex.com\\\/en\\\/produkt\\\/065_001\\\/\"]}]},{\"@type\":\"ImageObject\",\"inLanguage\":\"en-US\",\"@id\":\"https:\\\/\\\/www.flavex.com\\\/en\\\/produkt\\\/065_001\\\/#primaryimage\",\"url\":\"https:\\\/\\\/www.flavex.com\\\/wp-content\\\/uploads\\\/2021\\\/01\\\/Fenchel.jpg\",\"contentUrl\":\"https:\\\/\\\/www.flavex.com\\\/wp-content\\\/uploads\\\/2021\\\/01\\\/Fenchel.jpg\",\"width\":500,\"height\":500,\"caption\":\"Fenchel\"},{\"@type\":\"BreadcrumbList\",\"@id\":\"https:\\\/\\\/www.flavex.com\\\/en\\\/produkt\\\/065_001\\\/#breadcrumb\",\"itemListElement\":[{\"@type\":\"ListItem\",\"position\":1,\"name\":\"Home\",\"item\":\"https:\\\/\\\/www.flavex.com\\\/en\\\/\"},{\"@type\":\"ListItem\",\"position\":2,\"name\":\"Products\",\"item\":\"https:\\\/\\\/www.flavex.com\\\/en\\\/shop\\\/\"},{\"@type\":\"ListItem\",\"position\":3,\"name\":\"Fennel CO2-se extract, Bitter Type Product-No.: 065.001\"}]},{\"@type\":\"WebSite\",\"@id\":\"https:\\\/\\\/www.flavex.com\\\/en\\\/#website\",\"url\":\"https:\\\/\\\/www.flavex.com\\\/en\\\/\",\"name\":\"Flavex Naturextrakte GmbH\",\"description\":\"CO&lt;sub&gt;2&lt;\\\/sub&gt; Extrakte\",\"publisher\":{\"@id\":\"https:\\\/\\\/www.flavex.com\\\/en\\\/#organization\"},\"alternateName\":\"Flavex Naturextrakte GmbH\",\"potentialAction\":[{\"@type\":\"SearchAction\",\"target\":{\"@type\":\"EntryPoint\",\"urlTemplate\":\"https:\\\/\\\/www.flavex.com\\\/en\\\/?s={search_term_string}\"},\"query-input\":{\"@type\":\"PropertyValueSpecification\",\"valueRequired\":true,\"valueName\":\"search_term_string\"}}],\"inLanguage\":\"en-US\"},{\"@type\":\"Organization\",\"@id\":\"https:\\\/\\\/www.flavex.com\\\/en\\\/#organization\",\"name\":\"FLAVEX Naturextrakte GmbH\",\"alternateName\":\"Flavex Naturextrakte GmbH\",\"url\":\"https:\\\/\\\/www.flavex.com\\\/en\\\/\",\"logo\":{\"@type\":\"ImageObject\",\"inLanguage\":\"en-US\",\"@id\":\"https:\\\/\\\/www.flavex.com\\\/en\\\/#\\\/schema\\\/logo\\\/image\\\/\",\"url\":\"https:\\\/\\\/www.flavex.com\\\/wp-content\\\/uploads\\\/2021\\\/01\\\/cropped-logo.png\",\"contentUrl\":\"https:\\\/\\\/www.flavex.com\\\/wp-content\\\/uploads\\\/2021\\\/01\\\/cropped-logo.png\",\"width\":269,\"height\":100,\"caption\":\"FLAVEX Naturextrakte GmbH\"},\"image\":{\"@id\":\"https:\\\/\\\/www.flavex.com\\\/en\\\/#\\\/schema\\\/logo\\\/image\\\/\"}}]}<\/script>\n<!-- \/ Yoast SEO plugin. -->","yoast_head_json":{"title":"Fennel CO2-se extract - FLAVEX Naturextrakte GmbH","description":"CO2-Extrakt von FLAVEX Naturextrakte GmbH: Fennel CO2-se extract, Bitter Type Product-No.: 065.001 - jetzt Informieren!","robots":{"index":"index","follow":"follow","max-snippet":"max-snippet:-1","max-image-preview":"max-image-preview:large","max-video-preview":"max-video-preview:-1"},"canonical":"https:\/\/www.flavex.com\/en\/produkt\/065_001\/","og_locale":"en_US","og_type":"article","og_title":"Fennel CO2-se extract - FLAVEX Naturextrakte GmbH","og_description":"CO2-Extrakt von FLAVEX Naturextrakte GmbH: Fennel CO2-se extract, Bitter Type Product-No.: 065.001 - jetzt Informieren!","og_url":"https:\/\/www.flavex.com\/en\/produkt\/065_001\/","og_site_name":"FLAVEX Naturextrakte GmbH","article_modified_time":"2023-05-17T14:58:36+00:00","og_image":[{"width":500,"height":500,"url":"https:\/\/www.flavex.com\/wp-content\/uploads\/2021\/01\/Fenchel.jpg","type":"image\/jpeg"}],"twitter_card":"summary_large_image","schema":{"@context":"https:\/\/schema.org","@graph":[{"@type":"WebPage","@id":"https:\/\/www.flavex.com\/en\/produkt\/065_001\/","url":"https:\/\/www.flavex.com\/en\/produkt\/065_001\/","name":"Fennel CO2-se extract - FLAVEX Naturextrakte GmbH","isPartOf":{"@id":"https:\/\/www.flavex.com\/en\/#website"},"primaryImageOfPage":{"@id":"https:\/\/www.flavex.com\/en\/produkt\/065_001\/#primaryimage"},"image":{"@id":"https:\/\/www.flavex.com\/en\/produkt\/065_001\/#primaryimage"},"thumbnailUrl":"https:\/\/www.flavex.com\/wp-content\/uploads\/2021\/01\/Fenchel.jpg","datePublished":"2021-04-01T08:56:36+00:00","dateModified":"2023-05-17T14:58:36+00:00","description":"CO2-Extrakt von FLAVEX Naturextrakte GmbH: Fennel CO2-se extract, Bitter Type Product-No.: 065.001 - jetzt Informieren!","breadcrumb":{"@id":"https:\/\/www.flavex.com\/en\/produkt\/065_001\/#breadcrumb"},"inLanguage":"en-US","potentialAction":[{"@type":"ReadAction","target":["https:\/\/www.flavex.com\/en\/produkt\/065_001\/"]}]},{"@type":"ImageObject","inLanguage":"en-US","@id":"https:\/\/www.flavex.com\/en\/produkt\/065_001\/#primaryimage","url":"https:\/\/www.flavex.com\/wp-content\/uploads\/2021\/01\/Fenchel.jpg","contentUrl":"https:\/\/www.flavex.com\/wp-content\/uploads\/2021\/01\/Fenchel.jpg","width":500,"height":500,"caption":"Fenchel"},{"@type":"BreadcrumbList","@id":"https:\/\/www.flavex.com\/en\/produkt\/065_001\/#breadcrumb","itemListElement":[{"@type":"ListItem","position":1,"name":"Home","item":"https:\/\/www.flavex.com\/en\/"},{"@type":"ListItem","position":2,"name":"Products","item":"https:\/\/www.flavex.com\/en\/shop\/"},{"@type":"ListItem","position":3,"name":"Fennel CO2-se extract, Bitter Type Product-No.: 065.001"}]},{"@type":"WebSite","@id":"https:\/\/www.flavex.com\/en\/#website","url":"https:\/\/www.flavex.com\/en\/","name":"Flavex Naturextrakte GmbH","description":"CO&lt;sub&gt;2&lt;\/sub&gt; Extrakte","publisher":{"@id":"https:\/\/www.flavex.com\/en\/#organization"},"alternateName":"Flavex Naturextrakte GmbH","potentialAction":[{"@type":"SearchAction","target":{"@type":"EntryPoint","urlTemplate":"https:\/\/www.flavex.com\/en\/?s={search_term_string}"},"query-input":{"@type":"PropertyValueSpecification","valueRequired":true,"valueName":"search_term_string"}}],"inLanguage":"en-US"},{"@type":"Organization","@id":"https:\/\/www.flavex.com\/en\/#organization","name":"FLAVEX Naturextrakte GmbH","alternateName":"Flavex Naturextrakte GmbH","url":"https:\/\/www.flavex.com\/en\/","logo":{"@type":"ImageObject","inLanguage":"en-US","@id":"https:\/\/www.flavex.com\/en\/#\/schema\/logo\/image\/","url":"https:\/\/www.flavex.com\/wp-content\/uploads\/2021\/01\/cropped-logo.png","contentUrl":"https:\/\/www.flavex.com\/wp-content\/uploads\/2021\/01\/cropped-logo.png","width":269,"height":100,"caption":"FLAVEX Naturextrakte GmbH"},"image":{"@id":"https:\/\/www.flavex.com\/en\/#\/schema\/logo\/image\/"}}]}},"_links":{"self":[{"href":"https:\/\/www.flavex.com\/en\/wp-json\/wp\/v2\/product\/8946","targetHints":{"allow":["GET"]}}],"collection":[{"href":"https:\/\/www.flavex.com\/en\/wp-json\/wp\/v2\/product"}],"about":[{"href":"https:\/\/www.flavex.com\/en\/wp-json\/wp\/v2\/types\/product"}],"wp:featuredmedia":[{"embeddable":true,"href":"https:\/\/www.flavex.com\/en\/wp-json\/wp\/v2\/media\/14091"}],"wp:attachment":[{"href":"https:\/\/www.flavex.com\/en\/wp-json\/wp\/v2\/media?parent=8946"}],"wp:term":[{"taxonomy":"product_brand","embeddable":true,"href":"https:\/\/www.flavex.com\/en\/wp-json\/wp\/v2\/product_brand?post=8946"},{"taxonomy":"product_cat","embeddable":true,"href":"https:\/\/www.flavex.com\/en\/wp-json\/wp\/v2\/product_cat?post=8946"},{"taxonomy":"product_tag","embeddable":true,"href":"https:\/\/www.flavex.com\/en\/wp-json\/wp\/v2\/product_tag?post=8946"}],"curies":[{"name":"wp","href":"https:\/\/api.w.org\/{rel}","templated":true}]}}