{"id":8970,"date":"2021-03-03T14:29:59","date_gmt":"2021-04-01T08:56:50","guid":{"rendered":"https:\/\/www.flavex.com\/produkt\/calamus-root-co2-se-extract-product-nr-007-001\/"},"modified":"2023-05-17T16:43:54","modified_gmt":"2023-05-17T14:43:54","slug":"007_001","status":"publish","type":"product","link":"https:\/\/www.flavex.com\/en\/produkt\/007_001\/","title":{"rendered":"Calamus Root CO2-se extract <br>Product-No.: 007.001"},"content":{"rendered":"","protected":false},"excerpt":{"rendered":"<b>Raw Material:<\/b>\r\nAcorus calamus &#8211; Root, dried\r\n\r\n<b>Production:<\/b>\r\nProduced by supercritical CO2 extraction under use of natural carbon dioxide, no solvent residues, no inorganic salts, no heavy metals, no reproducible microorganisms [1].\r\n\r\n<b>Ingredients:<\/b>\r\nsee specification\r\n\r\n<b>Application:<\/b>\r\nIn folk medicine, calamus root is used to treat loss of appetite and digestive problems [3].*\r\n\r\nFor the flavouring of alcoholic beverages, such as liqueurs*\r\n\r\nDue to its characteristic scent, the extract can be used as a fragrance in various cosmetic products and perfumes.*\r\n\r\n<b>Literature:<\/b>\r\n[1] P. Manninen, E. H\u00e4iv\u00e4l\u00e4, S. Sarimo, H. Kallio : Distribution of microbes in supercritical CO2 extraction of sea buckthorn (Hippophae rhamnoides) oils : Zeitschrift f\u00fcr Lebensmitteluntersuchung und -Forschung \/ Springerverlag (1997) 204: 202-205\r\n[2] Wolfgang Blascheck u.a. (Hrsg.) : HagerROM 2017, Hagers Enzyklop\u00e4die der Arzneistoffe und Drogen : Suttgart: Wissenschaftliche Verlagsgesellschaft Stuttgart, 2017","protected":false},"featured_media":13663,"template":"","meta":{"_acf_changed":false},"product_brand":[],"product_cat":[59],"product_tag":[],"class_list":{"0":"post-8970","1":"product","2":"type-product","3":"status-publish","4":"has-post-thumbnail","6":"product_cat-all-products","7":"infinite-scroll-item","9":"first","10":"instock","11":"product-type-simple"},"acf":[],"yoast_head":"<!-- This site is optimized with the Yoast SEO plugin v27.3 - https:\/\/yoast.com\/product\/yoast-seo-wordpress\/ -->\n<title>Calamus Root - FLAVEX Naturextrakte GmbH<\/title>\n<meta name=\"description\" content=\"CO2-Extrakt von FLAVEX Naturextrakte GmbH: Calamus Root CO2-se extract Product-No.: 007.001 - jetzt Informieren!\" \/>\n<meta name=\"robots\" content=\"index, follow, max-snippet:-1, max-image-preview:large, max-video-preview:-1\" \/>\n<link rel=\"canonical\" href=\"https:\/\/www.flavex.com\/en\/produkt\/007_001\/\" \/>\n<meta property=\"og:locale\" content=\"en_US\" \/>\n<meta property=\"og:type\" content=\"article\" \/>\n<meta property=\"og:title\" content=\"Calamus Root - FLAVEX Naturextrakte GmbH\" \/>\n<meta property=\"og:description\" content=\"CO2-Extrakt von FLAVEX Naturextrakte GmbH: Calamus Root CO2-se extract Product-No.: 007.001 - jetzt Informieren!\" \/>\n<meta property=\"og:url\" content=\"https:\/\/www.flavex.com\/en\/produkt\/007_001\/\" \/>\n<meta property=\"og:site_name\" content=\"FLAVEX Naturextrakte GmbH\" \/>\n<meta property=\"article:modified_time\" content=\"2023-05-17T14:43:54+00:00\" \/>\n<meta property=\"og:image\" content=\"https:\/\/www.flavex.com\/wp-content\/uploads\/2021\/01\/Kalmuswurzel.jpg\" \/>\n\t<meta property=\"og:image:width\" content=\"500\" \/>\n\t<meta property=\"og:image:height\" content=\"500\" \/>\n\t<meta property=\"og:image:type\" content=\"image\/jpeg\" \/>\n<meta name=\"twitter:card\" content=\"summary_large_image\" \/>\n<script type=\"application\/ld+json\" class=\"yoast-schema-graph\">{\"@context\":\"https:\\\/\\\/schema.org\",\"@graph\":[{\"@type\":\"WebPage\",\"@id\":\"https:\\\/\\\/www.flavex.com\\\/en\\\/produkt\\\/007_001\\\/\",\"url\":\"https:\\\/\\\/www.flavex.com\\\/en\\\/produkt\\\/007_001\\\/\",\"name\":\"Calamus Root - FLAVEX Naturextrakte GmbH\",\"isPartOf\":{\"@id\":\"https:\\\/\\\/www.flavex.com\\\/en\\\/#website\"},\"primaryImageOfPage\":{\"@id\":\"https:\\\/\\\/www.flavex.com\\\/en\\\/produkt\\\/007_001\\\/#primaryimage\"},\"image\":{\"@id\":\"https:\\\/\\\/www.flavex.com\\\/en\\\/produkt\\\/007_001\\\/#primaryimage\"},\"thumbnailUrl\":\"https:\\\/\\\/www.flavex.com\\\/wp-content\\\/uploads\\\/2021\\\/01\\\/Kalmuswurzel.jpg\",\"datePublished\":\"2021-04-01T08:56:50+00:00\",\"dateModified\":\"2023-05-17T14:43:54+00:00\",\"description\":\"CO2-Extrakt von FLAVEX Naturextrakte GmbH: Calamus Root CO2-se extract Product-No.: 007.001 - jetzt Informieren!\",\"breadcrumb\":{\"@id\":\"https:\\\/\\\/www.flavex.com\\\/en\\\/produkt\\\/007_001\\\/#breadcrumb\"},\"inLanguage\":\"en-US\",\"potentialAction\":[{\"@type\":\"ReadAction\",\"target\":[\"https:\\\/\\\/www.flavex.com\\\/en\\\/produkt\\\/007_001\\\/\"]}]},{\"@type\":\"ImageObject\",\"inLanguage\":\"en-US\",\"@id\":\"https:\\\/\\\/www.flavex.com\\\/en\\\/produkt\\\/007_001\\\/#primaryimage\",\"url\":\"https:\\\/\\\/www.flavex.com\\\/wp-content\\\/uploads\\\/2021\\\/01\\\/Kalmuswurzel.jpg\",\"contentUrl\":\"https:\\\/\\\/www.flavex.com\\\/wp-content\\\/uploads\\\/2021\\\/01\\\/Kalmuswurzel.jpg\",\"width\":500,\"height\":500,\"caption\":\"Kalmuswurzel\"},{\"@type\":\"BreadcrumbList\",\"@id\":\"https:\\\/\\\/www.flavex.com\\\/en\\\/produkt\\\/007_001\\\/#breadcrumb\",\"itemListElement\":[{\"@type\":\"ListItem\",\"position\":1,\"name\":\"Home\",\"item\":\"https:\\\/\\\/www.flavex.com\\\/en\\\/\"},{\"@type\":\"ListItem\",\"position\":2,\"name\":\"Products\",\"item\":\"https:\\\/\\\/www.flavex.com\\\/en\\\/shop\\\/\"},{\"@type\":\"ListItem\",\"position\":3,\"name\":\"Calamus Root CO2-se extract Product-No.: 007.001\"}]},{\"@type\":\"WebSite\",\"@id\":\"https:\\\/\\\/www.flavex.com\\\/en\\\/#website\",\"url\":\"https:\\\/\\\/www.flavex.com\\\/en\\\/\",\"name\":\"Flavex Naturextrakte GmbH\",\"description\":\"CO&lt;sub&gt;2&lt;\\\/sub&gt; Extrakte\",\"publisher\":{\"@id\":\"https:\\\/\\\/www.flavex.com\\\/en\\\/#organization\"},\"alternateName\":\"Flavex Naturextrakte GmbH\",\"potentialAction\":[{\"@type\":\"SearchAction\",\"target\":{\"@type\":\"EntryPoint\",\"urlTemplate\":\"https:\\\/\\\/www.flavex.com\\\/en\\\/?s={search_term_string}\"},\"query-input\":{\"@type\":\"PropertyValueSpecification\",\"valueRequired\":true,\"valueName\":\"search_term_string\"}}],\"inLanguage\":\"en-US\"},{\"@type\":\"Organization\",\"@id\":\"https:\\\/\\\/www.flavex.com\\\/en\\\/#organization\",\"name\":\"FLAVEX Naturextrakte GmbH\",\"alternateName\":\"Flavex Naturextrakte GmbH\",\"url\":\"https:\\\/\\\/www.flavex.com\\\/en\\\/\",\"logo\":{\"@type\":\"ImageObject\",\"inLanguage\":\"en-US\",\"@id\":\"https:\\\/\\\/www.flavex.com\\\/en\\\/#\\\/schema\\\/logo\\\/image\\\/\",\"url\":\"https:\\\/\\\/www.flavex.com\\\/wp-content\\\/uploads\\\/2021\\\/01\\\/cropped-logo.png\",\"contentUrl\":\"https:\\\/\\\/www.flavex.com\\\/wp-content\\\/uploads\\\/2021\\\/01\\\/cropped-logo.png\",\"width\":269,\"height\":100,\"caption\":\"FLAVEX Naturextrakte GmbH\"},\"image\":{\"@id\":\"https:\\\/\\\/www.flavex.com\\\/en\\\/#\\\/schema\\\/logo\\\/image\\\/\"}}]}<\/script>\n<!-- \/ Yoast SEO plugin. -->","yoast_head_json":{"title":"Calamus Root - FLAVEX Naturextrakte GmbH","description":"CO2-Extrakt von FLAVEX Naturextrakte GmbH: Calamus Root CO2-se extract Product-No.: 007.001 - jetzt Informieren!","robots":{"index":"index","follow":"follow","max-snippet":"max-snippet:-1","max-image-preview":"max-image-preview:large","max-video-preview":"max-video-preview:-1"},"canonical":"https:\/\/www.flavex.com\/en\/produkt\/007_001\/","og_locale":"en_US","og_type":"article","og_title":"Calamus Root - FLAVEX Naturextrakte GmbH","og_description":"CO2-Extrakt von FLAVEX Naturextrakte GmbH: Calamus Root CO2-se extract Product-No.: 007.001 - jetzt Informieren!","og_url":"https:\/\/www.flavex.com\/en\/produkt\/007_001\/","og_site_name":"FLAVEX Naturextrakte GmbH","article_modified_time":"2023-05-17T14:43:54+00:00","og_image":[{"width":500,"height":500,"url":"https:\/\/www.flavex.com\/wp-content\/uploads\/2021\/01\/Kalmuswurzel.jpg","type":"image\/jpeg"}],"twitter_card":"summary_large_image","schema":{"@context":"https:\/\/schema.org","@graph":[{"@type":"WebPage","@id":"https:\/\/www.flavex.com\/en\/produkt\/007_001\/","url":"https:\/\/www.flavex.com\/en\/produkt\/007_001\/","name":"Calamus Root - FLAVEX Naturextrakte GmbH","isPartOf":{"@id":"https:\/\/www.flavex.com\/en\/#website"},"primaryImageOfPage":{"@id":"https:\/\/www.flavex.com\/en\/produkt\/007_001\/#primaryimage"},"image":{"@id":"https:\/\/www.flavex.com\/en\/produkt\/007_001\/#primaryimage"},"thumbnailUrl":"https:\/\/www.flavex.com\/wp-content\/uploads\/2021\/01\/Kalmuswurzel.jpg","datePublished":"2021-04-01T08:56:50+00:00","dateModified":"2023-05-17T14:43:54+00:00","description":"CO2-Extrakt von FLAVEX Naturextrakte GmbH: Calamus Root CO2-se extract Product-No.: 007.001 - jetzt Informieren!","breadcrumb":{"@id":"https:\/\/www.flavex.com\/en\/produkt\/007_001\/#breadcrumb"},"inLanguage":"en-US","potentialAction":[{"@type":"ReadAction","target":["https:\/\/www.flavex.com\/en\/produkt\/007_001\/"]}]},{"@type":"ImageObject","inLanguage":"en-US","@id":"https:\/\/www.flavex.com\/en\/produkt\/007_001\/#primaryimage","url":"https:\/\/www.flavex.com\/wp-content\/uploads\/2021\/01\/Kalmuswurzel.jpg","contentUrl":"https:\/\/www.flavex.com\/wp-content\/uploads\/2021\/01\/Kalmuswurzel.jpg","width":500,"height":500,"caption":"Kalmuswurzel"},{"@type":"BreadcrumbList","@id":"https:\/\/www.flavex.com\/en\/produkt\/007_001\/#breadcrumb","itemListElement":[{"@type":"ListItem","position":1,"name":"Home","item":"https:\/\/www.flavex.com\/en\/"},{"@type":"ListItem","position":2,"name":"Products","item":"https:\/\/www.flavex.com\/en\/shop\/"},{"@type":"ListItem","position":3,"name":"Calamus Root CO2-se extract Product-No.: 007.001"}]},{"@type":"WebSite","@id":"https:\/\/www.flavex.com\/en\/#website","url":"https:\/\/www.flavex.com\/en\/","name":"Flavex Naturextrakte GmbH","description":"CO&lt;sub&gt;2&lt;\/sub&gt; Extrakte","publisher":{"@id":"https:\/\/www.flavex.com\/en\/#organization"},"alternateName":"Flavex Naturextrakte GmbH","potentialAction":[{"@type":"SearchAction","target":{"@type":"EntryPoint","urlTemplate":"https:\/\/www.flavex.com\/en\/?s={search_term_string}"},"query-input":{"@type":"PropertyValueSpecification","valueRequired":true,"valueName":"search_term_string"}}],"inLanguage":"en-US"},{"@type":"Organization","@id":"https:\/\/www.flavex.com\/en\/#organization","name":"FLAVEX Naturextrakte GmbH","alternateName":"Flavex Naturextrakte GmbH","url":"https:\/\/www.flavex.com\/en\/","logo":{"@type":"ImageObject","inLanguage":"en-US","@id":"https:\/\/www.flavex.com\/en\/#\/schema\/logo\/image\/","url":"https:\/\/www.flavex.com\/wp-content\/uploads\/2021\/01\/cropped-logo.png","contentUrl":"https:\/\/www.flavex.com\/wp-content\/uploads\/2021\/01\/cropped-logo.png","width":269,"height":100,"caption":"FLAVEX Naturextrakte GmbH"},"image":{"@id":"https:\/\/www.flavex.com\/en\/#\/schema\/logo\/image\/"}}]}},"_links":{"self":[{"href":"https:\/\/www.flavex.com\/en\/wp-json\/wp\/v2\/product\/8970","targetHints":{"allow":["GET"]}}],"collection":[{"href":"https:\/\/www.flavex.com\/en\/wp-json\/wp\/v2\/product"}],"about":[{"href":"https:\/\/www.flavex.com\/en\/wp-json\/wp\/v2\/types\/product"}],"wp:featuredmedia":[{"embeddable":true,"href":"https:\/\/www.flavex.com\/en\/wp-json\/wp\/v2\/media\/13663"}],"wp:attachment":[{"href":"https:\/\/www.flavex.com\/en\/wp-json\/wp\/v2\/media?parent=8970"}],"wp:term":[{"taxonomy":"product_brand","embeddable":true,"href":"https:\/\/www.flavex.com\/en\/wp-json\/wp\/v2\/product_brand?post=8970"},{"taxonomy":"product_cat","embeddable":true,"href":"https:\/\/www.flavex.com\/en\/wp-json\/wp\/v2\/product_cat?post=8970"},{"taxonomy":"product_tag","embeddable":true,"href":"https:\/\/www.flavex.com\/en\/wp-json\/wp\/v2\/product_tag?post=8970"}],"curies":[{"name":"wp","href":"https:\/\/api.w.org\/{rel}","templated":true}]}}