{"id":14444,"date":"2021-02-17T11:10:15","date_gmt":"2021-02-17T11:10:15","guid":{"rendered":"https:\/\/www.flavex.com\/das-unternehmen\/nos-projet\/nos-projets-de-culture\/"},"modified":"2024-09-03T12:45:19","modified_gmt":"2024-09-03T10:45:19","slug":"nos-projets-de-culture","status":"publish","type":"page","link":"https:\/\/www.flavex.com\/fr\/lentreprise\/nos-projet\/nos-projets-de-culture\/","title":{"rendered":"Nos projets de culture"},"content":{"rendered":"\t\t<div data-elementor-type=\"wp-page\" data-elementor-id=\"14444\" class=\"elementor elementor-14444 elementor-116\" data-elementor-post-type=\"page\">\n\t\t\t\t\t\t<section class=\"elementor-section elementor-top-section elementor-element elementor-element-bda3cce elementor-section-full_width elementor-section-stretched elementor-section-height-default elementor-section-height-default\" data-id=\"bda3cce\" data-element_type=\"section\" data-e-type=\"section\" data-settings=\"{&quot;stretch_section&quot;:&quot;section-stretched&quot;,&quot;background_background&quot;:&quot;classic&quot;}\">\n\t\t\t\t\t\t\t<div class=\"elementor-background-overlay\"><\/div>\n\t\t\t\t\t\t\t<div class=\"elementor-container elementor-column-gap-default\">\n\t\t\t\t\t<div class=\"elementor-column elementor-col-100 elementor-top-column elementor-element elementor-element-75d1e685\" data-id=\"75d1e685\" data-element_type=\"column\" data-e-type=\"column\">\n\t\t\t<div class=\"elementor-widget-wrap elementor-element-populated\">\n\t\t\t\t\t\t<section class=\"elementor-section elementor-inner-section elementor-element elementor-element-a1eccd7 elementor-section-content-middle elementor-reverse-mobile elementor-section-boxed elementor-section-height-default elementor-section-height-default\" data-id=\"a1eccd7\" data-element_type=\"section\" data-e-type=\"section\" data-settings=\"{&quot;background_background&quot;:&quot;classic&quot;}\">\n\t\t\t\t\t\t<div class=\"elementor-container elementor-column-gap-default\">\n\t\t\t\t\t<div class=\"elementor-column elementor-col-50 elementor-inner-column elementor-element elementor-element-9cd287f\" data-id=\"9cd287f\" data-element_type=\"column\" data-e-type=\"column\">\n\t\t\t<div class=\"elementor-widget-wrap elementor-element-populated\">\n\t\t\t\t\t\t<div class=\"elementor-element elementor-element-4e7acd8d elementor-widget elementor-widget-heading\" data-id=\"4e7acd8d\" data-element_type=\"widget\" data-e-type=\"widget\" data-widget_type=\"heading.default\">\n\t\t\t\t<div class=\"elementor-widget-container\">\n\t\t\t\t\t<h1 class=\"elementor-heading-title elementor-size-default\">Nos projets de culture pour des mati\u00e8res premi\u00e8res de haute qualit\u00e9<\/h1>\t\t\t\t<\/div>\n\t\t\t\t<\/div>\n\t\t\t\t\t<\/div>\n\t\t<\/div>\n\t\t\t\t<div class=\"elementor-column elementor-col-50 elementor-inner-column elementor-element elementor-element-258e9a27\" data-id=\"258e9a27\" data-element_type=\"column\" data-e-type=\"column\">\n\t\t\t<div class=\"elementor-widget-wrap elementor-element-populated\">\n\t\t\t\t\t\t<div class=\"elementor-element elementor-element-7e41f891 elementor-widget elementor-widget-image-carousel\" data-id=\"7e41f891\" data-element_type=\"widget\" data-e-type=\"widget\" data-settings=\"{&quot;slides_to_show&quot;:&quot;1&quot;,&quot;navigation&quot;:&quot;none&quot;,&quot;autoplay&quot;:&quot;no&quot;,&quot;infinite&quot;:&quot;no&quot;,&quot;effect&quot;:&quot;fade&quot;,&quot;speed&quot;:500}\" data-widget_type=\"image-carousel.default\">\n\t\t\t\t<div class=\"elementor-widget-container\">\n\t\t\t\t\t\t\t<div class=\"elementor-image-carousel-wrapper swiper\" role=\"region\" aria-roledescription=\"carousel\" aria-label=\"Carrousel d\u2019images\" dir=\"ltr\">\n\t\t\t<div class=\"elementor-image-carousel swiper-wrapper\" aria-live=\"polite\">\n\t\t\t\t\t\t\t\t<div class=\"swiper-slide\" role=\"group\" aria-roledescription=\"slide\" aria-label=\"1 sur 1\"><figure class=\"swiper-slide-inner\"><img decoding=\"async\" class=\"swiper-slide-image\" src=\"https:\/\/www.flavex.com\/wp-content\/uploads\/2021\/01\/flavex-naturextrakte-unternehmen.jpg\" alt=\"Flavex Naturextrakte, Das Unternehmen\" \/><\/figure><\/div>\t\t\t<\/div>\n\t\t\t\t\t<\/div>\n\t\t\t\t\t\t<\/div>\n\t\t\t\t<\/div>\n\t\t\t\t\t<\/div>\n\t\t<\/div>\n\t\t\t\t\t<\/div>\n\t\t<\/section>\n\t\t\t\t\t<\/div>\n\t\t<\/div>\n\t\t\t\t\t<\/div>\n\t\t<\/section>\n\t\t\t\t<section class=\"elementor-section elementor-top-section elementor-element elementor-element-ef28362 elementor-section-boxed elementor-section-height-default elementor-section-height-default\" data-id=\"ef28362\" data-element_type=\"section\" data-e-type=\"section\">\n\t\t\t\t\t\t<div class=\"elementor-container elementor-column-gap-default\">\n\t\t\t\t\t<div class=\"elementor-column elementor-col-100 elementor-top-column elementor-element elementor-element-4052f08\" data-id=\"4052f08\" data-element_type=\"column\" data-e-type=\"column\">\n\t\t\t<div class=\"elementor-widget-wrap elementor-element-populated\">\n\t\t\t\t\t\t<div class=\"elementor-element elementor-element-617bb89 elementor-widget elementor-widget-breadcrumbs\" data-id=\"617bb89\" data-element_type=\"widget\" data-e-type=\"widget\" data-widget_type=\"breadcrumbs.default\">\n\t\t\t\t<div class=\"elementor-widget-container\">\n\t\t\t\t\t<p id=\"breadcrumbs\">\tVous \u00eates ici:\n<span><span><a href=\"https:\/\/www.flavex.com\/fr\/\">Home<\/a><\/span><\/span><\/p>\t\t\t\t<\/div>\n\t\t\t\t<\/div>\n\t\t\t\t\t<\/div>\n\t\t<\/div>\n\t\t\t\t\t<\/div>\n\t\t<\/section>\n\t\t\t\t<section class=\"elementor-section elementor-top-section elementor-element elementor-element-b9d8024 elementor-section-boxed elementor-section-height-default elementor-section-height-default\" data-id=\"b9d8024\" data-element_type=\"section\" data-e-type=\"section\">\n\t\t\t\t\t\t<div class=\"elementor-container elementor-column-gap-default\">\n\t\t\t\t\t<div class=\"elementor-column elementor-col-100 elementor-top-column elementor-element elementor-element-033f138\" data-id=\"033f138\" data-element_type=\"column\" data-e-type=\"column\">\n\t\t\t<div class=\"elementor-widget-wrap elementor-element-populated\">\n\t\t\t\t\t\t<div class=\"elementor-element elementor-element-6be6a26 elementor-widget elementor-widget-text-editor\" data-id=\"6be6a26\" data-element_type=\"widget\" data-e-type=\"widget\" data-widget_type=\"text-editor.default\">\n\t\t\t\t<div class=\"elementor-widget-container\">\n\t\t\t\t\t\t\t\t\t<p><span class=\"bold\">Garantir un approvisionnement s\u00fbr en mati\u00e8res premi\u00e8res avec des partenaires<br \/><\/span>En ce qui concerne la livraison des mati\u00e8res premi\u00e8res essentielles, nous ne prenons pas de risques. Les stocks de mati\u00e8res de base telles que les racines de gingembre ou de curcuma sont garantis gr\u00e2ce \u00e0 des contrats de culture de longue dur\u00e9e conclus avec nos partenaires dans les pays de provenance.<\/p><p><strong>Main dans la main avec les cultivateurs<\/strong><br \/>Les fleurs de souci, qui pr\u00e9sentent des teneurs \u00e9lev\u00e9es en esters faradiols, ou les fleurs de camomille, avec une teneur \u00e9lev\u00e9e en bisabolol, sont produites par plusieurs partenaires bas\u00e9s en Europe centrale.<\/p><p><strong>Partenariat et engagement social<\/strong><br \/>Afin de garantir les stocks de plantes m\u00e9dicinales et aromatiques m\u00e9diterran\u00e9ennes thermophiles, nous avons mis en place un projet de culture b\u00e9n\u00e9ficiant de fonds publics en Albanie. Le romarin, la sauge, l\u2019origan et la citronnelle sont par exemple cultiv\u00e9s de mani\u00e8re durable et \u00e9cologique.<\/p><p><b>La qualit\u00e9 doit \u00eatre r\u00e9alisable<br \/><\/b>La demande de fleurs d\u2019arnica est de plus en plus grandissante. Une sollicitation trop importante des zones de cueillette traditionnelles et le recul des stocks naturels sont \u00e0 craindre. Nous souhaitons prot\u00e9ger cette plante pr\u00e9cieuse et favoriser sa propagation naturelle. Afin de r\u00e9pondre \u00e9galement aux exigences de qualit\u00e9 croissantes en ce qui concerne la puret\u00e9 et le taux de principe actif, nous avons lanc\u00e9 un projet de culture local. Les caract\u00e9ristiques agronomiques de la culture qui permettent une m\u00e9canisation y sont optimis\u00e9es.<\/p><p><span class=\"bold\">Pour une cohabitation harmonieuse de l\u2019homme, de l\u2019environnement et du commerce<\/span><br \/>Dans le cadre de ses projets de culture, FLAVEX fournit des semences et des mati\u00e8res v\u00e9g\u00e9tales s\u00e9lectionn\u00e9es. Pour les mati\u00e8res premi\u00e8res on\u00e9reuses telles que l\u2019\u00e9chinac\u00e9e, une semence optimis\u00e9e est utilis\u00e9e. La haute concentration en substances actives dans les extraits CO<sub>2<\/sub> garantit ainsi un bon rapport qualit\u00e9-prix pour les produits.<\/p>\t\t\t\t\t\t\t\t<\/div>\n\t\t\t\t<\/div>\n\t\t\t\t\t<\/div>\n\t\t<\/div>\n\t\t\t\t\t<\/div>\n\t\t<\/section>\n\t\t\t\t<section class=\"elementor-section elementor-top-section elementor-element elementor-element-61482f2 elementor-section-boxed elementor-section-height-default elementor-section-height-default\" data-id=\"61482f2\" data-element_type=\"section\" data-e-type=\"section\">\n\t\t\t\t\t\t<div class=\"elementor-container elementor-column-gap-default\">\n\t\t\t\t\t<div class=\"elementor-column elementor-col-100 elementor-top-column elementor-element elementor-element-71bc1ec\" data-id=\"71bc1ec\" data-element_type=\"column\" data-e-type=\"column\">\n\t\t\t<div class=\"elementor-widget-wrap elementor-element-populated\">\n\t\t\t\t\t\t\t<\/div>\n\t\t<\/div>\n\t\t\t\t\t<\/div>\n\t\t<\/section>\n\t\t\t\t<\/div>\n\t\t","protected":false},"excerpt":{"rendered":"Nos projets de culture pour des mati\u00e8res premi\u00e8res de haute qualit\u00e9 Garantir un approvisionnement s\u00fbr &#8230; <p class=\"read-more-container\"><a title=\"Nos projets de culture\" class=\"read-more button\" href=\"https:\/\/www.flavex.com\/fr\/lentreprise\/nos-projet\/nos-projets-de-culture\/#more-14444\" aria-label=\"En savoir plus sur Nos projets de culture\">En savoir plus<\/a><\/p>","protected":false},"author":1,"featured_media":0,"parent":14442,"menu_order":0,"comment_status":"closed","ping_status":"closed","template":"","meta":{"_acf_changed":false,"footnotes":""},"class_list":{"0":"post-14444","1":"page","2":"type-page","3":"status-publish","5":"infinite-scroll-item"},"acf":[],"yoast_head":"<!-- This site is optimized with the Yoast SEO plugin v27.3 - https:\/\/yoast.com\/product\/yoast-seo-wordpress\/ -->\n<title>Mati\u00e8res premi\u00e8res de choix | FLAVEX Naturextrakte GmbH<\/title>\n<meta name=\"description\" content=\"FLAVEX Naturextrakte GmbH garantit des mati\u00e8respremi\u00e8res v\u00e9g\u00e9tales de qualit\u00e9 avec des contrats deculture longue dur\u00e9e et des semences s\u00e9lectionn\u00e9es.\" \/>\n<meta name=\"robots\" content=\"index, follow, max-snippet:-1, max-image-preview:large, max-video-preview:-1\" \/>\n<link rel=\"canonical\" href=\"https:\/\/www.flavex.com\/fr\/lentreprise\/nos-projet\/nos-projets-de-culture\/\" \/>\n<meta property=\"og:locale\" content=\"fr_FR\" \/>\n<meta property=\"og:type\" content=\"article\" \/>\n<meta property=\"og:title\" content=\"Mati\u00e8res premi\u00e8res de choix | FLAVEX Naturextrakte GmbH\" \/>\n<meta property=\"og:description\" content=\"FLAVEX Naturextrakte GmbH garantit des mati\u00e8respremi\u00e8res v\u00e9g\u00e9tales de qualit\u00e9 avec des contrats deculture longue dur\u00e9e et des semences s\u00e9lectionn\u00e9es.\" \/>\n<meta property=\"og:url\" content=\"https:\/\/www.flavex.com\/fr\/lentreprise\/nos-projet\/nos-projets-de-culture\/\" \/>\n<meta property=\"og:site_name\" content=\"FLAVEX Naturextrakte GmbH\" \/>\n<meta property=\"article:modified_time\" content=\"2024-09-03T10:45:19+00:00\" \/>\n<meta property=\"og:image\" content=\"https:\/\/www.flavex.com\/wp-content\/uploads\/2021\/01\/flavex-naturextrakte-unternehmen.jpg\" \/>\n<meta name=\"twitter:card\" content=\"summary_large_image\" \/>\n<meta name=\"twitter:label1\" content=\"Dur\u00e9e de lecture estim\u00e9e\" \/>\n\t<meta name=\"twitter:data1\" content=\"2 minutes\" \/>\n<script type=\"application\/ld+json\" class=\"yoast-schema-graph\">{\"@context\":\"https:\\\/\\\/schema.org\",\"@graph\":[{\"@type\":\"WebPage\",\"@id\":\"https:\\\/\\\/www.flavex.com\\\/fr\\\/lentreprise\\\/nos-projet\\\/nos-projets-de-culture\\\/\",\"url\":\"https:\\\/\\\/www.flavex.com\\\/fr\\\/lentreprise\\\/nos-projet\\\/nos-projets-de-culture\\\/\",\"name\":\"Mati\u00e8res premi\u00e8res de choix | FLAVEX Naturextrakte GmbH\",\"isPartOf\":{\"@id\":\"https:\\\/\\\/www.flavex.com\\\/fr\\\/#website\"},\"primaryImageOfPage\":{\"@id\":\"https:\\\/\\\/www.flavex.com\\\/fr\\\/lentreprise\\\/nos-projet\\\/nos-projets-de-culture\\\/#primaryimage\"},\"image\":{\"@id\":\"https:\\\/\\\/www.flavex.com\\\/fr\\\/lentreprise\\\/nos-projet\\\/nos-projets-de-culture\\\/#primaryimage\"},\"thumbnailUrl\":\"https:\\\/\\\/www.flavex.com\\\/wp-content\\\/uploads\\\/2021\\\/01\\\/flavex-naturextrakte-unternehmen.jpg\",\"datePublished\":\"2021-02-17T11:10:15+00:00\",\"dateModified\":\"2024-09-03T10:45:19+00:00\",\"description\":\"FLAVEX Naturextrakte GmbH garantit des mati\u00e8respremi\u00e8res v\u00e9g\u00e9tales de qualit\u00e9 avec des contrats deculture longue dur\u00e9e et des semences s\u00e9lectionn\u00e9es.\",\"breadcrumb\":{\"@id\":\"https:\\\/\\\/www.flavex.com\\\/fr\\\/lentreprise\\\/nos-projet\\\/nos-projets-de-culture\\\/#breadcrumb\"},\"inLanguage\":\"fr-FR\",\"potentialAction\":[{\"@type\":\"ReadAction\",\"target\":[\"https:\\\/\\\/www.flavex.com\\\/fr\\\/lentreprise\\\/nos-projet\\\/nos-projets-de-culture\\\/\"]}]},{\"@type\":\"ImageObject\",\"inLanguage\":\"fr-FR\",\"@id\":\"https:\\\/\\\/www.flavex.com\\\/fr\\\/lentreprise\\\/nos-projet\\\/nos-projets-de-culture\\\/#primaryimage\",\"url\":\"https:\\\/\\\/www.flavex.com\\\/wp-content\\\/uploads\\\/2021\\\/01\\\/flavex-naturextrakte-unternehmen.jpg\",\"contentUrl\":\"https:\\\/\\\/www.flavex.com\\\/wp-content\\\/uploads\\\/2021\\\/01\\\/flavex-naturextrakte-unternehmen.jpg\"},{\"@type\":\"BreadcrumbList\",\"@id\":\"https:\\\/\\\/www.flavex.com\\\/fr\\\/lentreprise\\\/nos-projet\\\/nos-projets-de-culture\\\/#breadcrumb\",\"itemListElement\":[{\"@type\":\"ListItem\",\"position\":1,\"name\":\"Home\",\"item\":\"https:\\\/\\\/www.flavex.com\\\/fr\\\/\"},{\"@type\":\"ListItem\",\"position\":2,\"name\":\"l&rsquo;entreprise\",\"item\":\"https:\\\/\\\/www.flavex.com\\\/fr\\\/lentreprise\\\/\"},{\"@type\":\"ListItem\",\"position\":3,\"name\":\"Nos projet\",\"item\":\"https:\\\/\\\/www.flavex.com\\\/fr\\\/lentreprise\\\/nos-projet\\\/\"},{\"@type\":\"ListItem\",\"position\":4,\"name\":\"Nos projets de culture\"}]},{\"@type\":\"WebSite\",\"@id\":\"https:\\\/\\\/www.flavex.com\\\/fr\\\/#website\",\"url\":\"https:\\\/\\\/www.flavex.com\\\/fr\\\/\",\"name\":\"Flavex Naturextrakte GmbH\",\"description\":\"CO&lt;sub&gt;2&lt;\\\/sub&gt; Extrakte\",\"publisher\":{\"@id\":\"https:\\\/\\\/www.flavex.com\\\/fr\\\/#organization\"},\"alternateName\":\"Flavex Naturextrakte GmbH\",\"potentialAction\":[{\"@type\":\"SearchAction\",\"target\":{\"@type\":\"EntryPoint\",\"urlTemplate\":\"https:\\\/\\\/www.flavex.com\\\/fr\\\/?s={search_term_string}\"},\"query-input\":{\"@type\":\"PropertyValueSpecification\",\"valueRequired\":true,\"valueName\":\"search_term_string\"}}],\"inLanguage\":\"fr-FR\"},{\"@type\":\"Organization\",\"@id\":\"https:\\\/\\\/www.flavex.com\\\/fr\\\/#organization\",\"name\":\"FLAVEX Naturextrakte GmbH\",\"alternateName\":\"Flavex Naturextrakte GmbH\",\"url\":\"https:\\\/\\\/www.flavex.com\\\/fr\\\/\",\"logo\":{\"@type\":\"ImageObject\",\"inLanguage\":\"fr-FR\",\"@id\":\"https:\\\/\\\/www.flavex.com\\\/fr\\\/#\\\/schema\\\/logo\\\/image\\\/\",\"url\":\"https:\\\/\\\/www.flavex.com\\\/wp-content\\\/uploads\\\/2021\\\/01\\\/cropped-logo.png\",\"contentUrl\":\"https:\\\/\\\/www.flavex.com\\\/wp-content\\\/uploads\\\/2021\\\/01\\\/cropped-logo.png\",\"width\":269,\"height\":100,\"caption\":\"FLAVEX Naturextrakte GmbH\"},\"image\":{\"@id\":\"https:\\\/\\\/www.flavex.com\\\/fr\\\/#\\\/schema\\\/logo\\\/image\\\/\"}}]}<\/script>\n<!-- \/ Yoast SEO plugin. -->","yoast_head_json":{"title":"Mati\u00e8res premi\u00e8res de choix | FLAVEX Naturextrakte GmbH","description":"FLAVEX Naturextrakte GmbH garantit des mati\u00e8respremi\u00e8res v\u00e9g\u00e9tales de qualit\u00e9 avec des contrats deculture longue dur\u00e9e et des semences s\u00e9lectionn\u00e9es.","robots":{"index":"index","follow":"follow","max-snippet":"max-snippet:-1","max-image-preview":"max-image-preview:large","max-video-preview":"max-video-preview:-1"},"canonical":"https:\/\/www.flavex.com\/fr\/lentreprise\/nos-projet\/nos-projets-de-culture\/","og_locale":"fr_FR","og_type":"article","og_title":"Mati\u00e8res premi\u00e8res de choix | FLAVEX Naturextrakte GmbH","og_description":"FLAVEX Naturextrakte GmbH garantit des mati\u00e8respremi\u00e8res v\u00e9g\u00e9tales de qualit\u00e9 avec des contrats deculture longue dur\u00e9e et des semences s\u00e9lectionn\u00e9es.","og_url":"https:\/\/www.flavex.com\/fr\/lentreprise\/nos-projet\/nos-projets-de-culture\/","og_site_name":"FLAVEX Naturextrakte GmbH","article_modified_time":"2024-09-03T10:45:19+00:00","og_image":[{"url":"https:\/\/www.flavex.com\/wp-content\/uploads\/2021\/01\/flavex-naturextrakte-unternehmen.jpg","type":"","width":"","height":""}],"twitter_card":"summary_large_image","twitter_misc":{"Dur\u00e9e de lecture estim\u00e9e":"2 minutes"},"schema":{"@context":"https:\/\/schema.org","@graph":[{"@type":"WebPage","@id":"https:\/\/www.flavex.com\/fr\/lentreprise\/nos-projet\/nos-projets-de-culture\/","url":"https:\/\/www.flavex.com\/fr\/lentreprise\/nos-projet\/nos-projets-de-culture\/","name":"Mati\u00e8res premi\u00e8res de choix | FLAVEX Naturextrakte GmbH","isPartOf":{"@id":"https:\/\/www.flavex.com\/fr\/#website"},"primaryImageOfPage":{"@id":"https:\/\/www.flavex.com\/fr\/lentreprise\/nos-projet\/nos-projets-de-culture\/#primaryimage"},"image":{"@id":"https:\/\/www.flavex.com\/fr\/lentreprise\/nos-projet\/nos-projets-de-culture\/#primaryimage"},"thumbnailUrl":"https:\/\/www.flavex.com\/wp-content\/uploads\/2021\/01\/flavex-naturextrakte-unternehmen.jpg","datePublished":"2021-02-17T11:10:15+00:00","dateModified":"2024-09-03T10:45:19+00:00","description":"FLAVEX Naturextrakte GmbH garantit des mati\u00e8respremi\u00e8res v\u00e9g\u00e9tales de qualit\u00e9 avec des contrats deculture longue dur\u00e9e et des semences s\u00e9lectionn\u00e9es.","breadcrumb":{"@id":"https:\/\/www.flavex.com\/fr\/lentreprise\/nos-projet\/nos-projets-de-culture\/#breadcrumb"},"inLanguage":"fr-FR","potentialAction":[{"@type":"ReadAction","target":["https:\/\/www.flavex.com\/fr\/lentreprise\/nos-projet\/nos-projets-de-culture\/"]}]},{"@type":"ImageObject","inLanguage":"fr-FR","@id":"https:\/\/www.flavex.com\/fr\/lentreprise\/nos-projet\/nos-projets-de-culture\/#primaryimage","url":"https:\/\/www.flavex.com\/wp-content\/uploads\/2021\/01\/flavex-naturextrakte-unternehmen.jpg","contentUrl":"https:\/\/www.flavex.com\/wp-content\/uploads\/2021\/01\/flavex-naturextrakte-unternehmen.jpg"},{"@type":"BreadcrumbList","@id":"https:\/\/www.flavex.com\/fr\/lentreprise\/nos-projet\/nos-projets-de-culture\/#breadcrumb","itemListElement":[{"@type":"ListItem","position":1,"name":"Home","item":"https:\/\/www.flavex.com\/fr\/"},{"@type":"ListItem","position":2,"name":"l&rsquo;entreprise","item":"https:\/\/www.flavex.com\/fr\/lentreprise\/"},{"@type":"ListItem","position":3,"name":"Nos projet","item":"https:\/\/www.flavex.com\/fr\/lentreprise\/nos-projet\/"},{"@type":"ListItem","position":4,"name":"Nos projets de culture"}]},{"@type":"WebSite","@id":"https:\/\/www.flavex.com\/fr\/#website","url":"https:\/\/www.flavex.com\/fr\/","name":"Flavex Naturextrakte GmbH","description":"CO&lt;sub&gt;2&lt;\/sub&gt; Extrakte","publisher":{"@id":"https:\/\/www.flavex.com\/fr\/#organization"},"alternateName":"Flavex Naturextrakte GmbH","potentialAction":[{"@type":"SearchAction","target":{"@type":"EntryPoint","urlTemplate":"https:\/\/www.flavex.com\/fr\/?s={search_term_string}"},"query-input":{"@type":"PropertyValueSpecification","valueRequired":true,"valueName":"search_term_string"}}],"inLanguage":"fr-FR"},{"@type":"Organization","@id":"https:\/\/www.flavex.com\/fr\/#organization","name":"FLAVEX Naturextrakte GmbH","alternateName":"Flavex Naturextrakte GmbH","url":"https:\/\/www.flavex.com\/fr\/","logo":{"@type":"ImageObject","inLanguage":"fr-FR","@id":"https:\/\/www.flavex.com\/fr\/#\/schema\/logo\/image\/","url":"https:\/\/www.flavex.com\/wp-content\/uploads\/2021\/01\/cropped-logo.png","contentUrl":"https:\/\/www.flavex.com\/wp-content\/uploads\/2021\/01\/cropped-logo.png","width":269,"height":100,"caption":"FLAVEX Naturextrakte GmbH"},"image":{"@id":"https:\/\/www.flavex.com\/fr\/#\/schema\/logo\/image\/"}}]}},"_links":{"self":[{"href":"https:\/\/www.flavex.com\/fr\/wp-json\/wp\/v2\/pages\/14444","targetHints":{"allow":["GET"]}}],"collection":[{"href":"https:\/\/www.flavex.com\/fr\/wp-json\/wp\/v2\/pages"}],"about":[{"href":"https:\/\/www.flavex.com\/fr\/wp-json\/wp\/v2\/types\/page"}],"author":[{"embeddable":true,"href":"https:\/\/www.flavex.com\/fr\/wp-json\/wp\/v2\/users\/1"}],"replies":[{"embeddable":true,"href":"https:\/\/www.flavex.com\/fr\/wp-json\/wp\/v2\/comments?post=14444"}],"version-history":[{"count":31,"href":"https:\/\/www.flavex.com\/fr\/wp-json\/wp\/v2\/pages\/14444\/revisions"}],"predecessor-version":[{"id":24880,"href":"https:\/\/www.flavex.com\/fr\/wp-json\/wp\/v2\/pages\/14444\/revisions\/24880"}],"up":[{"embeddable":true,"href":"https:\/\/www.flavex.com\/fr\/wp-json\/wp\/v2\/pages\/14442"}],"wp:attachment":[{"href":"https:\/\/www.flavex.com\/fr\/wp-json\/wp\/v2\/media?parent=14444"}],"curies":[{"name":"wp","href":"https:\/\/api.w.org\/{rel}","templated":true}]}}