{"id":14760,"date":"2021-03-03T14:29:25","date_gmt":"2021-02-23T18:06:50","guid":{"rendered":"https:\/\/www.flavex.com\/produkt\/flavoxan-25-rosmarin-antioxidans-formulierung-non-148-002\/"},"modified":"2022-08-16T16:40:14","modified_gmt":"2022-08-16T14:40:14","slug":"148_002","status":"publish","type":"product","link":"https:\/\/www.flavex.com\/fr\/produkt\/148_002\/","title":{"rendered":"Flavoxan 25, formulation romarin anti-oxydant <br\/>Product-No.: 148.002"},"content":{"rendered":"","protected":false},"excerpt":{"rendered":"<b>Mati\u00e8res Premi\u00e8res:<\/b>\r\nRosmarinus officinalis &#8211; Leaves, dried\r\n\r\n<b>Fabrication:<\/b>\r\nThe formulation contains mainly rosemary antioxidant extract (organic), produced by supercritical fluid extraction with natural carbon dioxide and a small amount of ethanol as entrainer, therefore no solvent residues, no inorganic salts, no heavy metals, no reproducible microorganisms [1]. The extract is standardized with sunflower oil (organic). In addition, the formulation contains GMO free sunflower lecithin and a small amount of a natural mixture of GMO free tocopherols.\r\n\r\n<b>Ingr\u00e9dients:<\/b>\r\nvoir sp\u00e9cifications\r\n\r\n<b>Utilisation:<\/b>\r\nresidual content of ethanol &lt; 2 %\r\n\r\nAs antioxidant in the food industry for the stabilization of fats and oils, fine bakery products, meat products, fish products, soups, sauces, seasonings. When using, observe the conditions of use according to Regulation (EC) No. 1333\/2008 on food additives.*\r\n\r\nAs an antioxidant in dietary supplements or to stabilize beta-carotene and lycopene preparations for dietary supplements.*\r\n\r\n<b>Litt\u00e9rature:<\/b>\r\nIn cosmetic products as an antioxidant.*\r\n[1] P. Manninen, E. H\u00e4iv\u00e4l\u00e4, S. Sarimo, H. Kallio : Distribution of microbes in supercritical CO2 extraction of sea buckthorn (Hippophae rhamnoides) oils : Zeitschrift f\u00fcr Lebensmitteluntersuchung und -Forschung \/ Springerverlag (1997) 204: 202-205","protected":false},"featured_media":15014,"template":"","meta":{"_acf_changed":false},"product_brand":[],"product_cat":[143,136,139,137,144,145,147,151,148,149,146,71],"product_tag":[],"class_list":{"0":"post-14760","1":"product","2":"type-product","3":"status-publish","4":"has-post-thumbnail","6":"product_cat-anti-age","7":"product_cat-anti-inflammatoire","8":"product_cat-antimicrobien","9":"product_cat-antioxydant","10":"product_cat-conservateur","11":"product_cat-protection-solaire","12":"product_cat-savon","13":"product_cat-soins-de-la-bouche","14":"product_cat-soins-des-cheveux","15":"product_cat-soins-des-levres","16":"product_cat-soins-pour-hommes","17":"product_cat-tous-les-produits","18":"infinite-scroll-item","20":"first","21":"instock","22":"product-type-simple"},"acf":[],"yoast_head":"<!-- This site is optimized with the Yoast SEO plugin v27.3 - https:\/\/yoast.com\/product\/yoast-seo-wordpress\/ -->\n<title>Flavoxan 25, formulation romarin anti-oxydant Product-No.: 148.002 - FLAVEX Naturextrakte GmbH<\/title>\n<meta name=\"description\" content=\"CO2-Extrakt von FLAVEX Naturextrakte GmbH: Flavoxan 25, formulation romarin anti-oxydant Product-No.: 148.002 - jetzt Informieren!\" \/>\n<meta name=\"robots\" content=\"index, follow, max-snippet:-1, max-image-preview:large, max-video-preview:-1\" \/>\n<link rel=\"canonical\" href=\"https:\/\/www.flavex.com\/fr\/produkt\/148_002\/\" \/>\n<meta property=\"og:locale\" content=\"fr_FR\" \/>\n<meta property=\"og:type\" content=\"article\" \/>\n<meta property=\"og:title\" content=\"Flavoxan 25, formulation romarin anti-oxydant Product-No.: 148.002 - FLAVEX Naturextrakte GmbH\" \/>\n<meta property=\"og:description\" content=\"CO2-Extrakt von FLAVEX Naturextrakte GmbH: Flavoxan 25, formulation romarin anti-oxydant Product-No.: 148.002 - jetzt Informieren!\" \/>\n<meta property=\"og:url\" content=\"https:\/\/www.flavex.com\/fr\/produkt\/148_002\/\" \/>\n<meta property=\"og:site_name\" content=\"FLAVEX Naturextrakte GmbH\" \/>\n<meta property=\"article:modified_time\" content=\"2022-08-16T14:40:14+00:00\" \/>\n<meta property=\"og:image\" content=\"https:\/\/www.flavex.com\/wp-content\/uploads\/2021\/01\/Rosmarin.jpg\" \/>\n\t<meta property=\"og:image:width\" content=\"500\" \/>\n\t<meta property=\"og:image:height\" content=\"500\" \/>\n\t<meta property=\"og:image:type\" content=\"image\/jpeg\" \/>\n<meta name=\"twitter:card\" content=\"summary_large_image\" \/>\n<script type=\"application\/ld+json\" class=\"yoast-schema-graph\">{\"@context\":\"https:\\\/\\\/schema.org\",\"@graph\":[{\"@type\":\"WebPage\",\"@id\":\"https:\\\/\\\/www.flavex.com\\\/fr\\\/produkt\\\/148_002\\\/\",\"url\":\"https:\\\/\\\/www.flavex.com\\\/fr\\\/produkt\\\/148_002\\\/\",\"name\":\"Flavoxan 25, formulation romarin anti-oxydant Product-No.: 148.002 - FLAVEX Naturextrakte GmbH\",\"isPartOf\":{\"@id\":\"https:\\\/\\\/www.flavex.com\\\/fr\\\/#website\"},\"primaryImageOfPage\":{\"@id\":\"https:\\\/\\\/www.flavex.com\\\/fr\\\/produkt\\\/148_002\\\/#primaryimage\"},\"image\":{\"@id\":\"https:\\\/\\\/www.flavex.com\\\/fr\\\/produkt\\\/148_002\\\/#primaryimage\"},\"thumbnailUrl\":\"https:\\\/\\\/www.flavex.com\\\/wp-content\\\/uploads\\\/2021\\\/01\\\/Rosmarin.jpg\",\"datePublished\":\"2021-02-23T18:06:50+00:00\",\"dateModified\":\"2022-08-16T14:40:14+00:00\",\"description\":\"CO2-Extrakt von FLAVEX Naturextrakte GmbH: Flavoxan 25, formulation romarin anti-oxydant Product-No.: 148.002 - jetzt Informieren!\",\"breadcrumb\":{\"@id\":\"https:\\\/\\\/www.flavex.com\\\/fr\\\/produkt\\\/148_002\\\/#breadcrumb\"},\"inLanguage\":\"fr-FR\",\"potentialAction\":[{\"@type\":\"ReadAction\",\"target\":[\"https:\\\/\\\/www.flavex.com\\\/fr\\\/produkt\\\/148_002\\\/\"]}]},{\"@type\":\"ImageObject\",\"inLanguage\":\"fr-FR\",\"@id\":\"https:\\\/\\\/www.flavex.com\\\/fr\\\/produkt\\\/148_002\\\/#primaryimage\",\"url\":\"https:\\\/\\\/www.flavex.com\\\/wp-content\\\/uploads\\\/2021\\\/01\\\/Rosmarin.jpg\",\"contentUrl\":\"https:\\\/\\\/www.flavex.com\\\/wp-content\\\/uploads\\\/2021\\\/01\\\/Rosmarin.jpg\",\"width\":500,\"height\":500,\"caption\":\"Rosmarin\"},{\"@type\":\"BreadcrumbList\",\"@id\":\"https:\\\/\\\/www.flavex.com\\\/fr\\\/produkt\\\/148_002\\\/#breadcrumb\",\"itemListElement\":[{\"@type\":\"ListItem\",\"position\":1,\"name\":\"Home\",\"item\":\"https:\\\/\\\/www.flavex.com\\\/fr\\\/\"},{\"@type\":\"ListItem\",\"position\":2,\"name\":\"Produits\",\"item\":\"https:\\\/\\\/www.flavex.com\\\/fr\\\/shop\\\/\"},{\"@type\":\"ListItem\",\"position\":3,\"name\":\"Flavoxan 25, formulation romarin anti-oxydant Product-No.: 148.002\"}]},{\"@type\":\"WebSite\",\"@id\":\"https:\\\/\\\/www.flavex.com\\\/fr\\\/#website\",\"url\":\"https:\\\/\\\/www.flavex.com\\\/fr\\\/\",\"name\":\"Flavex Naturextrakte GmbH\",\"description\":\"CO&lt;sub&gt;2&lt;\\\/sub&gt; Extrakte\",\"publisher\":{\"@id\":\"https:\\\/\\\/www.flavex.com\\\/fr\\\/#organization\"},\"alternateName\":\"Flavex Naturextrakte GmbH\",\"potentialAction\":[{\"@type\":\"SearchAction\",\"target\":{\"@type\":\"EntryPoint\",\"urlTemplate\":\"https:\\\/\\\/www.flavex.com\\\/fr\\\/?s={search_term_string}\"},\"query-input\":{\"@type\":\"PropertyValueSpecification\",\"valueRequired\":true,\"valueName\":\"search_term_string\"}}],\"inLanguage\":\"fr-FR\"},{\"@type\":\"Organization\",\"@id\":\"https:\\\/\\\/www.flavex.com\\\/fr\\\/#organization\",\"name\":\"FLAVEX Naturextrakte GmbH\",\"alternateName\":\"Flavex Naturextrakte GmbH\",\"url\":\"https:\\\/\\\/www.flavex.com\\\/fr\\\/\",\"logo\":{\"@type\":\"ImageObject\",\"inLanguage\":\"fr-FR\",\"@id\":\"https:\\\/\\\/www.flavex.com\\\/fr\\\/#\\\/schema\\\/logo\\\/image\\\/\",\"url\":\"https:\\\/\\\/www.flavex.com\\\/wp-content\\\/uploads\\\/2021\\\/01\\\/cropped-logo.png\",\"contentUrl\":\"https:\\\/\\\/www.flavex.com\\\/wp-content\\\/uploads\\\/2021\\\/01\\\/cropped-logo.png\",\"width\":269,\"height\":100,\"caption\":\"FLAVEX Naturextrakte GmbH\"},\"image\":{\"@id\":\"https:\\\/\\\/www.flavex.com\\\/fr\\\/#\\\/schema\\\/logo\\\/image\\\/\"}}]}<\/script>\n<!-- \/ Yoast SEO plugin. -->","yoast_head_json":{"title":"Flavoxan 25, formulation romarin anti-oxydant Product-No.: 148.002 - FLAVEX Naturextrakte GmbH","description":"CO2-Extrakt von FLAVEX Naturextrakte GmbH: Flavoxan 25, formulation romarin anti-oxydant Product-No.: 148.002 - jetzt Informieren!","robots":{"index":"index","follow":"follow","max-snippet":"max-snippet:-1","max-image-preview":"max-image-preview:large","max-video-preview":"max-video-preview:-1"},"canonical":"https:\/\/www.flavex.com\/fr\/produkt\/148_002\/","og_locale":"fr_FR","og_type":"article","og_title":"Flavoxan 25, formulation romarin anti-oxydant Product-No.: 148.002 - FLAVEX Naturextrakte GmbH","og_description":"CO2-Extrakt von FLAVEX Naturextrakte GmbH: Flavoxan 25, formulation romarin anti-oxydant Product-No.: 148.002 - jetzt Informieren!","og_url":"https:\/\/www.flavex.com\/fr\/produkt\/148_002\/","og_site_name":"FLAVEX Naturextrakte GmbH","article_modified_time":"2022-08-16T14:40:14+00:00","og_image":[{"width":500,"height":500,"url":"https:\/\/www.flavex.com\/wp-content\/uploads\/2021\/01\/Rosmarin.jpg","type":"image\/jpeg"}],"twitter_card":"summary_large_image","schema":{"@context":"https:\/\/schema.org","@graph":[{"@type":"WebPage","@id":"https:\/\/www.flavex.com\/fr\/produkt\/148_002\/","url":"https:\/\/www.flavex.com\/fr\/produkt\/148_002\/","name":"Flavoxan 25, formulation romarin anti-oxydant Product-No.: 148.002 - FLAVEX Naturextrakte GmbH","isPartOf":{"@id":"https:\/\/www.flavex.com\/fr\/#website"},"primaryImageOfPage":{"@id":"https:\/\/www.flavex.com\/fr\/produkt\/148_002\/#primaryimage"},"image":{"@id":"https:\/\/www.flavex.com\/fr\/produkt\/148_002\/#primaryimage"},"thumbnailUrl":"https:\/\/www.flavex.com\/wp-content\/uploads\/2021\/01\/Rosmarin.jpg","datePublished":"2021-02-23T18:06:50+00:00","dateModified":"2022-08-16T14:40:14+00:00","description":"CO2-Extrakt von FLAVEX Naturextrakte GmbH: Flavoxan 25, formulation romarin anti-oxydant Product-No.: 148.002 - jetzt Informieren!","breadcrumb":{"@id":"https:\/\/www.flavex.com\/fr\/produkt\/148_002\/#breadcrumb"},"inLanguage":"fr-FR","potentialAction":[{"@type":"ReadAction","target":["https:\/\/www.flavex.com\/fr\/produkt\/148_002\/"]}]},{"@type":"ImageObject","inLanguage":"fr-FR","@id":"https:\/\/www.flavex.com\/fr\/produkt\/148_002\/#primaryimage","url":"https:\/\/www.flavex.com\/wp-content\/uploads\/2021\/01\/Rosmarin.jpg","contentUrl":"https:\/\/www.flavex.com\/wp-content\/uploads\/2021\/01\/Rosmarin.jpg","width":500,"height":500,"caption":"Rosmarin"},{"@type":"BreadcrumbList","@id":"https:\/\/www.flavex.com\/fr\/produkt\/148_002\/#breadcrumb","itemListElement":[{"@type":"ListItem","position":1,"name":"Home","item":"https:\/\/www.flavex.com\/fr\/"},{"@type":"ListItem","position":2,"name":"Produits","item":"https:\/\/www.flavex.com\/fr\/shop\/"},{"@type":"ListItem","position":3,"name":"Flavoxan 25, formulation romarin anti-oxydant Product-No.: 148.002"}]},{"@type":"WebSite","@id":"https:\/\/www.flavex.com\/fr\/#website","url":"https:\/\/www.flavex.com\/fr\/","name":"Flavex Naturextrakte GmbH","description":"CO&lt;sub&gt;2&lt;\/sub&gt; Extrakte","publisher":{"@id":"https:\/\/www.flavex.com\/fr\/#organization"},"alternateName":"Flavex Naturextrakte GmbH","potentialAction":[{"@type":"SearchAction","target":{"@type":"EntryPoint","urlTemplate":"https:\/\/www.flavex.com\/fr\/?s={search_term_string}"},"query-input":{"@type":"PropertyValueSpecification","valueRequired":true,"valueName":"search_term_string"}}],"inLanguage":"fr-FR"},{"@type":"Organization","@id":"https:\/\/www.flavex.com\/fr\/#organization","name":"FLAVEX Naturextrakte GmbH","alternateName":"Flavex Naturextrakte GmbH","url":"https:\/\/www.flavex.com\/fr\/","logo":{"@type":"ImageObject","inLanguage":"fr-FR","@id":"https:\/\/www.flavex.com\/fr\/#\/schema\/logo\/image\/","url":"https:\/\/www.flavex.com\/wp-content\/uploads\/2021\/01\/cropped-logo.png","contentUrl":"https:\/\/www.flavex.com\/wp-content\/uploads\/2021\/01\/cropped-logo.png","width":269,"height":100,"caption":"FLAVEX Naturextrakte GmbH"},"image":{"@id":"https:\/\/www.flavex.com\/fr\/#\/schema\/logo\/image\/"}}]}},"_links":{"self":[{"href":"https:\/\/www.flavex.com\/fr\/wp-json\/wp\/v2\/product\/14760","targetHints":{"allow":["GET"]}}],"collection":[{"href":"https:\/\/www.flavex.com\/fr\/wp-json\/wp\/v2\/product"}],"about":[{"href":"https:\/\/www.flavex.com\/fr\/wp-json\/wp\/v2\/types\/product"}],"wp:featuredmedia":[{"embeddable":true,"href":"https:\/\/www.flavex.com\/fr\/wp-json\/wp\/v2\/media\/15014"}],"wp:attachment":[{"href":"https:\/\/www.flavex.com\/fr\/wp-json\/wp\/v2\/media?parent=14760"}],"wp:term":[{"taxonomy":"product_brand","embeddable":true,"href":"https:\/\/www.flavex.com\/fr\/wp-json\/wp\/v2\/product_brand?post=14760"},{"taxonomy":"product_cat","embeddable":true,"href":"https:\/\/www.flavex.com\/fr\/wp-json\/wp\/v2\/product_cat?post=14760"},{"taxonomy":"product_tag","embeddable":true,"href":"https:\/\/www.flavex.com\/fr\/wp-json\/wp\/v2\/product_tag?post=14760"}],"curies":[{"name":"wp","href":"https:\/\/api.w.org\/{rel}","templated":true}]}}