{"id":14814,"date":"2021-03-03T14:29:47","date_gmt":"2021-02-23T18:06:26","guid":{"rendered":"https:\/\/www.flavex.com\/produkt\/origanoblaetter-co2-se-extrakt-phenol-typ-non-103-001\/"},"modified":"2025-08-01T17:29:16","modified_gmt":"2025-08-01T15:29:16","slug":"103_001","status":"publish","type":"product","link":"https:\/\/www.flavex.com\/fr\/produkt\/103_001\/","title":{"rendered":"Origan (feuilles) extrait CO2-se, type ph\u00e9nol <br\/>Product-No.: 103.001"},"content":{"rendered":"","protected":false},"excerpt":{"rendered":"<b>Mati\u00e8res Premi\u00e8res:<\/b>\r\nOriganum vulgare &#8211; Leaves, dried\r\n\r\n<b>Fabrication:<\/b>\r\nBy supercritical fluid extraction with natural carbon dioxide, no solvent residues, no inorganic salts, no heavy metals, no reproducible microorganisms [1].\r\n\r\n<b>Ingr\u00e9dients:<\/b>\r\nvoir sp\u00e9cifications\r\n\r\n<b>Utilisation:<\/b>\r\nOregano has antimicrobial, antioxidant and anti-inflammatory effects. In addition, the essential oil of oregano improves gastrointestinal health, which is why the oil is used in folk medicine to treat digestive disorders. Other folk medicine uses of the oil are for colds and as a diuretic [2,3,4].*\r\n\r\nOregano is a popular spice and is used in many ways, especially in Italian cuisine. Oregano extract is therefore suitable as a spice extract for flavouring many foods, such as spice mixtures, soups, sauces and baked goods. Furthermore, the extract has an antimicrobial effect, especially against food relevant pathogens such as Listeria monocytogenes or Escherichia coli [2,3].*\r\n\r\nDue to its positive properties, which is why the extract is also used in folk medicine, the extract is also well suited as an ingredient in food supplements.*\r\n\r\nOregano extract has a spicy, characteristic scent profile, which is why it is used as a fragrance in various cosmetic products, such as soaps, perfumes and more. Due to its antimicrobial effect, the extract is also suitable as a natural preservative and as an ingredient in mouthwashes and toothpaste.*\r\n\r\n<b>Litt\u00e9rature:<\/b>\r\n[1] P. Manninen, E. H\u00e4iv\u00e4l\u00e4, S. Sarimo, H. Kallio : Distribution of microbes in supercritical CO2 extraction of sea buckthorn (Hippophae rhamnoides) oils : Zeitschrift f\u00fcr Lebensmitteluntersuchung und -Forschung \/ Springerverlag (1997) 204: 202-205\r\n[2] Jacob P. Veenstra, Jeremy J. Johnson : Oregano (Origanum vulgare) extract for food preservation and improvement in gastrointestinal health : Int J Nutr. 2019\r\n3(4): 43\u201352.\r\n[3] Hercules Sakkas, Chrissanthy Papadopoulou : Antimicrobial Activity of Basil, Oregano, and Thyme Essential Oils : J. Microbiol. Biotechnol. (2017), 27(3), 429\u2013438\r\n[4] Wolfgang Blascheck u.a. (Hrsg.) : HagerROM 2017, Hagers Enzyklop\u00e4die der Arzneistoffe und Drogen : Suttgart: Wissenschaftliche Verlagsgesellschaft Stuttgart, 2017\r\n\r\n&nbsp;","protected":false},"featured_media":15033,"template":"","meta":{"_acf_changed":false},"product_brand":[],"product_cat":[71],"product_tag":[],"class_list":{"0":"post-14814","1":"product","2":"type-product","3":"status-publish","4":"has-post-thumbnail","6":"product_cat-tous-les-produits","7":"infinite-scroll-item","9":"first","10":"instock","11":"product-type-simple"},"acf":[],"yoast_head":"<!-- This site is optimized with the Yoast SEO plugin v27.3 - https:\/\/yoast.com\/product\/yoast-seo-wordpress\/ -->\n<title>Origan (feuilles) extrait CO2-se, type ph\u00e9nol Product-No.: 103.001 - FLAVEX Naturextrakte GmbH<\/title>\n<meta name=\"description\" content=\"CO2-Extrakt von FLAVEX Naturextrakte GmbH: Origan (feuilles) extrait CO2-se, type ph\u00e9nol Product-No.: 103.001 - jetzt Informieren!\" \/>\n<meta name=\"robots\" content=\"index, follow, max-snippet:-1, max-image-preview:large, max-video-preview:-1\" \/>\n<link rel=\"canonical\" href=\"https:\/\/www.flavex.com\/fr\/produkt\/103_024\/\" \/>\n<meta property=\"og:locale\" content=\"fr_FR\" \/>\n<meta property=\"og:type\" content=\"article\" \/>\n<meta property=\"og:title\" content=\"Origan (feuilles) extrait CO2-se, type ph\u00e9nol Product-No.: 103.001 - FLAVEX Naturextrakte GmbH\" \/>\n<meta property=\"og:description\" content=\"CO2-Extrakt von FLAVEX Naturextrakte GmbH: Origan (feuilles) extrait CO2-se, type ph\u00e9nol Product-No.: 103.001 - jetzt Informieren!\" \/>\n<meta property=\"og:url\" content=\"https:\/\/www.flavex.com\/fr\/produkt\/103_024\/\" \/>\n<meta property=\"og:site_name\" content=\"FLAVEX Naturextrakte GmbH\" \/>\n<meta property=\"article:modified_time\" content=\"2025-08-01T15:29:16+00:00\" \/>\n<meta property=\"og:image\" content=\"https:\/\/www.flavex.com\/wp-content\/uploads\/2021\/01\/Oregano.jpg\" \/>\n\t<meta property=\"og:image:width\" content=\"500\" \/>\n\t<meta property=\"og:image:height\" content=\"500\" \/>\n\t<meta property=\"og:image:type\" content=\"image\/jpeg\" \/>\n<meta name=\"twitter:card\" content=\"summary_large_image\" \/>\n<meta name=\"twitter:label1\" content=\"Dur\u00e9e de lecture estim\u00e9e\" \/>\n\t<meta name=\"twitter:data1\" content=\"1 minute\" \/>\n<script type=\"application\/ld+json\" class=\"yoast-schema-graph\">{\"@context\":\"https:\\\/\\\/schema.org\",\"@graph\":[{\"@type\":\"WebPage\",\"@id\":\"https:\\\/\\\/www.flavex.com\\\/fr\\\/produkt\\\/103_001\\\/\",\"url\":\"https:\\\/\\\/www.flavex.com\\\/fr\\\/produkt\\\/103_024\\\/\",\"name\":\"Origan (feuilles) extrait CO2-se, type ph\u00e9nol Product-No.: 103.001 - FLAVEX Naturextrakte GmbH\",\"isPartOf\":{\"@id\":\"https:\\\/\\\/www.flavex.com\\\/fr\\\/#website\"},\"primaryImageOfPage\":{\"@id\":\"https:\\\/\\\/www.flavex.com\\\/fr\\\/produkt\\\/103_024\\\/#primaryimage\"},\"image\":{\"@id\":\"https:\\\/\\\/www.flavex.com\\\/fr\\\/produkt\\\/103_024\\\/#primaryimage\"},\"thumbnailUrl\":\"https:\\\/\\\/www.flavex.com\\\/wp-content\\\/uploads\\\/2021\\\/01\\\/Oregano.jpg\",\"datePublished\":\"2021-02-23T18:06:26+00:00\",\"dateModified\":\"2025-08-01T15:29:16+00:00\",\"description\":\"CO2-Extrakt von FLAVEX Naturextrakte GmbH: Origan (feuilles) extrait CO2-se, type ph\u00e9nol Product-No.: 103.001 - jetzt Informieren!\",\"breadcrumb\":{\"@id\":\"https:\\\/\\\/www.flavex.com\\\/fr\\\/produkt\\\/103_024\\\/#breadcrumb\"},\"inLanguage\":\"fr-FR\",\"potentialAction\":[{\"@type\":\"ReadAction\",\"target\":[\"https:\\\/\\\/www.flavex.com\\\/fr\\\/produkt\\\/103_024\\\/\"]}]},{\"@type\":\"ImageObject\",\"inLanguage\":\"fr-FR\",\"@id\":\"https:\\\/\\\/www.flavex.com\\\/fr\\\/produkt\\\/103_024\\\/#primaryimage\",\"url\":\"https:\\\/\\\/www.flavex.com\\\/wp-content\\\/uploads\\\/2021\\\/01\\\/Oregano.jpg\",\"contentUrl\":\"https:\\\/\\\/www.flavex.com\\\/wp-content\\\/uploads\\\/2021\\\/01\\\/Oregano.jpg\",\"width\":500,\"height\":500,\"caption\":\"Oregano\"},{\"@type\":\"BreadcrumbList\",\"@id\":\"https:\\\/\\\/www.flavex.com\\\/fr\\\/produkt\\\/103_024\\\/#breadcrumb\",\"itemListElement\":[{\"@type\":\"ListItem\",\"position\":1,\"name\":\"Home\",\"item\":\"https:\\\/\\\/www.flavex.com\\\/fr\\\/\"},{\"@type\":\"ListItem\",\"position\":2,\"name\":\"Produits\",\"item\":\"https:\\\/\\\/www.flavex.com\\\/fr\\\/shop\\\/\"},{\"@type\":\"ListItem\",\"position\":3,\"name\":\"Origan (feuilles) extrait CO2-se, type ph\u00e9nol Product-No.: 103.001\"}]},{\"@type\":\"WebSite\",\"@id\":\"https:\\\/\\\/www.flavex.com\\\/fr\\\/#website\",\"url\":\"https:\\\/\\\/www.flavex.com\\\/fr\\\/\",\"name\":\"Flavex Naturextrakte GmbH\",\"description\":\"CO&lt;sub&gt;2&lt;\\\/sub&gt; Extrakte\",\"publisher\":{\"@id\":\"https:\\\/\\\/www.flavex.com\\\/fr\\\/#organization\"},\"alternateName\":\"Flavex Naturextrakte GmbH\",\"potentialAction\":[{\"@type\":\"SearchAction\",\"target\":{\"@type\":\"EntryPoint\",\"urlTemplate\":\"https:\\\/\\\/www.flavex.com\\\/fr\\\/?s={search_term_string}\"},\"query-input\":{\"@type\":\"PropertyValueSpecification\",\"valueRequired\":true,\"valueName\":\"search_term_string\"}}],\"inLanguage\":\"fr-FR\"},{\"@type\":\"Organization\",\"@id\":\"https:\\\/\\\/www.flavex.com\\\/fr\\\/#organization\",\"name\":\"FLAVEX Naturextrakte GmbH\",\"alternateName\":\"Flavex Naturextrakte GmbH\",\"url\":\"https:\\\/\\\/www.flavex.com\\\/fr\\\/\",\"logo\":{\"@type\":\"ImageObject\",\"inLanguage\":\"fr-FR\",\"@id\":\"https:\\\/\\\/www.flavex.com\\\/fr\\\/#\\\/schema\\\/logo\\\/image\\\/\",\"url\":\"https:\\\/\\\/www.flavex.com\\\/wp-content\\\/uploads\\\/2021\\\/01\\\/cropped-logo.png\",\"contentUrl\":\"https:\\\/\\\/www.flavex.com\\\/wp-content\\\/uploads\\\/2021\\\/01\\\/cropped-logo.png\",\"width\":269,\"height\":100,\"caption\":\"FLAVEX Naturextrakte GmbH\"},\"image\":{\"@id\":\"https:\\\/\\\/www.flavex.com\\\/fr\\\/#\\\/schema\\\/logo\\\/image\\\/\"}}]}<\/script>\n<!-- \/ Yoast SEO plugin. -->","yoast_head_json":{"title":"Origan (feuilles) extrait CO2-se, type ph\u00e9nol Product-No.: 103.001 - FLAVEX Naturextrakte GmbH","description":"CO2-Extrakt von FLAVEX Naturextrakte GmbH: Origan (feuilles) extrait CO2-se, type ph\u00e9nol Product-No.: 103.001 - jetzt Informieren!","robots":{"index":"index","follow":"follow","max-snippet":"max-snippet:-1","max-image-preview":"max-image-preview:large","max-video-preview":"max-video-preview:-1"},"canonical":"https:\/\/www.flavex.com\/fr\/produkt\/103_024\/","og_locale":"fr_FR","og_type":"article","og_title":"Origan (feuilles) extrait CO2-se, type ph\u00e9nol Product-No.: 103.001 - FLAVEX Naturextrakte GmbH","og_description":"CO2-Extrakt von FLAVEX Naturextrakte GmbH: Origan (feuilles) extrait CO2-se, type ph\u00e9nol Product-No.: 103.001 - jetzt Informieren!","og_url":"https:\/\/www.flavex.com\/fr\/produkt\/103_024\/","og_site_name":"FLAVEX Naturextrakte GmbH","article_modified_time":"2025-08-01T15:29:16+00:00","og_image":[{"width":500,"height":500,"url":"https:\/\/www.flavex.com\/wp-content\/uploads\/2021\/01\/Oregano.jpg","type":"image\/jpeg"}],"twitter_card":"summary_large_image","twitter_misc":{"Dur\u00e9e de lecture estim\u00e9e":"1 minute"},"schema":{"@context":"https:\/\/schema.org","@graph":[{"@type":"WebPage","@id":"https:\/\/www.flavex.com\/fr\/produkt\/103_001\/","url":"https:\/\/www.flavex.com\/fr\/produkt\/103_024\/","name":"Origan (feuilles) extrait CO2-se, type ph\u00e9nol Product-No.: 103.001 - FLAVEX Naturextrakte GmbH","isPartOf":{"@id":"https:\/\/www.flavex.com\/fr\/#website"},"primaryImageOfPage":{"@id":"https:\/\/www.flavex.com\/fr\/produkt\/103_024\/#primaryimage"},"image":{"@id":"https:\/\/www.flavex.com\/fr\/produkt\/103_024\/#primaryimage"},"thumbnailUrl":"https:\/\/www.flavex.com\/wp-content\/uploads\/2021\/01\/Oregano.jpg","datePublished":"2021-02-23T18:06:26+00:00","dateModified":"2025-08-01T15:29:16+00:00","description":"CO2-Extrakt von FLAVEX Naturextrakte GmbH: Origan (feuilles) extrait CO2-se, type ph\u00e9nol Product-No.: 103.001 - jetzt Informieren!","breadcrumb":{"@id":"https:\/\/www.flavex.com\/fr\/produkt\/103_024\/#breadcrumb"},"inLanguage":"fr-FR","potentialAction":[{"@type":"ReadAction","target":["https:\/\/www.flavex.com\/fr\/produkt\/103_024\/"]}]},{"@type":"ImageObject","inLanguage":"fr-FR","@id":"https:\/\/www.flavex.com\/fr\/produkt\/103_024\/#primaryimage","url":"https:\/\/www.flavex.com\/wp-content\/uploads\/2021\/01\/Oregano.jpg","contentUrl":"https:\/\/www.flavex.com\/wp-content\/uploads\/2021\/01\/Oregano.jpg","width":500,"height":500,"caption":"Oregano"},{"@type":"BreadcrumbList","@id":"https:\/\/www.flavex.com\/fr\/produkt\/103_024\/#breadcrumb","itemListElement":[{"@type":"ListItem","position":1,"name":"Home","item":"https:\/\/www.flavex.com\/fr\/"},{"@type":"ListItem","position":2,"name":"Produits","item":"https:\/\/www.flavex.com\/fr\/shop\/"},{"@type":"ListItem","position":3,"name":"Origan (feuilles) extrait CO2-se, type ph\u00e9nol Product-No.: 103.001"}]},{"@type":"WebSite","@id":"https:\/\/www.flavex.com\/fr\/#website","url":"https:\/\/www.flavex.com\/fr\/","name":"Flavex Naturextrakte GmbH","description":"CO&lt;sub&gt;2&lt;\/sub&gt; Extrakte","publisher":{"@id":"https:\/\/www.flavex.com\/fr\/#organization"},"alternateName":"Flavex Naturextrakte GmbH","potentialAction":[{"@type":"SearchAction","target":{"@type":"EntryPoint","urlTemplate":"https:\/\/www.flavex.com\/fr\/?s={search_term_string}"},"query-input":{"@type":"PropertyValueSpecification","valueRequired":true,"valueName":"search_term_string"}}],"inLanguage":"fr-FR"},{"@type":"Organization","@id":"https:\/\/www.flavex.com\/fr\/#organization","name":"FLAVEX Naturextrakte GmbH","alternateName":"Flavex Naturextrakte GmbH","url":"https:\/\/www.flavex.com\/fr\/","logo":{"@type":"ImageObject","inLanguage":"fr-FR","@id":"https:\/\/www.flavex.com\/fr\/#\/schema\/logo\/image\/","url":"https:\/\/www.flavex.com\/wp-content\/uploads\/2021\/01\/cropped-logo.png","contentUrl":"https:\/\/www.flavex.com\/wp-content\/uploads\/2021\/01\/cropped-logo.png","width":269,"height":100,"caption":"FLAVEX Naturextrakte GmbH"},"image":{"@id":"https:\/\/www.flavex.com\/fr\/#\/schema\/logo\/image\/"}}]}},"_links":{"self":[{"href":"https:\/\/www.flavex.com\/fr\/wp-json\/wp\/v2\/product\/14814","targetHints":{"allow":["GET"]}}],"collection":[{"href":"https:\/\/www.flavex.com\/fr\/wp-json\/wp\/v2\/product"}],"about":[{"href":"https:\/\/www.flavex.com\/fr\/wp-json\/wp\/v2\/types\/product"}],"wp:featuredmedia":[{"embeddable":true,"href":"https:\/\/www.flavex.com\/fr\/wp-json\/wp\/v2\/media\/15033"}],"wp:attachment":[{"href":"https:\/\/www.flavex.com\/fr\/wp-json\/wp\/v2\/media?parent=14814"}],"wp:term":[{"taxonomy":"product_brand","embeddable":true,"href":"https:\/\/www.flavex.com\/fr\/wp-json\/wp\/v2\/product_brand?post=14814"},{"taxonomy":"product_cat","embeddable":true,"href":"https:\/\/www.flavex.com\/fr\/wp-json\/wp\/v2\/product_cat?post=14814"},{"taxonomy":"product_tag","embeddable":true,"href":"https:\/\/www.flavex.com\/fr\/wp-json\/wp\/v2\/product_tag?post=14814"}],"curies":[{"name":"wp","href":"https:\/\/api.w.org\/{rel}","templated":true}]}}