{"id":14836,"date":"2021-03-03T14:29:47","date_gmt":"2021-02-23T18:07:24","guid":{"rendered":"https:\/\/www.flavex.com\/produkt\/dillsamen-co2-se-extrakt-dillapiol-typ-non-102-001\/"},"modified":"2025-07-31T16:29:40","modified_gmt":"2025-07-31T14:29:40","slug":"102_001","status":"publish","type":"product","link":"https:\/\/www.flavex.com\/fr\/produkt\/102_001\/","title":{"rendered":"Aneth (graines) extrait CO2-se, type dillapiol <br\/>Product-No.: 102.001"},"content":{"rendered":"","protected":false},"excerpt":{"rendered":"<b>Mati\u00e8res Premi\u00e8res:<\/b>\r\nAnethum sowa &#8211; Seeds, dried\r\n\r\n<b>Fabrication:<\/b>\r\nBy supercritical fluid extraction with natural carbon dioxide, no solvent residues, no inorganic salts, no heavy metals, no reproducible microorganisms [1].\r\n\r\n<b>Ingr\u00e9dients:<\/b>\r\nvoir sp\u00e9cifications\r\n\r\n<b>Utilisation:<\/b>\r\nDue to their antispasmodic, antibacterial and digestive effects, dill seeds are used in folk medicine to treat digestive problems with symptoms such as spasm, bloating or flatulence. Indian medicine also uses dill seeds to treat bad breath, worms and respiratory problems [2].*\r\n\r\nThe dill extract can be used as flavouring in food industry. The flavour is suitable for meat, fish or for seasoning sauces [3]. Furthermore the usage in liquor industry is possible.*\r\n\r\nDue to its antispasmodic and digestive properties, the extract is suitable for supporting digestion and general well-being in food supplements.*\r\n\r\nAccording to studies, the dill extract with a high content of essential oil helps to strengthen the firmness and elasticity of the skin and generally improve the appearance of the skin. The extract is therefore suitable for use in anti-aging products [4]. Due to its aromatic flavour, the essential oil can also be used as a fragrance in various cosmetic products such as creams and perfumes.*\r\n\r\n<b>Litt\u00e9rature:<\/b>\r\n[1] P. Manninen, E. H\u00e4iv\u00e4l\u00e4, S. Sarimo, H. Kallio : Distribution of microbes in supercritical CO2 extraction of sea buckthorn (Hippophae rhamnoides) oils : Zeitschrift f\u00fcr Lebensmitteluntersuchung und -Forschung \/ Springerverlag (1997) 204: 202-205\r\n[2] S. Schmidt, M. F. Melzig : Anethum graveolens L. : Z Phytother 2013\r\n34(05): 249-254\r\n[3] S. Jana, G. S. Shekhawat : Anethum graveolens: An Indian traditional medicinal herb and spice : Pharmacogn Rev. 2010 Jul-Dec\r\n4(8): 179\u2013184.\r\n[4] Sohm et al. : Evaluation of the efficacy of a dill extract in vitro and in vivo : International journal of cosmetic science 33.2, 157-163 (2011)","protected":false},"featured_media":14515,"template":"","meta":{"_acf_changed":false},"product_brand":[],"product_cat":[71],"product_tag":[],"class_list":{"0":"post-14836","1":"product","2":"type-product","3":"status-publish","4":"has-post-thumbnail","6":"product_cat-tous-les-produits","7":"infinite-scroll-item","9":"first","10":"instock","11":"product-type-simple"},"acf":[],"yoast_head":"<!-- This site is optimized with the Yoast SEO plugin v27.3 - https:\/\/yoast.com\/product\/yoast-seo-wordpress\/ -->\n<title>Aneth (graines) extrait CO2-se, type dillapiol Product-No.: 102.001 - FLAVEX Naturextrakte GmbH<\/title>\n<meta name=\"description\" content=\"CO2-Extrakt von FLAVEX Naturextrakte GmbH: Aneth (graines) extrait CO2-se, type dillapiol Product-No.: 102.001 - jetzt Informieren!\" \/>\n<meta name=\"robots\" content=\"index, follow, max-snippet:-1, max-image-preview:large, max-video-preview:-1\" \/>\n<link rel=\"canonical\" href=\"https:\/\/www.flavex.com\/fr\/produkt\/102_004\/\" \/>\n<meta property=\"og:locale\" content=\"fr_FR\" \/>\n<meta property=\"og:type\" content=\"article\" \/>\n<meta property=\"og:title\" content=\"Aneth (graines) extrait CO2-se, type dillapiol Product-No.: 102.001 - FLAVEX Naturextrakte GmbH\" \/>\n<meta property=\"og:description\" content=\"CO2-Extrakt von FLAVEX Naturextrakte GmbH: Aneth (graines) extrait CO2-se, type dillapiol Product-No.: 102.001 - jetzt Informieren!\" \/>\n<meta property=\"og:url\" content=\"https:\/\/www.flavex.com\/fr\/produkt\/102_004\/\" \/>\n<meta property=\"og:site_name\" content=\"FLAVEX Naturextrakte GmbH\" \/>\n<meta property=\"article:modified_time\" content=\"2025-07-31T14:29:40+00:00\" \/>\n<meta property=\"og:image\" content=\"https:\/\/www.flavex.com\/wp-content\/uploads\/2021\/02\/dillsamen.jpg\" \/>\n\t<meta property=\"og:image:width\" content=\"300\" \/>\n\t<meta property=\"og:image:height\" content=\"300\" \/>\n\t<meta property=\"og:image:type\" content=\"image\/jpeg\" \/>\n<meta name=\"twitter:card\" content=\"summary_large_image\" \/>\n<meta name=\"twitter:label1\" content=\"Dur\u00e9e de lecture estim\u00e9e\" \/>\n\t<meta name=\"twitter:data1\" content=\"1 minute\" \/>\n<script type=\"application\/ld+json\" class=\"yoast-schema-graph\">{\"@context\":\"https:\\\/\\\/schema.org\",\"@graph\":[{\"@type\":\"WebPage\",\"@id\":\"https:\\\/\\\/www.flavex.com\\\/fr\\\/produkt\\\/102_001\\\/\",\"url\":\"https:\\\/\\\/www.flavex.com\\\/fr\\\/produkt\\\/102_004\\\/\",\"name\":\"Aneth (graines) extrait CO2-se, type dillapiol Product-No.: 102.001 - FLAVEX Naturextrakte GmbH\",\"isPartOf\":{\"@id\":\"https:\\\/\\\/www.flavex.com\\\/fr\\\/#website\"},\"primaryImageOfPage\":{\"@id\":\"https:\\\/\\\/www.flavex.com\\\/fr\\\/produkt\\\/102_004\\\/#primaryimage\"},\"image\":{\"@id\":\"https:\\\/\\\/www.flavex.com\\\/fr\\\/produkt\\\/102_004\\\/#primaryimage\"},\"thumbnailUrl\":\"https:\\\/\\\/www.flavex.com\\\/wp-content\\\/uploads\\\/2021\\\/02\\\/dillsamen.jpg\",\"datePublished\":\"2021-02-23T18:07:24+00:00\",\"dateModified\":\"2025-07-31T14:29:40+00:00\",\"description\":\"CO2-Extrakt von FLAVEX Naturextrakte GmbH: Aneth (graines) extrait CO2-se, type dillapiol Product-No.: 102.001 - jetzt Informieren!\",\"breadcrumb\":{\"@id\":\"https:\\\/\\\/www.flavex.com\\\/fr\\\/produkt\\\/102_004\\\/#breadcrumb\"},\"inLanguage\":\"fr-FR\",\"potentialAction\":[{\"@type\":\"ReadAction\",\"target\":[\"https:\\\/\\\/www.flavex.com\\\/fr\\\/produkt\\\/102_004\\\/\"]}]},{\"@type\":\"ImageObject\",\"inLanguage\":\"fr-FR\",\"@id\":\"https:\\\/\\\/www.flavex.com\\\/fr\\\/produkt\\\/102_004\\\/#primaryimage\",\"url\":\"https:\\\/\\\/www.flavex.com\\\/wp-content\\\/uploads\\\/2021\\\/02\\\/dillsamen.jpg\",\"contentUrl\":\"https:\\\/\\\/www.flavex.com\\\/wp-content\\\/uploads\\\/2021\\\/02\\\/dillsamen.jpg\",\"width\":300,\"height\":300,\"caption\":\"Dillsamen\"},{\"@type\":\"BreadcrumbList\",\"@id\":\"https:\\\/\\\/www.flavex.com\\\/fr\\\/produkt\\\/102_004\\\/#breadcrumb\",\"itemListElement\":[{\"@type\":\"ListItem\",\"position\":1,\"name\":\"Home\",\"item\":\"https:\\\/\\\/www.flavex.com\\\/fr\\\/\"},{\"@type\":\"ListItem\",\"position\":2,\"name\":\"Produits\",\"item\":\"https:\\\/\\\/www.flavex.com\\\/fr\\\/shop\\\/\"},{\"@type\":\"ListItem\",\"position\":3,\"name\":\"Aneth (graines) extrait CO2-se, type dillapiol Product-No.: 102.001\"}]},{\"@type\":\"WebSite\",\"@id\":\"https:\\\/\\\/www.flavex.com\\\/fr\\\/#website\",\"url\":\"https:\\\/\\\/www.flavex.com\\\/fr\\\/\",\"name\":\"Flavex Naturextrakte GmbH\",\"description\":\"CO&lt;sub&gt;2&lt;\\\/sub&gt; Extrakte\",\"publisher\":{\"@id\":\"https:\\\/\\\/www.flavex.com\\\/fr\\\/#organization\"},\"alternateName\":\"Flavex Naturextrakte GmbH\",\"potentialAction\":[{\"@type\":\"SearchAction\",\"target\":{\"@type\":\"EntryPoint\",\"urlTemplate\":\"https:\\\/\\\/www.flavex.com\\\/fr\\\/?s={search_term_string}\"},\"query-input\":{\"@type\":\"PropertyValueSpecification\",\"valueRequired\":true,\"valueName\":\"search_term_string\"}}],\"inLanguage\":\"fr-FR\"},{\"@type\":\"Organization\",\"@id\":\"https:\\\/\\\/www.flavex.com\\\/fr\\\/#organization\",\"name\":\"FLAVEX Naturextrakte GmbH\",\"alternateName\":\"Flavex Naturextrakte GmbH\",\"url\":\"https:\\\/\\\/www.flavex.com\\\/fr\\\/\",\"logo\":{\"@type\":\"ImageObject\",\"inLanguage\":\"fr-FR\",\"@id\":\"https:\\\/\\\/www.flavex.com\\\/fr\\\/#\\\/schema\\\/logo\\\/image\\\/\",\"url\":\"https:\\\/\\\/www.flavex.com\\\/wp-content\\\/uploads\\\/2021\\\/01\\\/cropped-logo.png\",\"contentUrl\":\"https:\\\/\\\/www.flavex.com\\\/wp-content\\\/uploads\\\/2021\\\/01\\\/cropped-logo.png\",\"width\":269,\"height\":100,\"caption\":\"FLAVEX Naturextrakte GmbH\"},\"image\":{\"@id\":\"https:\\\/\\\/www.flavex.com\\\/fr\\\/#\\\/schema\\\/logo\\\/image\\\/\"}}]}<\/script>\n<!-- \/ Yoast SEO plugin. -->","yoast_head_json":{"title":"Aneth (graines) extrait CO2-se, type dillapiol Product-No.: 102.001 - FLAVEX Naturextrakte GmbH","description":"CO2-Extrakt von FLAVEX Naturextrakte GmbH: Aneth (graines) extrait CO2-se, type dillapiol Product-No.: 102.001 - jetzt Informieren!","robots":{"index":"index","follow":"follow","max-snippet":"max-snippet:-1","max-image-preview":"max-image-preview:large","max-video-preview":"max-video-preview:-1"},"canonical":"https:\/\/www.flavex.com\/fr\/produkt\/102_004\/","og_locale":"fr_FR","og_type":"article","og_title":"Aneth (graines) extrait CO2-se, type dillapiol Product-No.: 102.001 - FLAVEX Naturextrakte GmbH","og_description":"CO2-Extrakt von FLAVEX Naturextrakte GmbH: Aneth (graines) extrait CO2-se, type dillapiol Product-No.: 102.001 - jetzt Informieren!","og_url":"https:\/\/www.flavex.com\/fr\/produkt\/102_004\/","og_site_name":"FLAVEX Naturextrakte GmbH","article_modified_time":"2025-07-31T14:29:40+00:00","og_image":[{"width":300,"height":300,"url":"https:\/\/www.flavex.com\/wp-content\/uploads\/2021\/02\/dillsamen.jpg","type":"image\/jpeg"}],"twitter_card":"summary_large_image","twitter_misc":{"Dur\u00e9e de lecture estim\u00e9e":"1 minute"},"schema":{"@context":"https:\/\/schema.org","@graph":[{"@type":"WebPage","@id":"https:\/\/www.flavex.com\/fr\/produkt\/102_001\/","url":"https:\/\/www.flavex.com\/fr\/produkt\/102_004\/","name":"Aneth (graines) extrait CO2-se, type dillapiol Product-No.: 102.001 - FLAVEX Naturextrakte GmbH","isPartOf":{"@id":"https:\/\/www.flavex.com\/fr\/#website"},"primaryImageOfPage":{"@id":"https:\/\/www.flavex.com\/fr\/produkt\/102_004\/#primaryimage"},"image":{"@id":"https:\/\/www.flavex.com\/fr\/produkt\/102_004\/#primaryimage"},"thumbnailUrl":"https:\/\/www.flavex.com\/wp-content\/uploads\/2021\/02\/dillsamen.jpg","datePublished":"2021-02-23T18:07:24+00:00","dateModified":"2025-07-31T14:29:40+00:00","description":"CO2-Extrakt von FLAVEX Naturextrakte GmbH: Aneth (graines) extrait CO2-se, type dillapiol Product-No.: 102.001 - jetzt Informieren!","breadcrumb":{"@id":"https:\/\/www.flavex.com\/fr\/produkt\/102_004\/#breadcrumb"},"inLanguage":"fr-FR","potentialAction":[{"@type":"ReadAction","target":["https:\/\/www.flavex.com\/fr\/produkt\/102_004\/"]}]},{"@type":"ImageObject","inLanguage":"fr-FR","@id":"https:\/\/www.flavex.com\/fr\/produkt\/102_004\/#primaryimage","url":"https:\/\/www.flavex.com\/wp-content\/uploads\/2021\/02\/dillsamen.jpg","contentUrl":"https:\/\/www.flavex.com\/wp-content\/uploads\/2021\/02\/dillsamen.jpg","width":300,"height":300,"caption":"Dillsamen"},{"@type":"BreadcrumbList","@id":"https:\/\/www.flavex.com\/fr\/produkt\/102_004\/#breadcrumb","itemListElement":[{"@type":"ListItem","position":1,"name":"Home","item":"https:\/\/www.flavex.com\/fr\/"},{"@type":"ListItem","position":2,"name":"Produits","item":"https:\/\/www.flavex.com\/fr\/shop\/"},{"@type":"ListItem","position":3,"name":"Aneth (graines) extrait CO2-se, type dillapiol Product-No.: 102.001"}]},{"@type":"WebSite","@id":"https:\/\/www.flavex.com\/fr\/#website","url":"https:\/\/www.flavex.com\/fr\/","name":"Flavex Naturextrakte GmbH","description":"CO&lt;sub&gt;2&lt;\/sub&gt; Extrakte","publisher":{"@id":"https:\/\/www.flavex.com\/fr\/#organization"},"alternateName":"Flavex Naturextrakte GmbH","potentialAction":[{"@type":"SearchAction","target":{"@type":"EntryPoint","urlTemplate":"https:\/\/www.flavex.com\/fr\/?s={search_term_string}"},"query-input":{"@type":"PropertyValueSpecification","valueRequired":true,"valueName":"search_term_string"}}],"inLanguage":"fr-FR"},{"@type":"Organization","@id":"https:\/\/www.flavex.com\/fr\/#organization","name":"FLAVEX Naturextrakte GmbH","alternateName":"Flavex Naturextrakte GmbH","url":"https:\/\/www.flavex.com\/fr\/","logo":{"@type":"ImageObject","inLanguage":"fr-FR","@id":"https:\/\/www.flavex.com\/fr\/#\/schema\/logo\/image\/","url":"https:\/\/www.flavex.com\/wp-content\/uploads\/2021\/01\/cropped-logo.png","contentUrl":"https:\/\/www.flavex.com\/wp-content\/uploads\/2021\/01\/cropped-logo.png","width":269,"height":100,"caption":"FLAVEX Naturextrakte GmbH"},"image":{"@id":"https:\/\/www.flavex.com\/fr\/#\/schema\/logo\/image\/"}}]}},"_links":{"self":[{"href":"https:\/\/www.flavex.com\/fr\/wp-json\/wp\/v2\/product\/14836","targetHints":{"allow":["GET"]}}],"collection":[{"href":"https:\/\/www.flavex.com\/fr\/wp-json\/wp\/v2\/product"}],"about":[{"href":"https:\/\/www.flavex.com\/fr\/wp-json\/wp\/v2\/types\/product"}],"wp:featuredmedia":[{"embeddable":true,"href":"https:\/\/www.flavex.com\/fr\/wp-json\/wp\/v2\/media\/14515"}],"wp:attachment":[{"href":"https:\/\/www.flavex.com\/fr\/wp-json\/wp\/v2\/media?parent=14836"}],"wp:term":[{"taxonomy":"product_brand","embeddable":true,"href":"https:\/\/www.flavex.com\/fr\/wp-json\/wp\/v2\/product_brand?post=14836"},{"taxonomy":"product_cat","embeddable":true,"href":"https:\/\/www.flavex.com\/fr\/wp-json\/wp\/v2\/product_cat?post=14836"},{"taxonomy":"product_tag","embeddable":true,"href":"https:\/\/www.flavex.com\/fr\/wp-json\/wp\/v2\/product_tag?post=14836"}],"curies":[{"name":"wp","href":"https:\/\/api.w.org\/{rel}","templated":true}]}}