{"id":14868,"date":"2021-03-03T14:29:59","date_gmt":"2021-02-23T18:06:26","guid":{"rendered":"https:\/\/www.flavex.com\/produkt\/zimtrinden-burmannii-co2-to-extrakt-oekol-de-oeko-013-non-034-003\/"},"modified":"2025-08-01T09:50:17","modified_gmt":"2025-08-01T07:50:17","slug":"034_003","status":"publish","type":"product","link":"https:\/\/www.flavex.com\/fr\/produkt\/034_003\/","title":{"rendered":"Cannelle (\u00e9corce) burmannii extrait CO2-to (bio), DE-\u00d6KO-013<br\/> Product-No.: 034.003"},"content":{"rendered":"","protected":false},"excerpt":{"rendered":"<b>Mati\u00e8res Premi\u00e8res:<\/b>\r\nCinnamomum burmannii &#8211; Bark, from organic farming, dried\r\n\r\n<b>Fabrication:<\/b>\r\nBy supercritical fluid extraction with natural carbon dioxide, no solvent residues, no inorganic salts, no heavy metals, no reproducible microorganisms [1].\r\n\r\n<b>Ingr\u00e9dients:<\/b>\r\nvoir sp\u00e9cifications\r\n\r\n<b>Utilisation:<\/b>\r\nCinnamon extracts have antibacterial and antifungal properties. In folk medicine, Burmanni cinnamon is used to treat nausea, flatulence, cough, chest problems, diarrhoea and flu [2].*\r\n\r\nThe cinnamon extract can be used as a flavouring extract in chewing gum, confectionery, beverages and other foods, especially as a spice extract in baked goods.*\r\n\r\n&nbsp;\r\n\r\nDue to its aromatic flavour, cinnamon extract is suitable as a fragrance in the perfume industry and other cosmetic products. Because of its antibacterial properties, cinnamon extract inhibits the formation of plaque and can prevent inflammation of the dental gums. Therefore, the extract is useful in toothpaste or mouthwash [2].*\r\n\r\n<b>Litt\u00e9rature:<\/b>\r\n[1] P. Manninen, E. H\u00e4iv\u00e4l\u00e4, S. Sarimo, H. Kallio : Distribution of microbes in supercritical CO2 extraction of sea buckthorn (Hippophae rhamnoides) oils : Zeitschrift f\u00fcr Lebensmitteluntersuchung und -Forschung \/ Springerverlag (1997) 204: 202-205\r\n[2] Bandar E. Al-Dhubiab : Pharmaceutical applications and phytochemical profile of Cinnamomum burmannii : Pharmacogn Rev. 2012 Jul-Dec\r\n6(12): 125\u2013131.\r\n\r\n&nbsp;","protected":false},"featured_media":15047,"template":"","meta":{"_acf_changed":false},"product_brand":[],"product_cat":[70,71],"product_tag":[],"class_list":{"0":"post-14868","1":"product","2":"type-product","3":"status-publish","4":"has-post-thumbnail","6":"product_cat-produits-biologiques","7":"product_cat-tous-les-produits","8":"infinite-scroll-item","10":"first","11":"instock","12":"product-type-simple"},"acf":[],"yoast_head":"<!-- This site is optimized with the Yoast SEO plugin v27.3 - https:\/\/yoast.com\/product\/yoast-seo-wordpress\/ -->\n<title>Cannelle (\u00e9corce) burmannii extrait CO2-to (bio), DE-\u00d6KO-013 Product-No.: 034.003 - FLAVEX Naturextrakte GmbH<\/title>\n<meta name=\"description\" content=\"CO2-Extrakt von FLAVEX Naturextrakte GmbH: Cannelle (\u00e9corce) burmannii extrait CO2-to (bio), DE-\u00d6KO-013 Product-No.: 034.003 - jetzt Informieren!\" \/>\n<meta name=\"robots\" content=\"index, follow, max-snippet:-1, max-image-preview:large, max-video-preview:-1\" \/>\n<link rel=\"canonical\" href=\"https:\/\/www.flavex.com\/fr\/produkt\/034_013\/\" \/>\n<meta property=\"og:locale\" content=\"fr_FR\" \/>\n<meta property=\"og:type\" content=\"article\" \/>\n<meta property=\"og:title\" content=\"Cannelle (\u00e9corce) burmannii extrait CO2-to (bio), DE-\u00d6KO-013 Product-No.: 034.003 - FLAVEX Naturextrakte GmbH\" \/>\n<meta property=\"og:description\" content=\"CO2-Extrakt von FLAVEX Naturextrakte GmbH: Cannelle (\u00e9corce) burmannii extrait CO2-to (bio), DE-\u00d6KO-013 Product-No.: 034.003 - jetzt Informieren!\" \/>\n<meta property=\"og:url\" content=\"https:\/\/www.flavex.com\/fr\/produkt\/034_013\/\" \/>\n<meta property=\"og:site_name\" content=\"FLAVEX Naturextrakte GmbH\" \/>\n<meta property=\"article:modified_time\" content=\"2025-08-01T07:50:17+00:00\" \/>\n<meta property=\"og:image\" content=\"https:\/\/www.flavex.com\/wp-content\/uploads\/2021\/01\/Zimtrinde-Burmannii.jpg\" \/>\n\t<meta property=\"og:image:width\" content=\"500\" \/>\n\t<meta property=\"og:image:height\" content=\"500\" \/>\n\t<meta property=\"og:image:type\" content=\"image\/jpeg\" \/>\n<meta name=\"twitter:card\" content=\"summary_large_image\" \/>\n<meta name=\"twitter:label1\" content=\"Dur\u00e9e de lecture estim\u00e9e\" \/>\n\t<meta name=\"twitter:data1\" content=\"1 minute\" \/>\n<script type=\"application\/ld+json\" class=\"yoast-schema-graph\">{\"@context\":\"https:\\\/\\\/schema.org\",\"@graph\":[{\"@type\":\"WebPage\",\"@id\":\"https:\\\/\\\/www.flavex.com\\\/fr\\\/produkt\\\/034_003\\\/\",\"url\":\"https:\\\/\\\/www.flavex.com\\\/fr\\\/produkt\\\/034_013\\\/\",\"name\":\"Cannelle (\u00e9corce) burmannii extrait CO2-to (bio), DE-\u00d6KO-013 Product-No.: 034.003 - FLAVEX Naturextrakte GmbH\",\"isPartOf\":{\"@id\":\"https:\\\/\\\/www.flavex.com\\\/fr\\\/#website\"},\"primaryImageOfPage\":{\"@id\":\"https:\\\/\\\/www.flavex.com\\\/fr\\\/produkt\\\/034_013\\\/#primaryimage\"},\"image\":{\"@id\":\"https:\\\/\\\/www.flavex.com\\\/fr\\\/produkt\\\/034_013\\\/#primaryimage\"},\"thumbnailUrl\":\"https:\\\/\\\/www.flavex.com\\\/wp-content\\\/uploads\\\/2021\\\/01\\\/Zimtrinde-Burmannii.jpg\",\"datePublished\":\"2021-02-23T18:06:26+00:00\",\"dateModified\":\"2025-08-01T07:50:17+00:00\",\"description\":\"CO2-Extrakt von FLAVEX Naturextrakte GmbH: Cannelle (\u00e9corce) burmannii extrait CO2-to (bio), DE-\u00d6KO-013 Product-No.: 034.003 - jetzt Informieren!\",\"breadcrumb\":{\"@id\":\"https:\\\/\\\/www.flavex.com\\\/fr\\\/produkt\\\/034_013\\\/#breadcrumb\"},\"inLanguage\":\"fr-FR\",\"potentialAction\":[{\"@type\":\"ReadAction\",\"target\":[\"https:\\\/\\\/www.flavex.com\\\/fr\\\/produkt\\\/034_013\\\/\"]}]},{\"@type\":\"ImageObject\",\"inLanguage\":\"fr-FR\",\"@id\":\"https:\\\/\\\/www.flavex.com\\\/fr\\\/produkt\\\/034_013\\\/#primaryimage\",\"url\":\"https:\\\/\\\/www.flavex.com\\\/wp-content\\\/uploads\\\/2021\\\/01\\\/Zimtrinde-Burmannii.jpg\",\"contentUrl\":\"https:\\\/\\\/www.flavex.com\\\/wp-content\\\/uploads\\\/2021\\\/01\\\/Zimtrinde-Burmannii.jpg\",\"width\":500,\"height\":500,\"caption\":\"Zimtrinde-Burmannii\"},{\"@type\":\"BreadcrumbList\",\"@id\":\"https:\\\/\\\/www.flavex.com\\\/fr\\\/produkt\\\/034_013\\\/#breadcrumb\",\"itemListElement\":[{\"@type\":\"ListItem\",\"position\":1,\"name\":\"Home\",\"item\":\"https:\\\/\\\/www.flavex.com\\\/fr\\\/\"},{\"@type\":\"ListItem\",\"position\":2,\"name\":\"Produits\",\"item\":\"https:\\\/\\\/www.flavex.com\\\/fr\\\/shop\\\/\"},{\"@type\":\"ListItem\",\"position\":3,\"name\":\"Cannelle (\u00e9corce) burmannii extrait CO2-to (bio), DE-\u00d6KO-013 Product-No.: 034.003\"}]},{\"@type\":\"WebSite\",\"@id\":\"https:\\\/\\\/www.flavex.com\\\/fr\\\/#website\",\"url\":\"https:\\\/\\\/www.flavex.com\\\/fr\\\/\",\"name\":\"Flavex Naturextrakte GmbH\",\"description\":\"CO&lt;sub&gt;2&lt;\\\/sub&gt; Extrakte\",\"publisher\":{\"@id\":\"https:\\\/\\\/www.flavex.com\\\/fr\\\/#organization\"},\"alternateName\":\"Flavex Naturextrakte GmbH\",\"potentialAction\":[{\"@type\":\"SearchAction\",\"target\":{\"@type\":\"EntryPoint\",\"urlTemplate\":\"https:\\\/\\\/www.flavex.com\\\/fr\\\/?s={search_term_string}\"},\"query-input\":{\"@type\":\"PropertyValueSpecification\",\"valueRequired\":true,\"valueName\":\"search_term_string\"}}],\"inLanguage\":\"fr-FR\"},{\"@type\":\"Organization\",\"@id\":\"https:\\\/\\\/www.flavex.com\\\/fr\\\/#organization\",\"name\":\"FLAVEX Naturextrakte GmbH\",\"alternateName\":\"Flavex Naturextrakte GmbH\",\"url\":\"https:\\\/\\\/www.flavex.com\\\/fr\\\/\",\"logo\":{\"@type\":\"ImageObject\",\"inLanguage\":\"fr-FR\",\"@id\":\"https:\\\/\\\/www.flavex.com\\\/fr\\\/#\\\/schema\\\/logo\\\/image\\\/\",\"url\":\"https:\\\/\\\/www.flavex.com\\\/wp-content\\\/uploads\\\/2021\\\/01\\\/cropped-logo.png\",\"contentUrl\":\"https:\\\/\\\/www.flavex.com\\\/wp-content\\\/uploads\\\/2021\\\/01\\\/cropped-logo.png\",\"width\":269,\"height\":100,\"caption\":\"FLAVEX Naturextrakte GmbH\"},\"image\":{\"@id\":\"https:\\\/\\\/www.flavex.com\\\/fr\\\/#\\\/schema\\\/logo\\\/image\\\/\"}}]}<\/script>\n<!-- \/ Yoast SEO plugin. -->","yoast_head_json":{"title":"Cannelle (\u00e9corce) burmannii extrait CO2-to (bio), DE-\u00d6KO-013 Product-No.: 034.003 - FLAVEX Naturextrakte GmbH","description":"CO2-Extrakt von FLAVEX Naturextrakte GmbH: Cannelle (\u00e9corce) burmannii extrait CO2-to (bio), DE-\u00d6KO-013 Product-No.: 034.003 - jetzt Informieren!","robots":{"index":"index","follow":"follow","max-snippet":"max-snippet:-1","max-image-preview":"max-image-preview:large","max-video-preview":"max-video-preview:-1"},"canonical":"https:\/\/www.flavex.com\/fr\/produkt\/034_013\/","og_locale":"fr_FR","og_type":"article","og_title":"Cannelle (\u00e9corce) burmannii extrait CO2-to (bio), DE-\u00d6KO-013 Product-No.: 034.003 - FLAVEX Naturextrakte GmbH","og_description":"CO2-Extrakt von FLAVEX Naturextrakte GmbH: Cannelle (\u00e9corce) burmannii extrait CO2-to (bio), DE-\u00d6KO-013 Product-No.: 034.003 - jetzt Informieren!","og_url":"https:\/\/www.flavex.com\/fr\/produkt\/034_013\/","og_site_name":"FLAVEX Naturextrakte GmbH","article_modified_time":"2025-08-01T07:50:17+00:00","og_image":[{"width":500,"height":500,"url":"https:\/\/www.flavex.com\/wp-content\/uploads\/2021\/01\/Zimtrinde-Burmannii.jpg","type":"image\/jpeg"}],"twitter_card":"summary_large_image","twitter_misc":{"Dur\u00e9e de lecture estim\u00e9e":"1 minute"},"schema":{"@context":"https:\/\/schema.org","@graph":[{"@type":"WebPage","@id":"https:\/\/www.flavex.com\/fr\/produkt\/034_003\/","url":"https:\/\/www.flavex.com\/fr\/produkt\/034_013\/","name":"Cannelle (\u00e9corce) burmannii extrait CO2-to (bio), DE-\u00d6KO-013 Product-No.: 034.003 - FLAVEX Naturextrakte GmbH","isPartOf":{"@id":"https:\/\/www.flavex.com\/fr\/#website"},"primaryImageOfPage":{"@id":"https:\/\/www.flavex.com\/fr\/produkt\/034_013\/#primaryimage"},"image":{"@id":"https:\/\/www.flavex.com\/fr\/produkt\/034_013\/#primaryimage"},"thumbnailUrl":"https:\/\/www.flavex.com\/wp-content\/uploads\/2021\/01\/Zimtrinde-Burmannii.jpg","datePublished":"2021-02-23T18:06:26+00:00","dateModified":"2025-08-01T07:50:17+00:00","description":"CO2-Extrakt von FLAVEX Naturextrakte GmbH: Cannelle (\u00e9corce) burmannii extrait CO2-to (bio), DE-\u00d6KO-013 Product-No.: 034.003 - jetzt Informieren!","breadcrumb":{"@id":"https:\/\/www.flavex.com\/fr\/produkt\/034_013\/#breadcrumb"},"inLanguage":"fr-FR","potentialAction":[{"@type":"ReadAction","target":["https:\/\/www.flavex.com\/fr\/produkt\/034_013\/"]}]},{"@type":"ImageObject","inLanguage":"fr-FR","@id":"https:\/\/www.flavex.com\/fr\/produkt\/034_013\/#primaryimage","url":"https:\/\/www.flavex.com\/wp-content\/uploads\/2021\/01\/Zimtrinde-Burmannii.jpg","contentUrl":"https:\/\/www.flavex.com\/wp-content\/uploads\/2021\/01\/Zimtrinde-Burmannii.jpg","width":500,"height":500,"caption":"Zimtrinde-Burmannii"},{"@type":"BreadcrumbList","@id":"https:\/\/www.flavex.com\/fr\/produkt\/034_013\/#breadcrumb","itemListElement":[{"@type":"ListItem","position":1,"name":"Home","item":"https:\/\/www.flavex.com\/fr\/"},{"@type":"ListItem","position":2,"name":"Produits","item":"https:\/\/www.flavex.com\/fr\/shop\/"},{"@type":"ListItem","position":3,"name":"Cannelle (\u00e9corce) burmannii extrait CO2-to (bio), DE-\u00d6KO-013 Product-No.: 034.003"}]},{"@type":"WebSite","@id":"https:\/\/www.flavex.com\/fr\/#website","url":"https:\/\/www.flavex.com\/fr\/","name":"Flavex Naturextrakte GmbH","description":"CO&lt;sub&gt;2&lt;\/sub&gt; Extrakte","publisher":{"@id":"https:\/\/www.flavex.com\/fr\/#organization"},"alternateName":"Flavex Naturextrakte GmbH","potentialAction":[{"@type":"SearchAction","target":{"@type":"EntryPoint","urlTemplate":"https:\/\/www.flavex.com\/fr\/?s={search_term_string}"},"query-input":{"@type":"PropertyValueSpecification","valueRequired":true,"valueName":"search_term_string"}}],"inLanguage":"fr-FR"},{"@type":"Organization","@id":"https:\/\/www.flavex.com\/fr\/#organization","name":"FLAVEX Naturextrakte GmbH","alternateName":"Flavex Naturextrakte GmbH","url":"https:\/\/www.flavex.com\/fr\/","logo":{"@type":"ImageObject","inLanguage":"fr-FR","@id":"https:\/\/www.flavex.com\/fr\/#\/schema\/logo\/image\/","url":"https:\/\/www.flavex.com\/wp-content\/uploads\/2021\/01\/cropped-logo.png","contentUrl":"https:\/\/www.flavex.com\/wp-content\/uploads\/2021\/01\/cropped-logo.png","width":269,"height":100,"caption":"FLAVEX Naturextrakte GmbH"},"image":{"@id":"https:\/\/www.flavex.com\/fr\/#\/schema\/logo\/image\/"}}]}},"_links":{"self":[{"href":"https:\/\/www.flavex.com\/fr\/wp-json\/wp\/v2\/product\/14868","targetHints":{"allow":["GET"]}}],"collection":[{"href":"https:\/\/www.flavex.com\/fr\/wp-json\/wp\/v2\/product"}],"about":[{"href":"https:\/\/www.flavex.com\/fr\/wp-json\/wp\/v2\/types\/product"}],"wp:featuredmedia":[{"embeddable":true,"href":"https:\/\/www.flavex.com\/fr\/wp-json\/wp\/v2\/media\/15047"}],"wp:attachment":[{"href":"https:\/\/www.flavex.com\/fr\/wp-json\/wp\/v2\/media?parent=14868"}],"wp:term":[{"taxonomy":"product_brand","embeddable":true,"href":"https:\/\/www.flavex.com\/fr\/wp-json\/wp\/v2\/product_brand?post=14868"},{"taxonomy":"product_cat","embeddable":true,"href":"https:\/\/www.flavex.com\/fr\/wp-json\/wp\/v2\/product_cat?post=14868"},{"taxonomy":"product_tag","embeddable":true,"href":"https:\/\/www.flavex.com\/fr\/wp-json\/wp\/v2\/product_tag?post=14868"}],"curies":[{"name":"wp","href":"https:\/\/api.w.org\/{rel}","templated":true}]}}