{"id":14908,"date":"2021-03-03T14:30:12","date_gmt":"2021-02-23T18:06:38","guid":{"rendered":"https:\/\/www.flavex.com\/produkt\/massoiarinden-co2-se-extrakt-non-029-001\/"},"modified":"2022-08-16T16:18:13","modified_gmt":"2022-08-16T14:18:13","slug":"029_001","status":"publish","type":"product","link":"https:\/\/www.flavex.com\/fr\/produkt\/029_001\/","title":{"rendered":"Massoia (\u00e9corce) extrait CO2-se <br\/>Product-No.: 029.001"},"content":{"rendered":"","protected":false},"excerpt":{"rendered":"<b>Mati\u00e8res Premi\u00e8res:<\/b>\r\nCryptocaria massoia &#8211; Bark, dried\r\n\r\n<b>Fabrication:<\/b>\r\nBy supercritical fluid extraction with natural carbon dioxide, no solvent residues, no inorganic salts, no heavy metals, no reproducible microorganisms [1].\r\n\r\n<b>Ingr\u00e9dients:<\/b>\r\nvoir sp\u00e9cifications\r\n\r\n<b>Utilisation:<\/b>\r\n\r\nMassoiarinden CO2 extract is used to flavour food and beverages. Its sweet scent is reminiscent of coconut. It is used for flavouring e.g. butter, milk and dairy products, bakery and confectionery products, sweets, ice cream, popcorn, muesli. Massoia lactone has a pleasant, coconut-like fragrance that can be described as sweet, creamy and milky. Already a concentration of 20-50 ppm gives products a creamy, coconut-like note with greenish and slightly fruity nuances.*\r\n\r\n&nbsp;\r\n\r\nIFRA (International Fragrance Association) bans the use of massoia oil and massoia lactone because the toxicological evaluation of the ingredients has not been completed [2].*\r\n\r\n<b>Litt\u00e9rature:<\/b>\r\n[1] P. Manninen, E. H\u00e4iv\u00e4l\u00e4, S. Sarimo, H. Kallio : Distribution of microbes in supercritical CO2 extraction of sea buckthorn (Hippophae rhamnoides) oils : Zeitschrift f\u00fcr Lebensmitteluntersuchung und -Forschung \/ Springerverlag (1997) 204: 202-205\r\n[2] : IFRA Standards Booklet : IFRA &#8211; 47. \u00c4nderung 2013.","protected":false},"featured_media":15011,"template":"","meta":{"_acf_changed":false},"product_brand":[],"product_cat":[71],"product_tag":[],"class_list":{"0":"post-14908","1":"product","2":"type-product","3":"status-publish","4":"has-post-thumbnail","6":"product_cat-tous-les-produits","7":"infinite-scroll-item","9":"first","10":"instock","11":"product-type-simple"},"acf":[],"yoast_head":"<!-- This site is optimized with the Yoast SEO plugin v27.3 - https:\/\/yoast.com\/product\/yoast-seo-wordpress\/ -->\n<title>Massoia (\u00e9corce) extrait CO2-se Product-No.: 029.001 - FLAVEX Naturextrakte GmbH<\/title>\n<meta name=\"description\" content=\"CO2-Extrakt von FLAVEX Naturextrakte GmbH: Massoia (\u00e9corce) extrait CO2-se Product-No.: 029.001 - jetzt Informieren!\" \/>\n<meta name=\"robots\" content=\"index, follow, max-snippet:-1, max-image-preview:large, max-video-preview:-1\" \/>\n<link rel=\"canonical\" href=\"https:\/\/www.flavex.com\/fr\/produkt\/029_001\/\" \/>\n<meta property=\"og:locale\" content=\"fr_FR\" \/>\n<meta property=\"og:type\" content=\"article\" \/>\n<meta property=\"og:title\" content=\"Massoia (\u00e9corce) extrait CO2-se Product-No.: 029.001 - FLAVEX Naturextrakte GmbH\" \/>\n<meta property=\"og:description\" content=\"CO2-Extrakt von FLAVEX Naturextrakte GmbH: Massoia (\u00e9corce) extrait CO2-se Product-No.: 029.001 - jetzt Informieren!\" \/>\n<meta property=\"og:url\" content=\"https:\/\/www.flavex.com\/fr\/produkt\/029_001\/\" \/>\n<meta property=\"og:site_name\" content=\"FLAVEX Naturextrakte GmbH\" \/>\n<meta property=\"article:modified_time\" content=\"2022-08-16T14:18:13+00:00\" \/>\n<meta property=\"og:image\" content=\"https:\/\/www.flavex.com\/wp-content\/uploads\/2021\/01\/flavex-placeholder.png\" \/>\n\t<meta property=\"og:image:width\" content=\"500\" \/>\n\t<meta property=\"og:image:height\" content=\"500\" \/>\n\t<meta property=\"og:image:type\" content=\"image\/png\" \/>\n<meta name=\"twitter:card\" content=\"summary_large_image\" \/>\n<script type=\"application\/ld+json\" class=\"yoast-schema-graph\">{\"@context\":\"https:\\\/\\\/schema.org\",\"@graph\":[{\"@type\":\"WebPage\",\"@id\":\"https:\\\/\\\/www.flavex.com\\\/fr\\\/produkt\\\/029_001\\\/\",\"url\":\"https:\\\/\\\/www.flavex.com\\\/fr\\\/produkt\\\/029_001\\\/\",\"name\":\"Massoia (\u00e9corce) extrait CO2-se Product-No.: 029.001 - FLAVEX Naturextrakte GmbH\",\"isPartOf\":{\"@id\":\"https:\\\/\\\/www.flavex.com\\\/fr\\\/#website\"},\"primaryImageOfPage\":{\"@id\":\"https:\\\/\\\/www.flavex.com\\\/fr\\\/produkt\\\/029_001\\\/#primaryimage\"},\"image\":{\"@id\":\"https:\\\/\\\/www.flavex.com\\\/fr\\\/produkt\\\/029_001\\\/#primaryimage\"},\"thumbnailUrl\":\"https:\\\/\\\/www.flavex.com\\\/wp-content\\\/uploads\\\/2021\\\/01\\\/flavex-placeholder.png\",\"datePublished\":\"2021-02-23T18:06:38+00:00\",\"dateModified\":\"2022-08-16T14:18:13+00:00\",\"description\":\"CO2-Extrakt von FLAVEX Naturextrakte GmbH: Massoia (\u00e9corce) extrait CO2-se Product-No.: 029.001 - jetzt Informieren!\",\"breadcrumb\":{\"@id\":\"https:\\\/\\\/www.flavex.com\\\/fr\\\/produkt\\\/029_001\\\/#breadcrumb\"},\"inLanguage\":\"fr-FR\",\"potentialAction\":[{\"@type\":\"ReadAction\",\"target\":[\"https:\\\/\\\/www.flavex.com\\\/fr\\\/produkt\\\/029_001\\\/\"]}]},{\"@type\":\"ImageObject\",\"inLanguage\":\"fr-FR\",\"@id\":\"https:\\\/\\\/www.flavex.com\\\/fr\\\/produkt\\\/029_001\\\/#primaryimage\",\"url\":\"https:\\\/\\\/www.flavex.com\\\/wp-content\\\/uploads\\\/2021\\\/01\\\/flavex-placeholder.png\",\"contentUrl\":\"https:\\\/\\\/www.flavex.com\\\/wp-content\\\/uploads\\\/2021\\\/01\\\/flavex-placeholder.png\",\"width\":500,\"height\":500,\"caption\":\"Logo Flavex\"},{\"@type\":\"BreadcrumbList\",\"@id\":\"https:\\\/\\\/www.flavex.com\\\/fr\\\/produkt\\\/029_001\\\/#breadcrumb\",\"itemListElement\":[{\"@type\":\"ListItem\",\"position\":1,\"name\":\"Home\",\"item\":\"https:\\\/\\\/www.flavex.com\\\/fr\\\/\"},{\"@type\":\"ListItem\",\"position\":2,\"name\":\"Produits\",\"item\":\"https:\\\/\\\/www.flavex.com\\\/fr\\\/shop\\\/\"},{\"@type\":\"ListItem\",\"position\":3,\"name\":\"Massoia (\u00e9corce) extrait CO2-se Product-No.: 029.001\"}]},{\"@type\":\"WebSite\",\"@id\":\"https:\\\/\\\/www.flavex.com\\\/fr\\\/#website\",\"url\":\"https:\\\/\\\/www.flavex.com\\\/fr\\\/\",\"name\":\"Flavex Naturextrakte GmbH\",\"description\":\"CO&lt;sub&gt;2&lt;\\\/sub&gt; Extrakte\",\"publisher\":{\"@id\":\"https:\\\/\\\/www.flavex.com\\\/fr\\\/#organization\"},\"alternateName\":\"Flavex Naturextrakte GmbH\",\"potentialAction\":[{\"@type\":\"SearchAction\",\"target\":{\"@type\":\"EntryPoint\",\"urlTemplate\":\"https:\\\/\\\/www.flavex.com\\\/fr\\\/?s={search_term_string}\"},\"query-input\":{\"@type\":\"PropertyValueSpecification\",\"valueRequired\":true,\"valueName\":\"search_term_string\"}}],\"inLanguage\":\"fr-FR\"},{\"@type\":\"Organization\",\"@id\":\"https:\\\/\\\/www.flavex.com\\\/fr\\\/#organization\",\"name\":\"FLAVEX Naturextrakte GmbH\",\"alternateName\":\"Flavex Naturextrakte GmbH\",\"url\":\"https:\\\/\\\/www.flavex.com\\\/fr\\\/\",\"logo\":{\"@type\":\"ImageObject\",\"inLanguage\":\"fr-FR\",\"@id\":\"https:\\\/\\\/www.flavex.com\\\/fr\\\/#\\\/schema\\\/logo\\\/image\\\/\",\"url\":\"https:\\\/\\\/www.flavex.com\\\/wp-content\\\/uploads\\\/2021\\\/01\\\/cropped-logo.png\",\"contentUrl\":\"https:\\\/\\\/www.flavex.com\\\/wp-content\\\/uploads\\\/2021\\\/01\\\/cropped-logo.png\",\"width\":269,\"height\":100,\"caption\":\"FLAVEX Naturextrakte GmbH\"},\"image\":{\"@id\":\"https:\\\/\\\/www.flavex.com\\\/fr\\\/#\\\/schema\\\/logo\\\/image\\\/\"}}]}<\/script>\n<!-- \/ Yoast SEO plugin. -->","yoast_head_json":{"title":"Massoia (\u00e9corce) extrait CO2-se Product-No.: 029.001 - FLAVEX Naturextrakte GmbH","description":"CO2-Extrakt von FLAVEX Naturextrakte GmbH: Massoia (\u00e9corce) extrait CO2-se Product-No.: 029.001 - jetzt Informieren!","robots":{"index":"index","follow":"follow","max-snippet":"max-snippet:-1","max-image-preview":"max-image-preview:large","max-video-preview":"max-video-preview:-1"},"canonical":"https:\/\/www.flavex.com\/fr\/produkt\/029_001\/","og_locale":"fr_FR","og_type":"article","og_title":"Massoia (\u00e9corce) extrait CO2-se Product-No.: 029.001 - FLAVEX Naturextrakte GmbH","og_description":"CO2-Extrakt von FLAVEX Naturextrakte GmbH: Massoia (\u00e9corce) extrait CO2-se Product-No.: 029.001 - jetzt Informieren!","og_url":"https:\/\/www.flavex.com\/fr\/produkt\/029_001\/","og_site_name":"FLAVEX Naturextrakte GmbH","article_modified_time":"2022-08-16T14:18:13+00:00","og_image":[{"width":500,"height":500,"url":"https:\/\/www.flavex.com\/wp-content\/uploads\/2021\/01\/flavex-placeholder.png","type":"image\/png"}],"twitter_card":"summary_large_image","schema":{"@context":"https:\/\/schema.org","@graph":[{"@type":"WebPage","@id":"https:\/\/www.flavex.com\/fr\/produkt\/029_001\/","url":"https:\/\/www.flavex.com\/fr\/produkt\/029_001\/","name":"Massoia (\u00e9corce) extrait CO2-se Product-No.: 029.001 - FLAVEX Naturextrakte GmbH","isPartOf":{"@id":"https:\/\/www.flavex.com\/fr\/#website"},"primaryImageOfPage":{"@id":"https:\/\/www.flavex.com\/fr\/produkt\/029_001\/#primaryimage"},"image":{"@id":"https:\/\/www.flavex.com\/fr\/produkt\/029_001\/#primaryimage"},"thumbnailUrl":"https:\/\/www.flavex.com\/wp-content\/uploads\/2021\/01\/flavex-placeholder.png","datePublished":"2021-02-23T18:06:38+00:00","dateModified":"2022-08-16T14:18:13+00:00","description":"CO2-Extrakt von FLAVEX Naturextrakte GmbH: Massoia (\u00e9corce) extrait CO2-se Product-No.: 029.001 - jetzt Informieren!","breadcrumb":{"@id":"https:\/\/www.flavex.com\/fr\/produkt\/029_001\/#breadcrumb"},"inLanguage":"fr-FR","potentialAction":[{"@type":"ReadAction","target":["https:\/\/www.flavex.com\/fr\/produkt\/029_001\/"]}]},{"@type":"ImageObject","inLanguage":"fr-FR","@id":"https:\/\/www.flavex.com\/fr\/produkt\/029_001\/#primaryimage","url":"https:\/\/www.flavex.com\/wp-content\/uploads\/2021\/01\/flavex-placeholder.png","contentUrl":"https:\/\/www.flavex.com\/wp-content\/uploads\/2021\/01\/flavex-placeholder.png","width":500,"height":500,"caption":"Logo Flavex"},{"@type":"BreadcrumbList","@id":"https:\/\/www.flavex.com\/fr\/produkt\/029_001\/#breadcrumb","itemListElement":[{"@type":"ListItem","position":1,"name":"Home","item":"https:\/\/www.flavex.com\/fr\/"},{"@type":"ListItem","position":2,"name":"Produits","item":"https:\/\/www.flavex.com\/fr\/shop\/"},{"@type":"ListItem","position":3,"name":"Massoia (\u00e9corce) extrait CO2-se Product-No.: 029.001"}]},{"@type":"WebSite","@id":"https:\/\/www.flavex.com\/fr\/#website","url":"https:\/\/www.flavex.com\/fr\/","name":"Flavex Naturextrakte GmbH","description":"CO&lt;sub&gt;2&lt;\/sub&gt; Extrakte","publisher":{"@id":"https:\/\/www.flavex.com\/fr\/#organization"},"alternateName":"Flavex Naturextrakte GmbH","potentialAction":[{"@type":"SearchAction","target":{"@type":"EntryPoint","urlTemplate":"https:\/\/www.flavex.com\/fr\/?s={search_term_string}"},"query-input":{"@type":"PropertyValueSpecification","valueRequired":true,"valueName":"search_term_string"}}],"inLanguage":"fr-FR"},{"@type":"Organization","@id":"https:\/\/www.flavex.com\/fr\/#organization","name":"FLAVEX Naturextrakte GmbH","alternateName":"Flavex Naturextrakte GmbH","url":"https:\/\/www.flavex.com\/fr\/","logo":{"@type":"ImageObject","inLanguage":"fr-FR","@id":"https:\/\/www.flavex.com\/fr\/#\/schema\/logo\/image\/","url":"https:\/\/www.flavex.com\/wp-content\/uploads\/2021\/01\/cropped-logo.png","contentUrl":"https:\/\/www.flavex.com\/wp-content\/uploads\/2021\/01\/cropped-logo.png","width":269,"height":100,"caption":"FLAVEX Naturextrakte GmbH"},"image":{"@id":"https:\/\/www.flavex.com\/fr\/#\/schema\/logo\/image\/"}}]}},"_links":{"self":[{"href":"https:\/\/www.flavex.com\/fr\/wp-json\/wp\/v2\/product\/14908","targetHints":{"allow":["GET"]}}],"collection":[{"href":"https:\/\/www.flavex.com\/fr\/wp-json\/wp\/v2\/product"}],"about":[{"href":"https:\/\/www.flavex.com\/fr\/wp-json\/wp\/v2\/types\/product"}],"wp:featuredmedia":[{"embeddable":true,"href":"https:\/\/www.flavex.com\/fr\/wp-json\/wp\/v2\/media\/15011"}],"wp:attachment":[{"href":"https:\/\/www.flavex.com\/fr\/wp-json\/wp\/v2\/media?parent=14908"}],"wp:term":[{"taxonomy":"product_brand","embeddable":true,"href":"https:\/\/www.flavex.com\/fr\/wp-json\/wp\/v2\/product_brand?post=14908"},{"taxonomy":"product_cat","embeddable":true,"href":"https:\/\/www.flavex.com\/fr\/wp-json\/wp\/v2\/product_cat?post=14908"},{"taxonomy":"product_tag","embeddable":true,"href":"https:\/\/www.flavex.com\/fr\/wp-json\/wp\/v2\/product_tag?post=14908"}],"curies":[{"name":"wp","href":"https:\/\/api.w.org\/{rel}","templated":true}]}}